{"id":10066,"date":"2022-11-16T11:11:48","date_gmt":"2022-11-16T10:11:48","guid":{"rendered":"https:\/\/zenonsolidsurface.com\/gel-coat\/"},"modified":"2025-09-30T08:14:26","modified_gmt":"2025-09-30T06:14:26","slug":"gel-coat","status":"publish","type":"page","link":"https:\/\/zenonsurfaces.com\/de\/gel-coat\/","title":{"rendered":"Gel coat"},"content":{"rendered":"<p>[vc_row el_class=&#8220;breadcrumb&#8220;][vc_column][\/vc_column][\/vc_row][vc_row full_width=&#8220;stretch_row&#8220; el_class=&#8220;texto_general bloque_intro intro_top&#8220;][vc_column width=&#8220;1\/6&#8243;][\/vc_column][vc_column width=&#8220;2\/3&#8243;][vc_column_text]<\/p>\n<h2 style=\"text-align: center;\">Gel coat<\/h2>\n<h3 style=\"text-align: center;\">Gel Coat ist ein exquisites Material, das Ihre R\u00e4ume komfortabel und hochwertig macht.<\/h3>\n<p style=\"text-align: center;\">Unser Gel Coat Material zeichnet sich durch seine hohe H\u00e4rte und antibakteriellen Eigenschaften aus.<\/p>\n<p>[\/vc_column_text][\/vc_column][vc_column width=&#8220;1\/6&#8243;][\/vc_column][\/vc_row][vc_row full_width=&#8220;stretch_row_content_no_spaces&#8220; el_class=&#8220;banner_imagen_altura_completa&#8220; css=&#8220;.vc_custom_1668424422204{background-image: url(https:\/\/zenonsolidsurface.com\/wp-content\/uploads\/2022\/11\/gel-coat_portada-1.jpg?id=9632) !important;background-position: center !important;background-repeat: no-repeat !important;background-size: cover !important;}&#8220;][vc_column][\/vc_column][\/vc_row][vc_row el_class=&#8220;texto_general bloque_intro intro_imagen left&#8220;][vc_column width=&#8220;1\/2&#8243; el_class=&#8220;imagen&#8220;][vc_single_image image=&#8220;9615&#8243; img_size=&#8220;full&#8220; alignment=&#8220;center&#8220;][\/vc_column][vc_column width=&#8220;1\/2&#8243; el_class=&#8220;texto&#8220;][vc_row_inner][vc_column_inner width=&#8220;10\/12&#8243;][vc_column_text]<\/p>\n<h3>Hohe Widerstandsf\u00e4higkeit<\/h3>\n<p>Gel Coat ist ein Material, das in der Oberfl\u00e4chenschicht verwendet wird und die Masse aus mineralischem F\u00fcllstoff und Harz bedeckt. Diese Oberfl\u00e4chenschicht wird mit dem K\u00f6rper thermisch verschmolzen. Das Ergebnis ist ein hochwertiges Produkt, das auch den innovativsten Projekten gewachsen ist.<\/p>\n<p>Nur so kann sichergestellt werden, dass das Teil, das dem Gebrauch ausgesetzt ist, Aspekte wie hohe Schlagz\u00e4higkeit, H\u00e4rte, hervorragende Hydrolysebest\u00e4ndigkeit, minimale Porosit\u00e4t, antibakterielle Eigenschaften und Best\u00e4ndigkeit gegen chemische Aggressionen erf\u00fcllt.[\/vc_column_text][\/vc_column_inner][vc_column_inner width=&#8220;2\/12&#8243;][\/vc_column_inner][\/vc_row_inner][\/vc_column][\/vc_row][vc_row el_class=&#8220;texto_general bloque_intro intro_imagen right&#8220;][vc_column width=&#8220;1\/2&#8243; el_class=&#8220;texto&#8220;][vc_row_inner][vc_column_inner width=&#8220;2\/12&#8243;][\/vc_column_inner][vc_column_inner width=&#8220;10\/12&#8243;][vc_column_text]<\/p>\n<h3>Design und Funktionalit\u00e4t<\/h3>\n<p>Die Widerstandsf\u00e4higkeit und Zartheit von Gel Coat machen es zu einer idealen Wahl f\u00fcr Architekten und Innenarchitekten, die ein optimales Material f\u00fcr die modernsten Designs suchen.<\/p>\n<p>Gel Coat eignet sich f\u00fcr minimalistische oder klassische Umgebungen und ist ein einzigartiges Material, das bei Ihren Projekten nicht unbemerkt bleiben wird.<\/p>\n<p>Gel Coat passt in jedes Badezimmer und ist ein Material, das sich an den Raum anpasst und das sich schneiden l\u00e4sst, ohne an Qualit\u00e4t und Eleganz zu verlieren.[\/vc_column_text][\/vc_column_inner][\/vc_row_inner][\/vc_column][vc_column width=&#8220;1\/2&#8243; el_class=&#8220;imagen&#8220;][vc_single_image image=&#8220;9221&#8243; img_size=&#8220;full&#8220; alignment=&#8220;center&#8220;][\/vc_column][\/vc_row][vc_row el_class=&#8220;texto_general bloque_intro intro_imagen left&#8220;][vc_column width=&#8220;1\/2&#8243; el_class=&#8220;imagen&#8220;][vc_single_image image=&#8220;9643&#8243; img_size=&#8220;full&#8220; alignment=&#8220;center&#8220;][\/vc_column][vc_column width=&#8220;1\/2&#8243; el_class=&#8220;texto&#8220;][vc_row_inner][vc_column_inner width=&#8220;10\/12&#8243;][vc_column_text]<\/p>\n<h3>Zusammensetzung Gel Coat<\/h3>\n<p>Flexibles\/elastisches Polyesterharz<br \/>\nMineralische F\u00fcllstoffe<br \/>\nKatalysator\/Beschleuniger<br \/>\nInhibitoren<br \/>\nVerd\u00fcnner<br \/>\nPigmente\/Farbstoffe[\/vc_column_text][\/vc_column_inner][vc_column_inner width=&#8220;2\/12&#8243;][\/vc_column_inner][\/vc_row_inner][\/vc_column][\/vc_row][vc_row el_class=&#8220;texto_general bloque_intro intro_imagen right&#8220;][vc_column width=&#8220;1\/2&#8243; el_class=&#8220;texto&#8220;][vc_row_inner][vc_column_inner width=&#8220;2\/12&#8243;][\/vc_column_inner][vc_column_inner width=&#8220;10\/12&#8243;][vc_column_text]<\/p>\n<h3>Gel Coat Eigenschaften<\/h3>\n<p>Antibakteriell<br \/>\nHohe H\u00e4rte<br \/>\nAnti-absorbierende Oberfl\u00e4che<br \/>\nThermofusion<br \/>\nFormbare<\/p>\n<p>Erlaubt Texturen<br \/>\nEinheitliche Farben<br \/>\nSanfte Ber\u00fchrung<\/p>\n<p>Leicht zu reinigen<br \/>\nReparierbar<br \/>\nKann geschnitten werden<br \/>\nAnpassungsf\u00e4hig an den Raum<\/p>\n<p>Wiederverwertbar[\/vc_column_text][\/vc_column_inner][\/vc_row_inner][\/vc_column][vc_column width=&#8220;1\/2&#8243; el_class=&#8220;imagen&#8220;][vc_single_image image=&#8220;9648&#8243; img_size=&#8220;full&#8220; alignment=&#8220;center&#8220;][\/vc_column][\/vc_row][vc_row full_width=&#8220;stretch_row_content&#8220; el_class=&#8220;relacionados_ficha_coleccion contenido_ficha coleccion_page_similares&#8220; css=&#8220;.vc_custom_1642505050716{border-top-width: 1px !important;border-top-color: #000000 !important;border-top-style: solid !important;}&#8220;][vc_column][\/vc_column][\/vc_row][vc_row full_width=&#8220;stretch_row&#8220; el_class=&#8220;texto_general bloque_intro intro_top&#8220;][vc_column width=&#8220;1\/6&#8243;][\/vc_column][vc_column width=&#8220;2\/3&#8243;][vc_column_text]<\/p>\n<h2 style=\"text-align: center;\">Ausf\u00fchrungen<\/h2>\n<p style=\"text-align: center;\">Unser Gel Coat-Material ist in vier verschiedenen Ausf\u00fchrungen erh\u00e4ltlich und bringt nat\u00fcrliche Strukturen in Ihr Badezimmer.<\/p>\n<p>[\/vc_column_text][\/vc_column][vc_column width=&#8220;1\/6&#8243;][\/vc_column][\/vc_row][vc_row el_class=&#8220;row_colores_gel_coat&#8220;][vc_column width=&#8220;1\/12&#8243;][\/vc_column][vc_column width=&#8220;10\/12&#8243;][vc_row_inner][vc_column_inner width=&#8220;1\/4&#8243;][vc_single_image image=&#8220;10261&#8243; img_size=&#8220;full&#8220; alignment=&#8220;center&#8220;][vc_column_text]<\/p>\n<p style=\"text-align: center;\"><strong>Slate<\/strong><\/p>\n<p>[\/vc_column_text][\/vc_column_inner][vc_column_inner width=&#8220;1\/4&#8243;][vc_single_image image=&#8220;10265&#8243; img_size=&#8220;full&#8220; alignment=&#8220;center&#8220;][vc_column_text]<\/p>\n<p style=\"text-align: center;\"><strong>Soft<\/strong><\/p>\n<p>[\/vc_column_text][\/vc_column_inner][vc_column_inner width=&#8220;1\/4&#8243;][vc_single_image image=&#8220;10269&#8243; img_size=&#8220;full&#8220; alignment=&#8220;center&#8220;][vc_column_text]<\/p>\n<p style=\"text-align: center;\"><strong>Stone<\/strong><\/p>\n<p>[\/vc_column_text][\/vc_column_inner][vc_column_inner width=&#8220;1\/4&#8243;][vc_single_image image=&#8220;10273&#8243; img_size=&#8220;full&#8220; alignment=&#8220;center&#8220;][vc_column_text]<\/p>\n<p style=\"text-align: center;\"><strong>Korvit<\/strong><\/p>\n<p>[\/vc_column_text][\/vc_column_inner][\/vc_row_inner][\/vc_column][vc_column width=&#8220;1\/12&#8243;][\/vc_column][\/vc_row][vc_row full_width=&#8220;stretch_row&#8220; el_class=&#8220;texto_general bloque_intro intro_top&#8220;][vc_column width=&#8220;1\/6&#8243;][\/vc_column][vc_column width=&#8220;2\/3&#8243;][vc_column_text]<\/p>\n<h2 style=\"text-align: center;\">Standard Farben<\/h2>\n<p style=\"text-align: center;\">F\u00fcr zus\u00e4tzliche Vielseitigkeit ist Gel Coat in zw\u00f6lf Farben in neutralen T\u00f6nen erh\u00e4ltlich, die perfekt zu jedem Stil passen.<\/p>\n<p style=\"text-align: center;\">Sie k\u00f6nnen sowohl im Innen- als auch im Au\u00dfenbereich auf der gesamten Oberfl\u00e4che des Produkts angebracht werden.<\/p>\n<p>[\/vc_column_text][\/vc_column][vc_column width=&#8220;1\/6&#8243;][\/vc_column][\/vc_row][vc_row el_class=&#8220;row_colores_gel_coat&#8220;][vc_column width=&#8220;1\/12&#8243;][\/vc_column][vc_column width=&#8220;10\/12&#8243;][vc_row_inner][vc_column_inner width=&#8220;1\/4&#8243;][vc_single_image image=&#8220;9896&#8243; img_size=&#8220;full&#8220; alignment=&#8220;center&#8220;][vc_column_text]<\/p>\n<p style=\"text-align: center;\"><strong>Natural | Ral 9001<\/strong><\/p>\n<p>[\/vc_column_text][\/vc_column_inner][vc_column_inner width=&#8220;1\/4&#8243;][vc_single_image image=&#8220;9884&#8243; img_size=&#8220;full&#8220; alignment=&#8220;center&#8220;][vc_column_text]<\/p>\n<p style=\"text-align: center;\"><strong>Cream | Ral 1019<\/strong><\/p>\n<p>[\/vc_column_text][\/vc_column_inner][vc_column_inner width=&#8220;1\/4&#8243;][vc_single_image image=&#8220;9892&#8243; img_size=&#8220;full&#8220; alignment=&#8220;center&#8220;][vc_column_text]<\/p>\n<p style=\"text-align: center;\"><strong>Moka | Ral 7006<\/strong><\/p>\n<p>[\/vc_column_text][\/vc_column_inner][vc_column_inner width=&#8220;1\/4&#8243;][vc_single_image image=&#8220;9908&#8243; img_size=&#8220;full&#8220; alignment=&#8220;center&#8220;][vc_column_text]<\/p>\n<p style=\"text-align: center;\"><strong>Nieve | Ral 9003<\/strong><\/p>\n<p>[\/vc_column_text][\/vc_column_inner][\/vc_row_inner][vc_row_inner][vc_column_inner width=&#8220;1\/4&#8243;][vc_single_image image=&#8220;9904&#8243; img_size=&#8220;full&#8220; alignment=&#8220;center&#8220;][vc_column_text]<\/p>\n<p style=\"text-align: center;\"><strong>New Pearl | Ral 7044<\/strong><\/p>\n<p>[\/vc_column_text][\/vc_column_inner][vc_column_inner width=&#8220;1\/4&#8243;][vc_single_image image=&#8220;9904&#8243; img_size=&#8220;full&#8220; alignment=&#8220;center&#8220;][vc_column_text]<\/p>\n<p style=\"text-align: center;\"><strong>Perla | Ral 7035<\/strong><\/p>\n<p>[\/vc_column_text][\/vc_column_inner][vc_column_inner width=&#8220;1\/4&#8243;][vc_single_image image=&#8220;9920&#8243; img_size=&#8220;full&#8220; alignment=&#8220;center&#8220;][vc_column_text]<\/p>\n<p style=\"text-align: center;\"><strong>Cemento | Ral 7037<\/strong><\/p>\n<p>[\/vc_column_text][\/vc_column_inner][vc_column_inner width=&#8220;1\/4&#8243;][vc_single_image image=&#8220;9916&#8243; img_size=&#8220;full&#8220; alignment=&#8220;center&#8220;][vc_column_text]<\/p>\n<p style=\"text-align: center;\"><strong>Antracita | Ral 7016<\/strong><\/p>\n<p>[\/vc_column_text][\/vc_column_inner][\/vc_row_inner][vc_row_inner][vc_column_inner width=&#8220;1\/4&#8243;][vc_single_image image=&#8220;9900&#8243; img_size=&#8220;full&#8220; alignment=&#8220;center&#8220;][vc_column_text]<\/p>\n<p style=\"text-align: center;\"><strong>Negro | Ral 9005<\/strong><\/p>\n<p>[\/vc_column_text][\/vc_column_inner][vc_column_inner width=&#8220;1\/4&#8243;][vc_single_image image=&#8220;9868&#8243; img_size=&#8220;full&#8220; alignment=&#8220;center&#8220;][vc_column_text]<\/p>\n<p style=\"text-align: center;\"><strong>Cobalt<\/strong><\/p>\n<p>[\/vc_column_text][\/vc_column_inner][vc_column_inner width=&#8220;1\/4&#8243;][vc_single_image image=&#8220;9876&#8243; img_size=&#8220;full&#8220; alignment=&#8220;center&#8220;][vc_column_text]<\/p>\n<p style=\"text-align: center;\"><strong>Sage<\/strong><\/p>\n<p>[\/vc_column_text][\/vc_column_inner][vc_column_inner width=&#8220;1\/4&#8243;][vc_single_image image=&#8220;9880&#8243; img_size=&#8220;full&#8220; alignment=&#8220;center&#8220;][vc_column_text]<\/p>\n<p style=\"text-align: center;\"><strong>Terracotta<\/strong><\/p>\n<p>[\/vc_column_text][\/vc_column_inner][\/vc_row_inner][vc_row_inner][vc_column_inner width=&#8220;1\/4&#8243;][vc_single_image image=&#8220;9872&#8243; img_size=&#8220;full&#8220; alignment=&#8220;center&#8220;][vc_column_text]<\/p>\n<p style=\"text-align: center;\"><strong>Ral<\/strong><\/p>\n<p style=\"text-align: center;\">Alle Gel Coat Modelle k\u00f6nnen mit allen Ral-Farben individuell gestaltet werden.<\/p>\n<p>[\/vc_column_text][\/vc_column_inner][\/vc_row_inner][\/vc_column][vc_column width=&#8220;1\/12&#8243;][\/vc_column][\/vc_row][vc_row full_width=&#8220;stretch_row&#8220; el_class=&#8220;texto_general bloque_intro intro_top&#8220;][vc_column width=&#8220;1\/6&#8243;][\/vc_column][vc_column width=&#8220;2\/3&#8243;][vc_column_text]<\/p>\n<h2 style=\"text-align: center;\">Metallische Farben<\/h2>\n<p style=\"text-align: center;\">Zenon wurde geboren, um zu gl\u00e4nzen. Deshalb bieten wir unsere Aufsatzwaschbecken, freistehenden Waschbecken und Badewannen in einer attraktiven Palette von Metallic-Farben an, einer Oberfl\u00e4che, die nicht unbemerkt bleibt und die Sie in einer Vielzahl von unwiderstehlichen Farben finden.<\/p>\n<p style=\"text-align: center;\">Metallicfarben k\u00f6nnen nur auf der Au\u00dfenseite des Produkts angebracht werden.<\/p>\n<p>[\/vc_column_text][\/vc_column][vc_column width=&#8220;1\/6&#8243;][\/vc_column][\/vc_row][vc_row el_class=&#8220;row_colores_gel_coat&#8220;][vc_column width=&#8220;1\/12&#8243;][\/vc_column][vc_column width=&#8220;10\/12&#8243;][vc_row_inner][vc_column_inner width=&#8220;1\/4&#8243;][vc_single_image image=&#8220;9932&#8243; img_size=&#8220;full&#8220; alignment=&#8220;center&#8220;][vc_column_text]<\/p>\n<p style=\"text-align: center;\"><strong>Oro | Ral 280M<\/strong><\/p>\n<p>[\/vc_column_text][\/vc_column_inner][vc_column_inner width=&#8220;1\/4&#8243;][vc_single_image image=&#8220;9936&#8243; img_size=&#8220;full&#8220; alignment=&#8220;center&#8220;][vc_column_text]<\/p>\n<p style=\"text-align: center;\"><strong>Oro Viejo | Ral 1036<\/strong><\/p>\n<p>[\/vc_column_text][\/vc_column_inner][vc_column_inner width=&#8220;1\/4&#8243;][vc_single_image image=&#8220;9928&#8243; img_size=&#8220;full&#8220; alignment=&#8220;center&#8220;][vc_column_text]<\/p>\n<p style=\"text-align: center;\"><strong>Cobre | Ral 8004<\/strong><\/p>\n<p>[\/vc_column_text][\/vc_column_inner][vc_column_inner width=&#8220;1\/4&#8243;][vc_single_image image=&#8220;9944&#8243; img_size=&#8220;full&#8220; alignment=&#8220;center&#8220;][vc_column_text]<\/p>\n<p style=\"text-align: center;\"><strong>Rosa | Ral 480M<\/strong><\/p>\n<p>[\/vc_column_text][\/vc_column_inner][\/vc_row_inner][vc_row_inner][vc_column_inner width=&#8220;1\/4&#8243;][vc_single_image image=&#8220;9940&#8243; img_size=&#8220;full&#8220; alignment=&#8220;center&#8220;][vc_column_text]<\/p>\n<p style=\"text-align: center;\"><strong>Plata | Ral 820M<\/strong><\/p>\n<p>[\/vc_column_text][\/vc_column_inner][vc_column_inner width=&#8220;1\/4&#8243;][vc_single_image image=&#8220;9948&#8243; img_size=&#8220;full&#8220; alignment=&#8220;center&#8220;][vc_column_text]<\/p>\n<p style=\"text-align: center;\"><strong>Titanio<\/strong><\/p>\n<p>[\/vc_column_text][\/vc_column_inner][vc_column_inner width=&#8220;1\/4&#8243;][vc_single_image image=&#8220;9952&#8243; img_size=&#8220;full&#8220; alignment=&#8220;center&#8220;][vc_column_text]<\/p>\n<p style=\"text-align: center;\"><strong>Turquesa | Ral 720M<\/strong><\/p>\n<p>[\/vc_column_text][\/vc_column_inner][vc_column_inner width=&#8220;1\/4&#8243;][\/vc_column_inner][\/vc_row_inner][\/vc_column][vc_column width=&#8220;1\/12&#8243;][\/vc_column][\/vc_row]<\/p>\n","protected":false},"excerpt":{"rendered":"<p>[vc_row el_class=&#8220;breadcrumb&#8220;][vc_column][\/vc_column][\/vc_row][vc_row full_width=&#8220;stretch_row&#8220; el_class=&#8220;texto_general bloque_intro intro_top&#8220;][vc_column width=&#8220;1\/6&#8243;][\/vc_column][vc_column width=&#8220;2\/3&#8243;][vc_column_text] Gel coat Gel Coat ist ein exquisites Material, das Ihre R\u00e4ume komfortabel und hochwertig macht. Unser Gel Coat Material zeichnet sich durch seine hohe H\u00e4rte und antibakteriellen Eigenschaften aus. [\/vc_column_text][\/vc_column][vc_column width=&#8220;1\/6&#8243;][\/vc_column][\/vc_row][vc_row full_width=&#8220;stretch_row_content_no_spaces&#8220; el_class=&#8220;banner_imagen_altura_completa&#8220; css=&#8220;.vc_custom_1668424422204{background-image: url(https:\/\/zenonsolidsurface.com\/wp-content\/uploads\/2022\/11\/gel-coat_portada-1.jpg?id=9632) !important;background-position: center !important;background-repeat: no-repeat !important;background-size: cover !important;}&#8220;][vc_column][\/vc_column][\/vc_row][vc_row el_class=&#8220;texto_general bloque_intro intro_imagen left&#8220;][vc_column width=&#8220;1\/2&#8243; [&hellip;]<\/p>\n","protected":false},"author":3,"featured_media":0,"parent":0,"menu_order":0,"comment_status":"closed","ping_status":"closed","template":"","meta":{"om_disable_all_campaigns":false,"footnotes":""},"class_list":["post-10066","page","type-page","status-publish","hentry"],"aioseo_notices":[],"_links":{"self":[{"href":"https:\/\/zenonsurfaces.com\/de\/wp-json\/wp\/v2\/pages\/10066","targetHints":{"allow":["GET"]}}],"collection":[{"href":"https:\/\/zenonsurfaces.com\/de\/wp-json\/wp\/v2\/pages"}],"about":[{"href":"https:\/\/zenonsurfaces.com\/de\/wp-json\/wp\/v2\/types\/page"}],"author":[{"embeddable":true,"href":"https:\/\/zenonsurfaces.com\/de\/wp-json\/wp\/v2\/users\/3"}],"replies":[{"embeddable":true,"href":"https:\/\/zenonsurfaces.com\/de\/wp-json\/wp\/v2\/comments?post=10066"}],"version-history":[{"count":6,"href":"https:\/\/zenonsurfaces.com\/de\/wp-json\/wp\/v2\/pages\/10066\/revisions"}],"predecessor-version":[{"id":11598,"href":"https:\/\/zenonsurfaces.com\/de\/wp-json\/wp\/v2\/pages\/10066\/revisions\/11598"}],"wp:attachment":[{"href":"https:\/\/zenonsurfaces.com\/de\/wp-json\/wp\/v2\/media?parent=10066"}],"curies":[{"name":"wp","href":"https:\/\/api.w.org\/{rel}","templated":true}]}}