{"id":10083,"date":"2022-11-14T15:35:48","date_gmt":"2022-11-14T14:35:48","guid":{"rendered":"https:\/\/zenonsolidsurface.com\/smart_solid-surface\/"},"modified":"2025-10-30T11:59:34","modified_gmt":"2025-10-30T10:59:34","slug":"smart_solid-surface","status":"publish","type":"page","link":"https:\/\/zenonsurfaces.com\/de\/smart_solid-surface\/","title":{"rendered":"Smart Solid Surface"},"content":{"rendered":"<p>[vc_row el_class=&#8220;breadcrumb&#8220;][vc_column][\/vc_column][\/vc_row][vc_row full_width=&#8220;stretch_row&#8220; el_class=&#8220;texto_general bloque_intro intro_top&#8220;][vc_column width=&#8220;1\/6&#8243;][\/vc_column][vc_column width=&#8220;2\/3&#8243;][vc_column_text]<\/p>\n<h2 style=\"text-align: center;\">Smart Solid Surface<\/h2>\n<h3 style=\"text-align: center;\">\u00a0Smart Solid Surface, ein Material, das an Perfektion grenzt.<\/h3>\n<p style=\"text-align: center;\">Das Engagement f\u00fcr Innovation f\u00fchrt zu einem Material mit unendlichen M\u00f6glichkeiten f\u00fcr die Anpassung von Formen ohne Grenzen.<br \/>\nDas ultimative Werkzeug im Dienste von Architekten und Innenarchitekten.<\/p>\n<p>[\/vc_column_text][\/vc_column][vc_column width=&#8220;1\/6&#8243;][\/vc_column][\/vc_row][vc_row full_width=&#8220;stretch_row_content_no_spaces&#8220; el_class=&#8220;banner_imagen_altura_completa&#8220; css=&#8220;.vc_custom_1668437303564{background-image: url(https:\/\/zenonsolidsurface.com\/wp-content\/uploads\/2022\/11\/smart-solid-portada.jpg?id=10006) !important;background-position: center !important;background-repeat: no-repeat !important;background-size: cover !important;}&#8220;][vc_column][\/vc_column][\/vc_row][vc_row el_class=&#8220;texto_general bloque_intro intro_imagen left&#8220;][vc_column width=&#8220;1\/2&#8243; el_class=&#8220;imagen&#8220;][vc_single_image image=&#8220;9619&#8243; img_size=&#8220;full&#8220; alignment=&#8220;center&#8220;][\/vc_column][vc_column width=&#8220;1\/2&#8243; el_class=&#8220;texto&#8220;][vc_row_inner][vc_column_inner width=&#8220;10\/12&#8243;][vc_column_text]<\/p>\n<h3>Maximale Vielseitigkeit<\/h3>\n<p>Dieser Acrylharz-Verbundstoff wird normalerweise zur Herstellung von Platten oder Tafeln in verschiedenen Formaten verwendet.<\/p>\n<p>Es ist ein viel perfekteres Material, das aufgrund seiner thermischen Verformbarkeit vielseitiger ist als Solid.<\/p>\n<p>Au\u00dferdem ist es ein Vollmassivprodukt und bietet unendlich viele M\u00f6glichkeiten, Formen zu bauen, die an jeden Raum angepasst sind, ohne dass Sie sich auf eine Form beschr\u00e4nken m\u00fcssen. Das ultimative Designwerkzeug f\u00fcr Architekten und Innenarchitekten.[\/vc_column_text][\/vc_column_inner][vc_column_inner width=&#8220;2\/12&#8243;][\/vc_column_inner][\/vc_row_inner][\/vc_column][\/vc_row][vc_row el_class=&#8220;texto_general bloque_intro intro_imagen right&#8220;][vc_column width=&#8220;1\/2&#8243; el_class=&#8220;texto&#8220;][vc_row_inner][vc_column_inner width=&#8220;2\/12&#8243;][\/vc_column_inner][vc_column_inner width=&#8220;10\/12&#8243;][vc_column_text]<\/p>\n<h3>Zusammensetzung Smart Solid Surface<\/h3>\n<p>Acrylharz : 34-45<br \/>\nTonerde-Trihydrat | 55-66%.<br \/>\nPigmente | 0-4%[\/vc_column_text][\/vc_column_inner][\/vc_row_inner][\/vc_column][vc_column width=&#8220;1\/2&#8243; el_class=&#8220;imagen&#8220;][vc_single_image image=&#8220;10001&#8243; img_size=&#8220;full&#8220; alignment=&#8220;center&#8220;][\/vc_column][\/vc_row][vc_row el_class=&#8220;texto_general bloque_intro intro_imagen left&#8220;][vc_column width=&#8220;1\/2&#8243; el_class=&#8220;imagen&#8220;][vc_single_image image=&#8220;10005&#8243; img_size=&#8220;full&#8220; alignment=&#8220;center&#8220;][\/vc_column][vc_column width=&#8220;1\/2&#8243; el_class=&#8220;texto&#8220;][vc_row_inner][vc_column_inner width=&#8220;10\/12&#8243;][vc_column_text]<\/p>\n<h3>Eigenschaften Smart Solid Surface<\/h3>\n<p>Alle Masse<br \/>\nAntibakteriell<br \/>\nHohe H\u00e4rte<br \/>\nAnti-absorbierende Oberfl\u00e4che<br \/>\nThermofusion<br \/>\nFormbare<br \/>\nHintergrundbeleuchtung<br \/>\nU.V. resistent<\/p>\n<p>Nicht sichtbare Verbindungen mit mechanischem Widerstand<br \/>\nKlassisch Wei\u00df<br \/>\nMattes Finish<br \/>\nSanfte Ber\u00fchrung<br \/>\nVerwendung von Lebensmitteln<\/p>\n<p>Leicht zu reinigen<br \/>\nReparierbar<br \/>\nKann geschnitten werden<br \/>\nAnpassungsf\u00e4hig an den Raum<\/p>\n<p>Wiederverwertbar[\/vc_column_text][\/vc_column_inner][vc_column_inner width=&#8220;2\/12&#8243;][\/vc_column_inner][\/vc_row_inner][\/vc_column][\/vc_row][vc_row full_width=&#8220;stretch_row_content&#8220; el_class=&#8220;relacionados_ficha_coleccion contenido_ficha coleccion_page_similares&#8220; css=&#8220;.vc_custom_1642505050716{border-top-width: 1px !important;border-top-color: #000000 !important;border-top-style: solid !important;}&#8220;][vc_column][\/vc_column][\/vc_row][vc_row full_width=&#8220;stretch_row&#8220; el_class=&#8220;texto_general bloque_intro intro_top&#8220;][vc_column width=&#8220;1\/6&#8243;][\/vc_column][vc_column width=&#8220;2\/3&#8243;][vc_column_text]<\/p>\n<h2 style=\"text-align: center;\">Ausf\u00fchrungen<\/h2>\n<p style=\"text-align: center;\">Unser Smart Solid-Material ist in einer einzigen Ausf\u00fchrung erh\u00e4ltlich.<\/p>\n<p>[\/vc_column_text][\/vc_column][vc_column width=&#8220;1\/6&#8243;][\/vc_column][\/vc_row][vc_row el_class=&#8220;row_colores_gel_coat&#8220;][vc_column width=&#8220;1\/3&#8243;][\/vc_column][vc_column width=&#8220;1\/3&#8243;][vc_row_inner][vc_column_inner][vc_single_image image=&#8220;10265&#8243; img_size=&#8220;full&#8220; alignment=&#8220;center&#8220;][vc_column_text]<\/p>\n<p style=\"text-align: center;\"><strong>Soft<\/strong><\/p>\n<p>[\/vc_column_text][\/vc_column_inner][\/vc_row_inner][\/vc_column][vc_column width=&#8220;1\/3&#8243;][\/vc_column][\/vc_row][vc_row full_width=&#8220;stretch_row&#8220; disable_element=&#8220;yes&#8220; el_class=&#8220;texto_general bloque_intro intro_top&#8220;][vc_column width=&#8220;1\/6&#8243;][\/vc_column][vc_column width=&#8220;2\/3&#8243;][vc_column_text]<\/p>\n<h2 style=\"text-align: center;\">Standard Farben<\/h2>\n<p style=\"text-align: center;\">F\u00fcr zus\u00e4tzliche Vielseitigkeit ist Gel Coat in zw\u00f6lf Farben in neutralen T\u00f6nen erh\u00e4ltlich, die perfekt zu jedem Stil passen.<\/p>\n<p style=\"text-align: center;\">Sie k\u00f6nnen sowohl im Innen- als auch im Au\u00dfenbereich auf der gesamten Oberfl\u00e4che des Produkts angebracht werden.<\/p>\n<p>[\/vc_column_text][\/vc_column][vc_column width=&#8220;1\/6&#8243;][\/vc_column][\/vc_row][vc_row disable_element=&#8220;yes&#8220; el_class=&#8220;row_colores_gel_coat&#8220;][vc_column width=&#8220;1\/12&#8243;][\/vc_column][vc_column width=&#8220;10\/12&#8243;][vc_row_inner][vc_column_inner width=&#8220;1\/4&#8243;][vc_single_image image=&#8220;9896&#8243; img_size=&#8220;full&#8220; alignment=&#8220;center&#8220;][vc_column_text]<\/p>\n<p style=\"text-align: center;\"><strong>Natural | Ral 9001<\/strong><\/p>\n<p>[\/vc_column_text][\/vc_column_inner][vc_column_inner width=&#8220;1\/4&#8243;][vc_single_image image=&#8220;9884&#8243; img_size=&#8220;full&#8220; alignment=&#8220;center&#8220;][vc_column_text]<\/p>\n<p style=\"text-align: center;\"><strong>Cream | Ral 1019<\/strong><\/p>\n<p>[\/vc_column_text][\/vc_column_inner][vc_column_inner width=&#8220;1\/4&#8243;][vc_single_image image=&#8220;9892&#8243; img_size=&#8220;full&#8220; alignment=&#8220;center&#8220;][vc_column_text]<\/p>\n<p style=\"text-align: center;\"><strong>Moka | Ral 7006<\/strong><\/p>\n<p>[\/vc_column_text][\/vc_column_inner][vc_column_inner width=&#8220;1\/4&#8243;][vc_single_image image=&#8220;9908&#8243; img_size=&#8220;full&#8220; alignment=&#8220;center&#8220;][vc_column_text]<\/p>\n<p style=\"text-align: center;\"><strong>Nieve | Ral 9003<\/strong><\/p>\n<p>[\/vc_column_text][\/vc_column_inner][\/vc_row_inner][vc_row_inner][vc_column_inner width=&#8220;1\/4&#8243;][vc_single_image image=&#8220;9904&#8243; img_size=&#8220;full&#8220; alignment=&#8220;center&#8220;][vc_column_text]<\/p>\n<p style=\"text-align: center;\"><strong>New Pearl | Ral 7044<\/strong><\/p>\n<p>[\/vc_column_text][\/vc_column_inner][vc_column_inner width=&#8220;1\/4&#8243;][vc_single_image image=&#8220;9904&#8243; img_size=&#8220;full&#8220; alignment=&#8220;center&#8220;][vc_column_text]<\/p>\n<p style=\"text-align: center;\"><strong>Perla | Ral 7035<\/strong><\/p>\n<p>[\/vc_column_text][\/vc_column_inner][vc_column_inner width=&#8220;1\/4&#8243;][vc_single_image image=&#8220;9920&#8243; img_size=&#8220;full&#8220; alignment=&#8220;center&#8220;][vc_column_text]<\/p>\n<p style=\"text-align: center;\"><strong>Cemento | Ral 7037<\/strong><\/p>\n<p>[\/vc_column_text][\/vc_column_inner][vc_column_inner width=&#8220;1\/4&#8243;][vc_single_image image=&#8220;9916&#8243; img_size=&#8220;full&#8220; alignment=&#8220;center&#8220;][vc_column_text]<\/p>\n<p style=\"text-align: center;\"><strong>Antracita | Ral 7016<\/strong><\/p>\n<p>[\/vc_column_text][\/vc_column_inner][\/vc_row_inner][vc_row_inner][vc_column_inner width=&#8220;1\/4&#8243;][vc_single_image image=&#8220;9900&#8243; img_size=&#8220;full&#8220; alignment=&#8220;center&#8220;][vc_column_text]<\/p>\n<p style=\"text-align: center;\"><strong>Negro | Ral 9005<\/strong><\/p>\n<p>[\/vc_column_text][\/vc_column_inner][vc_column_inner width=&#8220;1\/4&#8243;][vc_single_image image=&#8220;9868&#8243; img_size=&#8220;full&#8220; alignment=&#8220;center&#8220;][vc_column_text]<\/p>\n<p style=\"text-align: center;\"><strong>Cobalt<\/strong><\/p>\n<p>[\/vc_column_text][\/vc_column_inner][vc_column_inner width=&#8220;1\/4&#8243;][vc_single_image image=&#8220;9876&#8243; img_size=&#8220;full&#8220; alignment=&#8220;center&#8220;][vc_column_text]<\/p>\n<p style=\"text-align: center;\"><strong>Sage<\/strong><\/p>\n<p>[\/vc_column_text][\/vc_column_inner][vc_column_inner width=&#8220;1\/4&#8243;][vc_single_image image=&#8220;9880&#8243; img_size=&#8220;full&#8220; alignment=&#8220;center&#8220;][vc_column_text]<\/p>\n<p style=\"text-align: center;\"><strong>Terracotta<\/strong><\/p>\n<p>[\/vc_column_text][\/vc_column_inner][\/vc_row_inner][vc_row_inner][vc_column_inner width=&#8220;1\/4&#8243;][vc_single_image image=&#8220;9872&#8243; img_size=&#8220;full&#8220; alignment=&#8220;center&#8220;][vc_column_text]<\/p>\n<p style=\"text-align: center;\"><strong>Ral<\/strong><\/p>\n<p style=\"text-align: center;\">Alle Gel Coat Modelle k\u00f6nnen mit allen Ral-Farben individuell gestaltet werden.<\/p>\n<p>[\/vc_column_text][\/vc_column_inner][\/vc_row_inner][\/vc_column][vc_column width=&#8220;1\/12&#8243;][\/vc_column][\/vc_row][vc_row full_width=&#8220;stretch_row&#8220; disable_element=&#8220;yes&#8220; el_class=&#8220;texto_general bloque_intro intro_top&#8220;][vc_column width=&#8220;1\/6&#8243;][\/vc_column][vc_column width=&#8220;2\/3&#8243;][vc_column_text]<\/p>\n<h2 style=\"text-align: center;\">Metallische Farben<\/h2>\n<p style=\"text-align: center;\">Zenon wurde geboren, um zu gl\u00e4nzen. Deshalb bieten wir unsere Aufsatzwaschbecken, freistehenden Waschbecken und Badewannen in einer attraktiven Palette von Metallic-Farben an, einer Oberfl\u00e4che, die nicht unbemerkt bleibt und die Sie in einer Vielzahl von unwiderstehlichen Farben finden.<\/p>\n<p style=\"text-align: center;\">Metallicfarben k\u00f6nnen nur auf der Au\u00dfenseite des Produkts angebracht werden.<\/p>\n<p>[\/vc_column_text][\/vc_column][vc_column width=&#8220;1\/6&#8243;][\/vc_column][\/vc_row][vc_row disable_element=&#8220;yes&#8220; el_class=&#8220;row_colores_gel_coat&#8220;][vc_column width=&#8220;1\/12&#8243;][\/vc_column][vc_column width=&#8220;10\/12&#8243;][vc_row_inner][vc_column_inner width=&#8220;1\/4&#8243;][vc_single_image image=&#8220;9932&#8243; img_size=&#8220;full&#8220; alignment=&#8220;center&#8220;][vc_column_text]<\/p>\n<p style=\"text-align: center;\"><strong>Oro | Ral 280M<\/strong><\/p>\n<p>[\/vc_column_text][\/vc_column_inner][vc_column_inner width=&#8220;1\/4&#8243;][vc_single_image image=&#8220;9936&#8243; img_size=&#8220;full&#8220; alignment=&#8220;center&#8220;][vc_column_text]<\/p>\n<p style=\"text-align: center;\"><strong>Oro Viejo | Ral 1036<\/strong><\/p>\n<p>[\/vc_column_text][\/vc_column_inner][vc_column_inner width=&#8220;1\/4&#8243;][vc_single_image image=&#8220;9928&#8243; img_size=&#8220;full&#8220; alignment=&#8220;center&#8220;][vc_column_text]<\/p>\n<p style=\"text-align: center;\"><strong>Cobre | Ral 8004<\/strong><\/p>\n<p>[\/vc_column_text][\/vc_column_inner][vc_column_inner width=&#8220;1\/4&#8243;][vc_single_image image=&#8220;9940&#8243; img_size=&#8220;full&#8220; alignment=&#8220;center&#8220;][vc_column_text]<\/p>\n<p style=\"text-align: center;\"><strong>Plata | Ral 820M<\/strong><\/p>\n<p>[\/vc_column_text][\/vc_column_inner][\/vc_row_inner][vc_row_inner][vc_column_inner width=&#8220;1\/4&#8243;][vc_single_image image=&#8220;9948&#8243; img_size=&#8220;full&#8220; alignment=&#8220;center&#8220;][vc_column_text]<\/p>\n<p style=\"text-align: center;\"><strong>Titanio<\/strong><\/p>\n<p>[\/vc_column_text][\/vc_column_inner][vc_column_inner width=&#8220;1\/4&#8243;][\/vc_column_inner][vc_column_inner width=&#8220;1\/4&#8243;][\/vc_column_inner][vc_column_inner width=&#8220;1\/4&#8243;][\/vc_column_inner][\/vc_row_inner][\/vc_column][vc_column width=&#8220;1\/12&#8243;][\/vc_column][\/vc_row]<\/p>\n","protected":false},"excerpt":{"rendered":"<p>[vc_row el_class=&#8220;breadcrumb&#8220;][vc_column][\/vc_column][\/vc_row][vc_row full_width=&#8220;stretch_row&#8220; el_class=&#8220;texto_general bloque_intro intro_top&#8220;][vc_column width=&#8220;1\/6&#8243;][\/vc_column][vc_column width=&#8220;2\/3&#8243;][vc_column_text] Smart Solid Surface \u00a0Smart Solid Surface, ein Material, das an Perfektion grenzt. Das Engagement f\u00fcr Innovation f\u00fchrt zu einem Material mit unendlichen M\u00f6glichkeiten f\u00fcr die Anpassung von Formen ohne Grenzen. Das ultimative Werkzeug im Dienste von Architekten und Innenarchitekten. [\/vc_column_text][\/vc_column][vc_column width=&#8220;1\/6&#8243;][\/vc_column][\/vc_row][vc_row full_width=&#8220;stretch_row_content_no_spaces&#8220; el_class=&#8220;banner_imagen_altura_completa&#8220; css=&#8220;.vc_custom_1668437303564{background-image: url(https:\/\/zenonsolidsurface.com\/wp-content\/uploads\/2022\/11\/smart-solid-portada.jpg?id=10006) !important;background-position: center [&hellip;]<\/p>\n","protected":false},"author":3,"featured_media":0,"parent":0,"menu_order":0,"comment_status":"closed","ping_status":"closed","template":"","meta":{"om_disable_all_campaigns":false,"footnotes":""},"class_list":["post-10083","page","type-page","status-publish","hentry"],"aioseo_notices":[],"_links":{"self":[{"href":"https:\/\/zenonsurfaces.com\/de\/wp-json\/wp\/v2\/pages\/10083","targetHints":{"allow":["GET"]}}],"collection":[{"href":"https:\/\/zenonsurfaces.com\/de\/wp-json\/wp\/v2\/pages"}],"about":[{"href":"https:\/\/zenonsurfaces.com\/de\/wp-json\/wp\/v2\/types\/page"}],"author":[{"embeddable":true,"href":"https:\/\/zenonsurfaces.com\/de\/wp-json\/wp\/v2\/users\/3"}],"replies":[{"embeddable":true,"href":"https:\/\/zenonsurfaces.com\/de\/wp-json\/wp\/v2\/comments?post=10083"}],"version-history":[{"count":8,"href":"https:\/\/zenonsurfaces.com\/de\/wp-json\/wp\/v2\/pages\/10083\/revisions"}],"predecessor-version":[{"id":11639,"href":"https:\/\/zenonsurfaces.com\/de\/wp-json\/wp\/v2\/pages\/10083\/revisions\/11639"}],"wp:attachment":[{"href":"https:\/\/zenonsurfaces.com\/de\/wp-json\/wp\/v2\/media?parent=10083"}],"curies":[{"name":"wp","href":"https:\/\/api.w.org\/{rel}","templated":true}]}}