{"id":10094,"date":"2022-11-16T13:13:15","date_gmt":"2022-11-16T12:13:15","guid":{"rendered":"https:\/\/zenonsolidsurface.com\/?page_id=10094"},"modified":"2024-09-05T10:46:23","modified_gmt":"2024-09-05T08:46:23","slug":"acrylic","status":"publish","type":"page","link":"https:\/\/zenonsurfaces.com\/de\/acrylic\/","title":{"rendered":"Acryl"},"content":{"rendered":"<p>[vc_row el_class=&#8220;breadcrumb&#8220;][vc_column][\/vc_column][\/vc_row][vc_row full_width=&#8220;stretch_row&#8220; el_class=&#8220;texto_general bloque_intro intro_top&#8220;][vc_column width=&#8220;1\/6&#8243;][\/vc_column][vc_column width=&#8220;2\/3&#8243;][vc_column_text]<\/p>\n<h2 style=\"text-align: center;\">Acryl<\/h2>\n<h3 style=\"text-align: center;\">Acryl ist eine Variante von Kunststoff, widerstandsf\u00e4hig, hochflexibel und leicht, wodurch es einfach zu handhaben, zu installieren und zu verlegen ist.<\/h3>\n<p style=\"text-align: center;\">Die Acryl-Badewannen von Zenon haben die folgenden Merkmale und Eigenschaften.<\/p>\n<p>[\/vc_column_text][\/vc_column][vc_column width=&#8220;1\/6&#8243;][\/vc_column][\/vc_row][vc_row full_width=&#8220;stretch_row_content_no_spaces&#8220; el_class=&#8220;banner_imagen_altura_completa&#8220; css=&#8220;.vc_custom_1668520473170{background-image: url(https:\/\/zenonsolidsurface.com\/wp-content\/uploads\/2022\/11\/acrylic-portada.jpg?id=10030) !important;background-position: center !important;background-repeat: no-repeat !important;background-size: cover !important;}&#8220;][vc_column][\/vc_column][\/vc_row][vc_row el_class=&#8220;texto_general bloque_intro intro_imagen left&#8220;][vc_column width=&#8220;1\/2&#8243; el_class=&#8220;imagen&#8220;][vc_single_image image=&#8220;10038&#8243; img_size=&#8220;full&#8220; alignment=&#8220;center&#8220;][\/vc_column][vc_column width=&#8220;1\/2&#8243; el_class=&#8220;texto&#8220;][vc_row_inner][vc_column_inner width=&#8220;10\/12&#8243;][vc_column_text]<\/p>\n<h3>Reduziertes Gewicht.<\/h3>\n<p>Acryl ist eine Kunststoffvariante, die widerstandsf\u00e4hig, hochflexibel und leicht ist, wodurch sie einfach zu handhaben, zu installieren und zu verlegen ist.<br \/>\nSie zeichnen sich durch hohe Transparenz, hohe Sto\u00dffestigkeit (mehr als 15 Mal h\u00f6her als Glas) und Best\u00e4ndigkeit gegen ultraviolette Strahlen aus. Es ist ein hervorragender thermischer und akustischer Isolator, sehr leicht und mit einer \u00e4hnlichen H\u00e4rte wie Aluminium.<\/p>\n<p>Acryl erleichtert die Formgebung und Bearbeitung aufgrund seiner gro\u00dfen Flexibilit\u00e4t und Leichtigkeit und ist au\u00dferdem ein hervorragender W\u00e4rme- und Schalld\u00e4mpfer.[\/vc_column_text][\/vc_column_inner][vc_column_inner width=&#8220;2\/12&#8243;][\/vc_column_inner][\/vc_row_inner][\/vc_column][\/vc_row][vc_row el_class=&#8220;texto_general bloque_intro intro_imagen right&#8220;][vc_column width=&#8220;1\/2&#8243; el_class=&#8220;texto&#8220;][vc_row_inner][vc_column_inner width=&#8220;2\/12&#8243;][\/vc_column_inner][vc_column_inner width=&#8220;10\/12&#8243;][vc_column_text]<\/p>\n<h3>Zusammensetzung Acryl<\/h3>\n<p>Orthophthalisches Polyesterharz<\/p>\n<p>Mineralische F\u00fcllstoffe aus Quarz und Dolomit[\/vc_column_text][\/vc_column_inner][\/vc_row_inner][\/vc_column][vc_column width=&#8220;1\/2&#8243; el_class=&#8220;imagen&#8220;][vc_single_image image=&#8220;10016&#8243; img_size=&#8220;full&#8220; alignment=&#8220;center&#8220;][\/vc_column][\/vc_row][vc_row el_class=&#8220;texto_general bloque_intro intro_imagen left&#8220;][vc_column width=&#8220;1\/2&#8243; el_class=&#8220;imagen&#8220;][vc_single_image image=&#8220;10020&#8243; img_size=&#8220;full&#8220; alignment=&#8220;center&#8220;][\/vc_column][vc_column width=&#8220;1\/2&#8243; el_class=&#8220;texto&#8220;][vc_row_inner][vc_column_inner width=&#8220;10\/12&#8243;][vc_column_text]<\/p>\n<h3>Eigenschaften von Acryl<\/h3>\n<p>Hohe Lebensdauer<\/p>\n<p>Geringe Porosit\u00e4t<\/p>\n<p>Widerstandsf\u00e4higkeit gegen Oberfl\u00e4chenverschlechterung<\/p>\n<p>Undurchl\u00e4ssigkeit<\/p>\n<p>Unver\u00e4nderlich<\/p>\n<p>Antibakteriell[\/vc_column_text][\/vc_column_inner][vc_column_inner width=&#8220;2\/12&#8243;][\/vc_column_inner][\/vc_row_inner][\/vc_column][\/vc_row][vc_row full_width=&#8220;stretch_row_content&#8220; el_class=&#8220;relacionados_ficha_coleccion contenido_ficha coleccion_page_similares&#8220; css=&#8220;.vc_custom_1642505050716{border-top-width: 1px !important;border-top-color: #000000 !important;border-top-style: solid !important;}&#8220;][vc_column][\/vc_column][\/vc_row][vc_row full_width=&#8220;stretch_row&#8220; el_class=&#8220;texto_general bloque_intro intro_top&#8220;][vc_column width=&#8220;1\/6&#8243;][\/vc_column][vc_column width=&#8220;2\/3&#8243;][vc_column_text]<\/p>\n<h2 style=\"text-align: center;\">Ausf\u00fchrungen<\/h2>\n<p style=\"text-align: center;\">Unser Acrylmaterial ist in zwei verschiedenen Ausf\u00fchrungen erh\u00e4ltlich: gl\u00e4nzend und matt.<\/p>\n<p>[\/vc_column_text][\/vc_column][vc_column width=&#8220;1\/6&#8243;][\/vc_column][\/vc_row][vc_row el_class=&#8220;row_colores_gel_coat&#8220;][vc_column width=&#8220;1\/12&#8243;][\/vc_column][vc_column width=&#8220;10\/12&#8243;][vc_row_inner][vc_column_inner width=&#8220;1\/4&#8243;][\/vc_column_inner][vc_column_inner width=&#8220;1\/4&#8243;][vc_single_image image=&#8220;10024&#8243; img_size=&#8220;full&#8220; alignment=&#8220;center&#8220;][vc_column_text]<\/p>\n<p style=\"text-align: center;\"><strong>Glanz<\/strong><\/p>\n<p>[\/vc_column_text][\/vc_column_inner][vc_column_inner width=&#8220;1\/4&#8243;][vc_single_image image=&#8220;10028&#8243; img_size=&#8220;full&#8220; alignment=&#8220;center&#8220;][vc_column_text]<\/p>\n<p style=\"text-align: center;\"><strong>Matt<\/strong><\/p>\n<p>[\/vc_column_text][\/vc_column_inner][vc_column_inner width=&#8220;1\/4&#8243;][\/vc_column_inner][\/vc_row_inner][\/vc_column][vc_column width=&#8220;1\/12&#8243;][\/vc_column][\/vc_row][vc_row full_width=&#8220;stretch_row&#8220; disable_element=&#8220;yes&#8220; el_class=&#8220;texto_general bloque_intro intro_top&#8220;][vc_column width=&#8220;1\/6&#8243;][\/vc_column][vc_column width=&#8220;2\/3&#8243;][vc_column_text]<\/p>\n<h2 style=\"text-align: center;\">Colores est\u00e1ndar<\/h2>\n<p style=\"text-align: center;\">Para una mayor versatilidad, Gel Coat presenta doce colores en tonos neutros perfectos para encajar con cualquier estilo.<\/p>\n<p style=\"text-align: center;\">Se pueden aplicar sobre toda la superficie del producto tanto en el interior como exterior.<\/p>\n<p>[\/vc_column_text][\/vc_column][vc_column width=&#8220;1\/6&#8243;][\/vc_column][\/vc_row][vc_row disable_element=&#8220;yes&#8220; el_class=&#8220;row_colores_gel_coat&#8220;][vc_column width=&#8220;1\/12&#8243;][\/vc_column][vc_column width=&#8220;10\/12&#8243;][vc_row_inner][vc_column_inner width=&#8220;1\/4&#8243;][vc_single_image image=&#8220;9896&#8243; img_size=&#8220;full&#8220; alignment=&#8220;center&#8220;][vc_column_text]<\/p>\n<p style=\"text-align: center;\"><strong>Natural | Ral 9001<\/strong><\/p>\n<p>[\/vc_column_text][\/vc_column_inner][vc_column_inner width=&#8220;1\/4&#8243;][vc_single_image image=&#8220;9884&#8243; img_size=&#8220;full&#8220; alignment=&#8220;center&#8220;][vc_column_text]<\/p>\n<p style=\"text-align: center;\"><strong>Cream | Ral 1019<\/strong><\/p>\n<p>[\/vc_column_text][\/vc_column_inner][vc_column_inner width=&#8220;1\/4&#8243;][vc_single_image image=&#8220;9892&#8243; img_size=&#8220;full&#8220; alignment=&#8220;center&#8220;][vc_column_text]<\/p>\n<p style=\"text-align: center;\"><strong>Moka | Ral 7006<\/strong><\/p>\n<p>[\/vc_column_text][\/vc_column_inner][vc_column_inner width=&#8220;1\/4&#8243;][vc_single_image image=&#8220;9908&#8243; img_size=&#8220;full&#8220; alignment=&#8220;center&#8220;][vc_column_text]<\/p>\n<p style=\"text-align: center;\"><strong>Nieve | Ral 9003<\/strong><\/p>\n<p>[\/vc_column_text][\/vc_column_inner][\/vc_row_inner][vc_row_inner][vc_column_inner width=&#8220;1\/4&#8243;][vc_single_image image=&#8220;9904&#8243; img_size=&#8220;full&#8220; alignment=&#8220;center&#8220;][vc_column_text]<\/p>\n<p style=\"text-align: center;\"><strong>New Pearl | Ral 7044<\/strong><\/p>\n<p>[\/vc_column_text][\/vc_column_inner][vc_column_inner width=&#8220;1\/4&#8243;][vc_single_image image=&#8220;9904&#8243; img_size=&#8220;full&#8220; alignment=&#8220;center&#8220;][vc_column_text]<\/p>\n<p style=\"text-align: center;\"><strong>Perla | Ral 7035<\/strong><\/p>\n<p>[\/vc_column_text][\/vc_column_inner][vc_column_inner width=&#8220;1\/4&#8243;][vc_single_image image=&#8220;9920&#8243; img_size=&#8220;full&#8220; alignment=&#8220;center&#8220;][vc_column_text]<\/p>\n<p style=\"text-align: center;\"><strong>Cemento | Ral 7037<\/strong><\/p>\n<p>[\/vc_column_text][\/vc_column_inner][vc_column_inner width=&#8220;1\/4&#8243;][vc_single_image image=&#8220;9916&#8243; img_size=&#8220;full&#8220; alignment=&#8220;center&#8220;][vc_column_text]<\/p>\n<p style=\"text-align: center;\"><strong>Antracita | Ral 7016<\/strong><\/p>\n<p>[\/vc_column_text][\/vc_column_inner][\/vc_row_inner][vc_row_inner][vc_column_inner width=&#8220;1\/4&#8243;][vc_single_image image=&#8220;9900&#8243; img_size=&#8220;full&#8220; alignment=&#8220;center&#8220;][vc_column_text]<\/p>\n<p style=\"text-align: center;\"><strong>Negro | Ral 9005<\/strong><\/p>\n<p>[\/vc_column_text][\/vc_column_inner][vc_column_inner width=&#8220;1\/4&#8243;][vc_single_image image=&#8220;9868&#8243; img_size=&#8220;full&#8220; alignment=&#8220;center&#8220;][vc_column_text]<\/p>\n<p style=\"text-align: center;\"><strong>Cobalt<\/strong><\/p>\n<p>[\/vc_column_text][\/vc_column_inner][vc_column_inner width=&#8220;1\/4&#8243;][vc_single_image image=&#8220;9876&#8243; img_size=&#8220;full&#8220; alignment=&#8220;center&#8220;][vc_column_text]<\/p>\n<p style=\"text-align: center;\"><strong>Sage<\/strong><\/p>\n<p>[\/vc_column_text][\/vc_column_inner][vc_column_inner width=&#8220;1\/4&#8243;][vc_single_image image=&#8220;9880&#8243; img_size=&#8220;full&#8220; alignment=&#8220;center&#8220;][vc_column_text]<\/p>\n<p style=\"text-align: center;\"><strong>Terracotta<\/strong><\/p>\n<p>[\/vc_column_text][\/vc_column_inner][\/vc_row_inner][vc_row_inner][vc_column_inner width=&#8220;1\/4&#8243;][vc_single_image image=&#8220;9872&#8243; img_size=&#8220;full&#8220; alignment=&#8220;center&#8220;][vc_column_text]<\/p>\n<p style=\"text-align: center;\"><strong>Ral<\/strong><\/p>\n<p style=\"text-align: center;\">Podemos personalizar todos los modelos Gel Coat con todos los colores de la carta Ral.<\/p>\n<p>[\/vc_column_text][\/vc_column_inner][\/vc_row_inner][\/vc_column][vc_column width=&#8220;1\/12&#8243;][\/vc_column][\/vc_row][vc_row full_width=&#8220;stretch_row&#8220; disable_element=&#8220;yes&#8220; el_class=&#8220;texto_general bloque_intro intro_top&#8220;][vc_column width=&#8220;1\/6&#8243;][\/vc_column][vc_column width=&#8220;2\/3&#8243;][vc_column_text]<\/p>\n<h2 style=\"text-align: center;\">Colores Met\u00e1licos<\/h2>\n<p style=\"text-align: center;\">Zenon ha nacido para deslumbrar, para brillar, por eso ofrecemos nuestros lavabos sobre encimera, lavabos \u2018freestanding\u2019 y ba\u00f1eras en una atractiva gama de colores metalizados, un acabado que no pasa desapercibido y que puedes encontrar en una amplia variedad de colores irresistibles.<\/p>\n<p style=\"text-align: center;\">Los colores met\u00e1licos s\u00f3lo se pueden aplicar en el exterior del producto.<\/p>\n<p>[\/vc_column_text][\/vc_column][vc_column width=&#8220;1\/6&#8243;][\/vc_column][\/vc_row][vc_row disable_element=&#8220;yes&#8220; el_class=&#8220;row_colores_gel_coat&#8220;][vc_column width=&#8220;1\/12&#8243;][\/vc_column][vc_column width=&#8220;10\/12&#8243;][vc_row_inner][vc_column_inner width=&#8220;1\/4&#8243;][vc_single_image image=&#8220;9932&#8243; img_size=&#8220;full&#8220; alignment=&#8220;center&#8220;][vc_column_text]<\/p>\n<p style=\"text-align: center;\"><strong>Oro | Ral 280M<\/strong><\/p>\n<p>[\/vc_column_text][\/vc_column_inner][vc_column_inner width=&#8220;1\/4&#8243;][vc_single_image image=&#8220;9936&#8243; img_size=&#8220;full&#8220; alignment=&#8220;center&#8220;][vc_column_text]<\/p>\n<p style=\"text-align: center;\"><strong>Oro Viejo | Ral 1036<\/strong><\/p>\n<p>[\/vc_column_text][\/vc_column_inner][vc_column_inner width=&#8220;1\/4&#8243;][vc_single_image image=&#8220;9928&#8243; img_size=&#8220;full&#8220; alignment=&#8220;center&#8220;][vc_column_text]<\/p>\n<p style=\"text-align: center;\"><strong>Cobre | Ral 8004<\/strong><\/p>\n<p>[\/vc_column_text][\/vc_column_inner][vc_column_inner width=&#8220;1\/4&#8243;][vc_single_image image=&#8220;9944&#8243; img_size=&#8220;full&#8220; alignment=&#8220;center&#8220;][vc_column_text]<\/p>\n<p style=\"text-align: center;\"><strong>Rosa | Ral 480M<\/strong><\/p>\n<p>[\/vc_column_text][\/vc_column_inner][\/vc_row_inner][vc_row_inner][vc_column_inner width=&#8220;1\/4&#8243;][vc_single_image image=&#8220;9940&#8243; img_size=&#8220;full&#8220; alignment=&#8220;center&#8220;][vc_column_text]<\/p>\n<p style=\"text-align: center;\"><strong>Plata | Ral 820M<\/strong><\/p>\n<p>[\/vc_column_text][\/vc_column_inner][vc_column_inner width=&#8220;1\/4&#8243;][vc_single_image image=&#8220;9948&#8243; img_size=&#8220;full&#8220; alignment=&#8220;center&#8220;][vc_column_text]<\/p>\n<p style=\"text-align: center;\"><strong>Titanio<\/strong><\/p>\n<p>[\/vc_column_text][\/vc_column_inner][vc_column_inner width=&#8220;1\/4&#8243;][vc_single_image image=&#8220;9952&#8243; img_size=&#8220;full&#8220; alignment=&#8220;center&#8220;][vc_column_text]<\/p>\n<p style=\"text-align: center;\"><strong>Turquesa | Ral 720M<\/strong><\/p>\n<p>[\/vc_column_text][\/vc_column_inner][vc_column_inner width=&#8220;1\/4&#8243;][\/vc_column_inner][\/vc_row_inner][\/vc_column][vc_column width=&#8220;1\/12&#8243;][\/vc_column][\/vc_row]<\/p>\n","protected":false},"excerpt":{"rendered":"<p>[vc_row el_class=&#8220;breadcrumb&#8220;][vc_column][\/vc_column][\/vc_row][vc_row full_width=&#8220;stretch_row&#8220; el_class=&#8220;texto_general bloque_intro intro_top&#8220;][vc_column width=&#8220;1\/6&#8243;][\/vc_column][vc_column width=&#8220;2\/3&#8243;][vc_column_text] Acryl Acryl ist eine Variante von Kunststoff, widerstandsf\u00e4hig, hochflexibel und leicht, wodurch es einfach zu handhaben, zu installieren und zu verlegen ist. Die Acryl-Badewannen von Zenon haben die folgenden Merkmale und Eigenschaften. [\/vc_column_text][\/vc_column][vc_column width=&#8220;1\/6&#8243;][\/vc_column][\/vc_row][vc_row full_width=&#8220;stretch_row_content_no_spaces&#8220; el_class=&#8220;banner_imagen_altura_completa&#8220; css=&#8220;.vc_custom_1668520473170{background-image: url(https:\/\/zenonsolidsurface.com\/wp-content\/uploads\/2022\/11\/acrylic-portada.jpg?id=10030) !important;background-position: center !important;background-repeat: no-repeat !important;background-size: cover !important;}&#8220;][vc_column][\/vc_column][\/vc_row][vc_row el_class=&#8220;texto_general bloque_intro [&hellip;]<\/p>\n","protected":false},"author":3,"featured_media":0,"parent":0,"menu_order":0,"comment_status":"closed","ping_status":"closed","template":"","meta":{"om_disable_all_campaigns":false,"footnotes":""},"class_list":["post-10094","page","type-page","status-publish","hentry"],"aioseo_notices":[],"_links":{"self":[{"href":"https:\/\/zenonsurfaces.com\/de\/wp-json\/wp\/v2\/pages\/10094","targetHints":{"allow":["GET"]}}],"collection":[{"href":"https:\/\/zenonsurfaces.com\/de\/wp-json\/wp\/v2\/pages"}],"about":[{"href":"https:\/\/zenonsurfaces.com\/de\/wp-json\/wp\/v2\/types\/page"}],"author":[{"embeddable":true,"href":"https:\/\/zenonsurfaces.com\/de\/wp-json\/wp\/v2\/users\/3"}],"replies":[{"embeddable":true,"href":"https:\/\/zenonsurfaces.com\/de\/wp-json\/wp\/v2\/comments?post=10094"}],"version-history":[{"count":7,"href":"https:\/\/zenonsurfaces.com\/de\/wp-json\/wp\/v2\/pages\/10094\/revisions"}],"predecessor-version":[{"id":10898,"href":"https:\/\/zenonsurfaces.com\/de\/wp-json\/wp\/v2\/pages\/10094\/revisions\/10898"}],"wp:attachment":[{"href":"https:\/\/zenonsurfaces.com\/de\/wp-json\/wp\/v2\/media?parent=10094"}],"curies":[{"name":"wp","href":"https:\/\/api.w.org\/{rel}","templated":true}]}}