{"id":10111,"date":"2022-11-16T14:33:01","date_gmt":"2022-11-16T13:33:01","guid":{"rendered":"https:\/\/zenonsolidsurface.com\/?page_id=10111"},"modified":"2025-10-24T11:23:22","modified_gmt":"2025-10-24T09:23:22","slug":"solid_surface","status":"publish","type":"page","link":"https:\/\/zenonsurfaces.com\/de\/solid_surface\/","title":{"rendered":"Solid Surface"},"content":{"rendered":"<p>[vc_row el_class=&#8220;breadcrumb&#8220;][vc_column][\/vc_column][\/vc_row][vc_row full_width=&#8220;stretch_row&#8220; el_class=&#8220;texto_general bloque_intro intro_top&#8220;][vc_column width=&#8220;1\/6&#8243;][\/vc_column][vc_column width=&#8220;2\/3&#8243;][vc_column_text]<\/p>\n<h2 style=\"text-align: center;\">Solid Surface<\/h2>\n<h3 style=\"text-align: center;\">Feste Oberfl\u00e4che<\/h3>\n<p style=\"text-align: center;\">Modernste Technologie und das Engagement f\u00fcr Innovation verleihen den Zenon-Materialien Gestalt, einem definitiven Werkzeug f\u00fcr die maximale Personalisierung von Gro\u00dfprojekten.<br \/>\nVielseitigkeit, Flexibilit\u00e4t und Design im Dienste von Architekten und Innenarchitekten.<\/p>\n<p>[\/vc_column_text][\/vc_column][vc_column width=&#8220;1\/6&#8243;][\/vc_column][\/vc_row][vc_row full_width=&#8220;stretch_row_content_no_spaces&#8220; el_class=&#8220;banner_imagen_altura_completa&#8220; css=&#8220;.vc_custom_1668434801362{background-image: url(https:\/\/zenonsolidsurface.com\/wp-content\/uploads\/2022\/11\/solid_portada.jpg?id=9959) !important;background-position: center !important;background-repeat: no-repeat !important;background-size: cover !important;}&#8220;][vc_column][\/vc_column][\/vc_row][vc_row el_class=&#8220;texto_general bloque_intro intro_imagen left&#8220;][vc_column width=&#8220;1\/2&#8243; el_class=&#8220;imagen&#8220;][vc_single_image image=&#8220;9966&#8243; img_size=&#8220;full&#8220; alignment=&#8220;center&#8220;][\/vc_column][vc_column width=&#8220;1\/2&#8243; el_class=&#8220;texto&#8220;][vc_row_inner][vc_column_inner width=&#8220;10\/12&#8243;][vc_column_text]<\/p>\n<h3>Keine Grenzen<\/h3>\n<p>Dies sind Produkte mit einer vollen Masse (Full Body). Es gibt keine Oberfl\u00e4chenschicht und das gesamte Produkt ist ein homogenes Gemisch aus Material.<\/p>\n<p>Diese Art von Verbundwerkstoff mit fester Oberfl\u00e4che (Polyesterharz) wird am h\u00e4ufigsten f\u00fcr die Injektion von Material in Formen verwendet. Das Ergebnis ist ein fertiges Produkt ohne sichtbare Fugen.<\/p>\n<p>Unser Solid Surface zeichnet sich durch seine Leichtigkeit und seine glatte Oberfl\u00e4che aus und tr\u00e4gt durch seine vielf\u00e4ltigen Einsatzm\u00f6glichkeiten zu einem besseren Design im Badezimmer und anderen R\u00e4umen bei.[\/vc_column_text][\/vc_column_inner][vc_column_inner width=&#8220;2\/12&#8243;][\/vc_column_inner][\/vc_row_inner][\/vc_column][\/vc_row][vc_row el_class=&#8220;texto_general bloque_intro intro_imagen right&#8220;][vc_column width=&#8220;1\/2&#8243; el_class=&#8220;texto&#8220;][vc_row_inner][vc_column_inner width=&#8220;2\/12&#8243;][\/vc_column_inner][vc_column_inner width=&#8220;10\/12&#8243;][vc_column_text]<\/p>\n<h3>Zusammensetzung Solid Surface<\/h3>\n<p>Polyesterharz : 34-45<br \/>\nTonerde-Trihydrat | 55-66%.<br \/>\nPigmente | 0-4%[\/vc_column_text][\/vc_column_inner][\/vc_row_inner][\/vc_column][vc_column width=&#8220;1\/2&#8243; el_class=&#8220;imagen&#8220;][vc_single_image image=&#8220;9971&#8243; img_size=&#8220;full&#8220; alignment=&#8220;center&#8220;][\/vc_column][\/vc_row][vc_row el_class=&#8220;texto_general bloque_intro intro_imagen left&#8220;][vc_column width=&#8220;1\/2&#8243; el_class=&#8220;imagen&#8220;][vc_single_image image=&#8220;9991&#8243; img_size=&#8220;full&#8220; alignment=&#8220;center&#8220;][\/vc_column][vc_column width=&#8220;1\/2&#8243; el_class=&#8220;texto&#8220;][vc_row_inner][vc_column_inner width=&#8220;10\/12&#8243;][vc_column_text]<\/p>\n<h3>Eigenschaften Solid Surface<\/h3>\n<p>Alle Masse<br \/>\nAntibakteriell<br \/>\nHohe H\u00e4rte<br \/>\nAnti-absorbierende Oberfl\u00e4che<br \/>\nThermofusion<br \/>\nFormbare<br \/>\nLeichtgewichtKeine sichtbaren N\u00e4hte<br \/>\nGletscher Wei\u00df<br \/>\nMattes Finish<\/p>\n<p>Leicht zu reinigen<br \/>\nReparierbar<br \/>\nKann geschnitten werden<br \/>\nAnpassungsf\u00e4hig an den Raum<\/p>\n<p>Wiederverwertbar[\/vc_column_text][\/vc_column_inner][vc_column_inner width=&#8220;2\/12&#8243;][\/vc_column_inner][\/vc_row_inner][\/vc_column][\/vc_row][vc_row full_width=&#8220;stretch_row_content&#8220; el_class=&#8220;relacionados_ficha_coleccion contenido_ficha coleccion_page_similares&#8220; css=&#8220;.vc_custom_1642505050716{border-top-width: 1px !important;border-top-color: #000000 !important;border-top-style: solid !important;}&#8220;][vc_column][\/vc_column][\/vc_row][vc_row full_width=&#8220;stretch_row&#8220; el_class=&#8220;texto_general bloque_intro intro_top&#8220;][vc_column width=&#8220;1\/6&#8243;][\/vc_column][vc_column width=&#8220;2\/3&#8243;][vc_column_text]<\/p>\n<h2 style=\"text-align: center;\">Ausf\u00fchrungen<\/h2>\n<p style=\"text-align: center;\">Unser Solid Surface-Material ist in vier verschiedenen Ausf\u00fchrungen erh\u00e4ltlich und bringt nat\u00fcrliche Strukturen in Ihr Badezimmer.<\/p>\n<p>[\/vc_column_text][\/vc_column][vc_column width=&#8220;1\/6&#8243;][\/vc_column][\/vc_row][vc_row el_class=&#8220;row_colores_gel_coat&#8220;][vc_column width=&#8220;1\/4&#8243;][\/vc_column][vc_column width=&#8220;1\/2&#8243;][vc_row_inner][vc_column_inner][vc_single_image image=&#8220;10265&#8243; img_size=&#8220;full&#8220; alignment=&#8220;center&#8220;][vc_column_text]<\/p>\n<p style=\"text-align: center;\"><strong>Soft<\/strong><\/p>\n<p>[\/vc_column_text][\/vc_column_inner][\/vc_row_inner][\/vc_column][vc_column width=&#8220;1\/4&#8243;][\/vc_column][\/vc_row][vc_row full_width=&#8220;stretch_row&#8220; el_class=&#8220;texto_general bloque_intro intro_top&#8220;][vc_column width=&#8220;1\/6&#8243;][\/vc_column][vc_column width=&#8220;2\/3&#8243;][vc_column_text]<\/p>\n<h2 style=\"text-align: center;\">Standard Farben<\/h2>\n<p style=\"text-align: center;\">F\u00fcr zus\u00e4tzliche Vielseitigkeit ist Solid Surface in zw\u00f6lf Farben in neutralen T\u00f6nen erh\u00e4ltlich, die perfekt zu jedem Stil passen.<\/p>\n<p style=\"text-align: center;\">Sie k\u00f6nnen sowohl im Innen- als auch im Au\u00dfenbereich auf der gesamten Oberfl\u00e4che des Produkts angebracht werden.<\/p>\n<p>[\/vc_column_text][\/vc_column][vc_column width=&#8220;1\/6&#8243;][\/vc_column][\/vc_row][vc_row el_class=&#8220;row_colores_gel_coat&#8220;][vc_column width=&#8220;1\/12&#8243;][\/vc_column][vc_column width=&#8220;10\/12&#8243;][vc_row_inner][vc_column_inner width=&#8220;1\/4&#8243;][vc_single_image image=&#8220;9896&#8243; img_size=&#8220;full&#8220; alignment=&#8220;center&#8220;][vc_column_text]<\/p>\n<p style=\"text-align: center;\"><strong>Natural | Ral 9001<\/strong><\/p>\n<p>[\/vc_column_text][\/vc_column_inner][vc_column_inner width=&#8220;1\/4&#8243;][vc_single_image image=&#8220;9884&#8243; img_size=&#8220;full&#8220; alignment=&#8220;center&#8220;][vc_column_text]<\/p>\n<p style=\"text-align: center;\"><strong>Cream | Ral 1019<\/strong><\/p>\n<p>[\/vc_column_text][\/vc_column_inner][vc_column_inner width=&#8220;1\/4&#8243;][vc_single_image image=&#8220;9892&#8243; img_size=&#8220;full&#8220; alignment=&#8220;center&#8220;][vc_column_text]<\/p>\n<p style=\"text-align: center;\"><strong>Moka | Ral 7006<\/strong><\/p>\n<p>[\/vc_column_text][\/vc_column_inner][vc_column_inner width=&#8220;1\/4&#8243;][vc_single_image image=&#8220;9908&#8243; img_size=&#8220;full&#8220; alignment=&#8220;center&#8220;][vc_column_text]<\/p>\n<p style=\"text-align: center;\"><strong>Nieve | Ral 9003<\/strong><\/p>\n<p>[\/vc_column_text][\/vc_column_inner][\/vc_row_inner][vc_row_inner][vc_column_inner width=&#8220;1\/4&#8243;][vc_single_image image=&#8220;9904&#8243; img_size=&#8220;full&#8220; alignment=&#8220;center&#8220;][vc_column_text]<\/p>\n<p style=\"text-align: center;\"><strong>New Pearl | Ral 7044<\/strong><\/p>\n<p>[\/vc_column_text][\/vc_column_inner][vc_column_inner width=&#8220;1\/4&#8243;][vc_single_image image=&#8220;9904&#8243; img_size=&#8220;full&#8220; alignment=&#8220;center&#8220;][vc_column_text]<\/p>\n<p style=\"text-align: center;\"><strong>Perla | Ral 7035<\/strong><\/p>\n<p>[\/vc_column_text][\/vc_column_inner][vc_column_inner width=&#8220;1\/4&#8243;][vc_single_image image=&#8220;9920&#8243; img_size=&#8220;full&#8220; alignment=&#8220;center&#8220;][vc_column_text]<\/p>\n<p style=\"text-align: center;\"><strong>Cemento | Ral 7037<\/strong><\/p>\n<p>[\/vc_column_text][\/vc_column_inner][vc_column_inner width=&#8220;1\/4&#8243;][vc_single_image image=&#8220;9916&#8243; img_size=&#8220;full&#8220; alignment=&#8220;center&#8220;][vc_column_text]<\/p>\n<p style=\"text-align: center;\"><strong>Antracita | Ral 7016<\/strong><\/p>\n<p>[\/vc_column_text][\/vc_column_inner][\/vc_row_inner][vc_row_inner][vc_column_inner width=&#8220;1\/4&#8243;][vc_single_image image=&#8220;9900&#8243; img_size=&#8220;full&#8220; alignment=&#8220;center&#8220;][vc_column_text]<\/p>\n<p style=\"text-align: center;\"><strong>Negro | Ral 9005<\/strong><\/p>\n<p>[\/vc_column_text][\/vc_column_inner][vc_column_inner width=&#8220;1\/4&#8243;][vc_single_image image=&#8220;9868&#8243; img_size=&#8220;full&#8220; alignment=&#8220;center&#8220;][vc_column_text]<\/p>\n<p style=\"text-align: center;\"><strong>Cobalt<\/strong><\/p>\n<p>[\/vc_column_text][\/vc_column_inner][vc_column_inner width=&#8220;1\/4&#8243;][vc_single_image image=&#8220;9876&#8243; img_size=&#8220;full&#8220; alignment=&#8220;center&#8220;][vc_column_text]<\/p>\n<p style=\"text-align: center;\"><strong>Sage<\/strong><\/p>\n<p>[\/vc_column_text][\/vc_column_inner][vc_column_inner width=&#8220;1\/4&#8243;][vc_single_image image=&#8220;9880&#8243; img_size=&#8220;full&#8220; alignment=&#8220;center&#8220;][vc_column_text]<\/p>\n<p style=\"text-align: center;\"><strong>Terracotta<\/strong><\/p>\n<p>[\/vc_column_text][\/vc_column_inner][\/vc_row_inner][vc_row_inner][vc_column_inner width=&#8220;1\/4&#8243;][vc_single_image image=&#8220;9872&#8243; img_size=&#8220;full&#8220; alignment=&#8220;center&#8220;][vc_column_text]<\/p>\n<p style=\"text-align: center;\"><strong>Ral<\/strong><\/p>\n<p style=\"text-align: center;\">Alle Gel Coat Modelle k\u00f6nnen mit allen Ral-Farben individuell gestaltet werden.<\/p>\n<p>[\/vc_column_text][\/vc_column_inner][\/vc_row_inner][\/vc_column][vc_column width=&#8220;1\/12&#8243;][\/vc_column][\/vc_row][vc_row full_width=&#8220;stretch_row&#8220; el_class=&#8220;texto_general bloque_intro intro_top&#8220;][vc_column width=&#8220;1\/6&#8243;][\/vc_column][vc_column width=&#8220;2\/3&#8243;][vc_column_text]<\/p>\n<h2 style=\"text-align: center;\">Metallische Farben<\/h2>\n<p style=\"text-align: center;\">Zenon wurde geboren, um zu gl\u00e4nzen. Deshalb bieten wir unsere Aufsatzwaschbecken, freistehenden Waschbecken und Badewannen in einer attraktiven Palette von Metallic-Farben an, einer Oberfl\u00e4che, die nicht unbemerkt bleibt und die Sie in einer Vielzahl von unwiderstehlichen Farben finden.<\/p>\n<p style=\"text-align: center;\">Metallicfarben k\u00f6nnen nur auf der Au\u00dfenseite des Produkts angebracht werden.<\/p>\n<p>[\/vc_column_text][\/vc_column][vc_column width=&#8220;1\/6&#8243;][\/vc_column][\/vc_row][vc_row el_class=&#8220;row_colores_gel_coat&#8220;][vc_column width=&#8220;1\/12&#8243;][\/vc_column][vc_column width=&#8220;10\/12&#8243;][vc_row_inner][vc_column_inner width=&#8220;1\/4&#8243;][vc_single_image image=&#8220;9932&#8243; img_size=&#8220;full&#8220; alignment=&#8220;center&#8220;][vc_column_text]<\/p>\n<p style=\"text-align: center;\"><strong>Oro | Ral 280M<\/strong><\/p>\n<p>[\/vc_column_text][\/vc_column_inner][vc_column_inner width=&#8220;1\/4&#8243;][vc_single_image image=&#8220;9936&#8243; img_size=&#8220;full&#8220; alignment=&#8220;center&#8220;][vc_column_text]<\/p>\n<p style=\"text-align: center;\"><strong>Oro Viejo | Ral 1036<\/strong><\/p>\n<p>[\/vc_column_text][\/vc_column_inner][vc_column_inner width=&#8220;1\/4&#8243;][vc_single_image image=&#8220;9928&#8243; img_size=&#8220;full&#8220; alignment=&#8220;center&#8220;][vc_column_text]<\/p>\n<p style=\"text-align: center;\"><strong>Cobre | Ral 8004<\/strong><\/p>\n<p>[\/vc_column_text][\/vc_column_inner][vc_column_inner width=&#8220;1\/4&#8243;][vc_single_image image=&#8220;9940&#8243; img_size=&#8220;full&#8220; alignment=&#8220;center&#8220;][vc_column_text]<\/p>\n<p style=\"text-align: center;\"><strong>Plata | Ral 820M<\/strong><\/p>\n<p>[\/vc_column_text][\/vc_column_inner][\/vc_row_inner][vc_row_inner][vc_column_inner width=&#8220;1\/4&#8243;][vc_single_image image=&#8220;9948&#8243; img_size=&#8220;full&#8220; alignment=&#8220;center&#8220;][vc_column_text]<\/p>\n<p style=\"text-align: center;\"><strong>Titanio<\/strong><\/p>\n<p>[\/vc_column_text][\/vc_column_inner][vc_column_inner width=&#8220;1\/4&#8243;][\/vc_column_inner][vc_column_inner width=&#8220;1\/4&#8243;][\/vc_column_inner][vc_column_inner width=&#8220;1\/4&#8243;][\/vc_column_inner][\/vc_row_inner][\/vc_column][vc_column width=&#8220;1\/12&#8243;][\/vc_column][\/vc_row]<\/p>\n","protected":false},"excerpt":{"rendered":"<p>[vc_row el_class=&#8220;breadcrumb&#8220;][vc_column][\/vc_column][\/vc_row][vc_row full_width=&#8220;stretch_row&#8220; el_class=&#8220;texto_general bloque_intro intro_top&#8220;][vc_column width=&#8220;1\/6&#8243;][\/vc_column][vc_column width=&#8220;2\/3&#8243;][vc_column_text] Solid Surface Feste Oberfl\u00e4che Modernste Technologie und das Engagement f\u00fcr Innovation verleihen den Zenon-Materialien Gestalt, einem definitiven Werkzeug f\u00fcr die maximale Personalisierung von Gro\u00dfprojekten. Vielseitigkeit, Flexibilit\u00e4t und Design im Dienste von Architekten und Innenarchitekten. [\/vc_column_text][\/vc_column][vc_column width=&#8220;1\/6&#8243;][\/vc_column][\/vc_row][vc_row full_width=&#8220;stretch_row_content_no_spaces&#8220; el_class=&#8220;banner_imagen_altura_completa&#8220; css=&#8220;.vc_custom_1668434801362{background-image: url(https:\/\/zenonsolidsurface.com\/wp-content\/uploads\/2022\/11\/solid_portada.jpg?id=9959) !important;background-position: center !important;background-repeat: no-repeat !important;background-size: cover !important;}&#8220;][vc_column][\/vc_column][\/vc_row][vc_row [&hellip;]<\/p>\n","protected":false},"author":3,"featured_media":0,"parent":0,"menu_order":0,"comment_status":"closed","ping_status":"closed","template":"","meta":{"om_disable_all_campaigns":false,"footnotes":""},"class_list":["post-10111","page","type-page","status-publish","hentry"],"aioseo_notices":[],"_links":{"self":[{"href":"https:\/\/zenonsurfaces.com\/de\/wp-json\/wp\/v2\/pages\/10111","targetHints":{"allow":["GET"]}}],"collection":[{"href":"https:\/\/zenonsurfaces.com\/de\/wp-json\/wp\/v2\/pages"}],"about":[{"href":"https:\/\/zenonsurfaces.com\/de\/wp-json\/wp\/v2\/types\/page"}],"author":[{"embeddable":true,"href":"https:\/\/zenonsurfaces.com\/de\/wp-json\/wp\/v2\/users\/3"}],"replies":[{"embeddable":true,"href":"https:\/\/zenonsurfaces.com\/de\/wp-json\/wp\/v2\/comments?post=10111"}],"version-history":[{"count":8,"href":"https:\/\/zenonsurfaces.com\/de\/wp-json\/wp\/v2\/pages\/10111\/revisions"}],"predecessor-version":[{"id":11621,"href":"https:\/\/zenonsurfaces.com\/de\/wp-json\/wp\/v2\/pages\/10111\/revisions\/11621"}],"wp:attachment":[{"href":"https:\/\/zenonsurfaces.com\/de\/wp-json\/wp\/v2\/media?parent=10111"}],"curies":[{"name":"wp","href":"https:\/\/api.w.org\/{rel}","templated":true}]}}