{"id":2534,"date":"2019-09-23T09:19:43","date_gmt":"2019-09-23T07:19:43","guid":{"rendered":"https:\/\/cifreceramica.com\/?page_id=2534"},"modified":"2022-02-03T13:10:28","modified_gmt":"2022-02-03T12:10:28","slug":"designabteilung","status":"publish","type":"page","link":"https:\/\/zenonsurfaces.com\/de\/designabteilung\/","title":{"rendered":"Designabteilung"},"content":{"rendered":"<p>[vc_row full_width=&#8220;stretch_row_content&#8220; el_class=&#8220;breadcrumb&#8220;][vc_column][\/vc_column][\/vc_row][vc_row el_class=&#8220;titulares_top_new filosofia&#8220;][vc_column width=&#8220;1\/6&#8243;][\/vc_column][vc_column width=&#8220;2\/3&#8243;][vc_column_text]<\/p>\n<h1 style=\"text-align: center;\">Designabteilung<\/h1>\n<p>[\/vc_column_text][\/vc_column][vc_column width=&#8220;1\/6&#8243;][\/vc_column][\/vc_row][vc_row full_width=&#8220;stretch_row_content_no_spaces&#8220; full_height=&#8220;yes&#8220; css=&#8220;.vc_custom_1641968482834{margin-top: 40px !important;background-position: center !important;background-repeat: no-repeat !important;background-size: cover !important;}&#8220;][vc_column][vc_single_image image=&#8220;7310&#8243; img_size=&#8220;full&#8220;][\/vc_column][\/vc_row][vc_row el_class=&#8220;bloque&#8220;][vc_column width=&#8220;5\/12&#8243;][vc_single_image img_size=&#8220;full&#8220; alignment=&#8220;center&#8220;][\/vc_column][vc_column width=&#8220;1\/12&#8243;][\/vc_column][vc_column width=&#8220;6\/12&#8243;][vc_column_text el_class=&#8220;texto_general&#8220;]<\/p>\n<p style=\"text-align: left;\"><strong>Design, Qualit\u00e4t und Avantgarde<\/strong><\/p>\n<p style=\"text-align: left;\">Avantgardistisches Design mit besten Produktionsprozessen. In Cifre Cer\u00e1mica haben wir einen sehr umfangreichen Katalog von Keramikprodukten und bieten Qualit\u00e4t, Avantgarde und Trend. Wir sind f\u00fchrend in Entwicklung und Produkten mit endlosen neuen Formaten und orientieren uns an den neuesten Keramiktrends. Wir verf\u00fcgen \u00fcber eine leistungsstarke interne Designabteilung, in der wir alle unsere Produkte entwickeln und den gesamten Prozess steuern: vom Design der Grafiken \u00fcber die Produktion bis hin zur Verpackung unserer Teile. Wir fertigen unser Produkt in mehreren Produktionszentren nach h\u00f6chsten Qualit\u00e4tsstandards und abh\u00e4ngig von der Produktivit\u00e4t jedes Formats. Ab heute produzieren wir Porzellan, por\u00f6s in wei\u00dfer und roter Paste sowie Steinzeug in roter Paste in allen Oberfl\u00e4chenarten und einer Vielzahl von Formaten, einschlie\u00dflich gro\u00dfer Formate mit geringer Dicke.<\/p>\n<p>[\/vc_column_text][\/vc_column][\/vc_row][vc_row el_class=&#8220;bloque&#8220;][vc_column width=&#8220;6\/12&#8243;][vc_column_text el_class=&#8220;texto_general&#8220;]<\/p>\n<p style=\"text-align: left;\"><strong>Design, Qualit\u00e4t und Avantgarde<\/strong><\/p>\n<p style=\"text-align: left;\">Avantgardistisches Design mit besten Produktionsprozessen. In Cifre Cer\u00e1mica haben wir einen sehr umfangreichen Katalog von Keramikprodukten und bieten Qualit\u00e4t, Avantgarde und Trend. Wir sind f\u00fchrend in Entwicklung und Produkten mit endlosen neuen Formaten und orientieren uns an den neuesten Keramiktrends. Wir verf\u00fcgen \u00fcber eine leistungsstarke interne Designabteilung, in der wir alle unsere Produkte entwickeln und den gesamten Prozess steuern: vom Design der Grafiken \u00fcber die Produktion bis hin zur Verpackung unserer Teile. Wir fertigen unser Produkt in mehreren Produktionszentren nach h\u00f6chsten Qualit\u00e4tsstandards und abh\u00e4ngig von der Produktivit\u00e4t jedes Formats. Ab heute produzieren wir Porzellan, por\u00f6s in wei\u00dfer und roter Paste sowie Steinzeug in roter Paste in allen Oberfl\u00e4chenarten und einer Vielzahl von Formaten, einschlie\u00dflich gro\u00dfer Formate mit geringer Dicke.<\/p>\n<p>[\/vc_column_text][\/vc_column][vc_column width=&#8220;1\/12&#8243;][\/vc_column][vc_column width=&#8220;5\/12&#8243;][vc_single_image img_size=&#8220;full&#8220; alignment=&#8220;center&#8220;][\/vc_column][\/vc_row][vc_row el_class=&#8220;bloque&#8220;][vc_column width=&#8220;1\/6&#8243; css=&#8220;.vc_custom_1565782183726{padding-top: 0px !important;}&#8220;][\/vc_column][vc_column width=&#8220;2\/3&#8243; css=&#8220;.vc_custom_1565782187421{padding-top: 0px !important;}&#8220;][vc_column_text el_class=&#8220;texto_general&#8220;]<\/p>\n<p style=\"text-align: center;\"><strong>Design, Qualit\u00e4t und Avantgarde<\/strong><\/p>\n<p style=\"text-align: center;\">Avantgardistisches Design mit besten Produktionsprozessen. In Cifre Cer\u00e1mica haben wir einen sehr umfangreichen Katalog von Keramikprodukten und bieten Qualit\u00e4t, Avantgarde und Trend. Wir sind f\u00fchrend in Entwicklung und Produkten mit endlosen neuen Formaten und orientieren uns an den neuesten Keramiktrends. Wir verf\u00fcgen \u00fcber eine leistungsstarke interne Designabteilung, in der wir alle unsere Produkte entwickeln und den gesamten Prozess steuern: vom Design der Grafiken \u00fcber die Produktion bis hin zur Verpackung unserer Teile. Wir fertigen unser Produkt in mehreren Produktionszentren nach h\u00f6chsten Qualit\u00e4tsstandards und abh\u00e4ngig von der Produktivit\u00e4t jedes Formats. Ab heute produzieren wir Porzellan, por\u00f6s in wei\u00dfer und roter Paste sowie Steinzeug in roter Paste in allen Oberfl\u00e4chenarten und einer Vielzahl von Formaten, einschlie\u00dflich gro\u00dfer Formate mit geringer Dicke.<\/p>\n<p>[\/vc_column_text][\/vc_column][vc_column width=&#8220;1\/6&#8243; css=&#8220;.vc_custom_1565782191970{padding-top: 0px !important;}&#8220;][\/vc_column][\/vc_row]<\/p>\n","protected":false},"excerpt":{"rendered":"<p>[vc_row full_width=&#8220;stretch_row_content&#8220; el_class=&#8220;breadcrumb&#8220;][vc_column][\/vc_column][\/vc_row][vc_row el_class=&#8220;titulares_top_new filosofia&#8220;][vc_column width=&#8220;1\/6&#8243;][\/vc_column][vc_column width=&#8220;2\/3&#8243;][vc_column_text] Designabteilung [\/vc_column_text][\/vc_column][vc_column width=&#8220;1\/6&#8243;][\/vc_column][\/vc_row][vc_row full_width=&#8220;stretch_row_content_no_spaces&#8220; full_height=&#8220;yes&#8220; css=&#8220;.vc_custom_1641968482834{margin-top: 40px !important;background-position: center !important;background-repeat: no-repeat !important;background-size: cover !important;}&#8220;][vc_column][vc_single_image image=&#8220;7310&#8243; img_size=&#8220;full&#8220;][\/vc_column][\/vc_row][vc_row el_class=&#8220;bloque&#8220;][vc_column width=&#8220;5\/12&#8243;][vc_single_image img_size=&#8220;full&#8220; alignment=&#8220;center&#8220;][\/vc_column][vc_column width=&#8220;1\/12&#8243;][\/vc_column][vc_column width=&#8220;6\/12&#8243;][vc_column_text el_class=&#8220;texto_general&#8220;] Design, Qualit\u00e4t und Avantgarde Avantgardistisches Design mit besten Produktionsprozessen. In Cifre Cer\u00e1mica haben wir einen sehr umfangreichen Katalog von Keramikprodukten und bieten Qualit\u00e4t, Avantgarde und [&hellip;]<\/p>\n","protected":false},"author":1,"featured_media":0,"parent":0,"menu_order":0,"comment_status":"closed","ping_status":"closed","template":"","meta":{"om_disable_all_campaigns":false,"footnotes":""},"class_list":["post-2534","page","type-page","status-publish","hentry"],"aioseo_notices":[],"_links":{"self":[{"href":"https:\/\/zenonsurfaces.com\/de\/wp-json\/wp\/v2\/pages\/2534","targetHints":{"allow":["GET"]}}],"collection":[{"href":"https:\/\/zenonsurfaces.com\/de\/wp-json\/wp\/v2\/pages"}],"about":[{"href":"https:\/\/zenonsurfaces.com\/de\/wp-json\/wp\/v2\/types\/page"}],"author":[{"embeddable":true,"href":"https:\/\/zenonsurfaces.com\/de\/wp-json\/wp\/v2\/users\/1"}],"replies":[{"embeddable":true,"href":"https:\/\/zenonsurfaces.com\/de\/wp-json\/wp\/v2\/comments?post=2534"}],"version-history":[{"count":9,"href":"https:\/\/zenonsurfaces.com\/de\/wp-json\/wp\/v2\/pages\/2534\/revisions"}],"predecessor-version":[{"id":8067,"href":"https:\/\/zenonsurfaces.com\/de\/wp-json\/wp\/v2\/pages\/2534\/revisions\/8067"}],"wp:attachment":[{"href":"https:\/\/zenonsurfaces.com\/de\/wp-json\/wp\/v2\/media?parent=2534"}],"curies":[{"name":"wp","href":"https:\/\/api.w.org\/{rel}","templated":true}]}}