{"id":2577,"date":"2019-08-20T11:21:21","date_gmt":"2019-08-20T09:21:21","guid":{"rendered":"https:\/\/cifreceramica.com\/?page_id=2577"},"modified":"2022-03-04T15:46:15","modified_gmt":"2022-03-04T14:46:15","slug":"brickmore","status":"publish","type":"page","link":"https:\/\/zenonsurfaces.com\/de\/brickmore\/","title":{"rendered":"Brick &#038; More"},"content":{"rendered":"<p>[vc_row full_width=&#8220;stretch_row_content&#8220; el_class=&#8220;breadcrumb&#8220;][vc_column][\/vc_column][\/vc_row][vc_row el_class=&#8220;bloque&#8220;][vc_column width=&#8220;1\/6&#8243;][\/vc_column][vc_column width=&#8220;2\/3&#8243;][vc_single_image image=&#8220;8111&#8243; img_size=&#8220;full&#8220; alignment=&#8220;center&#8220;][vc_column_text el_class=&#8220;texto_bm&#8220;]<\/p>\n<p style=\"text-align: center;\"><strong>Gro\u00dfformatige Feinsteinzeugfliese<\/strong><\/p>\n<p style=\"text-align: center;\">Die gro\u00dfformatige Porzellanfliese XLIFE von Cifre Cer\u00e1mica ist die Antwort auf die neuen Anforderungen der Architektur und der Innenarchitektur. Wir erweitern unsere Produktpalette um eine Kollektion gro\u00dfer St\u00fccke, die nicht nur die technischen und mechanischen Eigenschaften von Keramik aufweisen, sondern sich dank ihres innovativen Designs auch ideal zur Aufwertung aller Arten von R\u00e4umen eignen.<\/p>\n<p>[\/vc_column_text][\/vc_column][vc_column width=&#8220;1\/6&#8243;][\/vc_column][\/vc_row][vc_row el_class=&#8220;slide_marcas&#8220; css=&#8220;.vc_custom_1566297096084{margin-top: 60px !important;}&#8220;][vc_column][vc_column_text][\/vc_column_text][\/vc_column][\/vc_row][vc_row full_width=&#8220;stretch_row&#8220; el_class=&#8220;filtros-xlife filtros_bm&#8220;][vc_column width=&#8220;1\/4&#8243;][vc_column_text]<div class=\"vc_btn3-container   boton_negro boton_novedades vc_btn3-left novedades-vertodas\"><a class=\"\" href=\"?new=no\">Alle sehen<\/a><\/div><div class=\"vc_btn3-container   boton_negro boton_novedades vc_btn3-left novedades-solonovedades\"><a class=\" active \" href=\"?new=yes\">Neuheit<\/a><\/div>[\/vc_column_text][\/vc_column][vc_column width=&#8220;3\/4&#8243;]<div class=\"wpb_raw_code wpb_content_element wpb_raw_html select_xlife\">\n<form id=\"form_sel\" method=\"POST\">\n<div class=\"wpb_wrapper\"><select name=\"filtro_xlife_coleccion\" class=\"\"><option value=\"\">Serie<\/option><\/select><select name=\"filtro_xlife_inspiracion\" class=\"\"><option value=\"\">Inspiration<\/option><\/select><select name=\"filtro_xlife_formato\" class=\"\"><option value=\"\">Formate<\/option><\/select><select name=\"filtro_xlife_acabado\" class=\"\"><option value=\"\">Ausf\u00fchrung<\/option><\/select><\/div><\/form>\n<\/div>\n<script>\n\t\t\tjQuery(\".select_xlife select\").on( \"change\", function() {\n\n\t\t\t\t\tjQuery(\"#form_sel\").submit();\n\n\t\t\t\t} );\n\n\t\t\t<\/script>[\/vc_column][\/vc_row][vc_row css=&#8220;.vc_custom_1642669901703{margin-top: 1px !important;margin-bottom: 0px !important;border-bottom-width: 1px !important;border-bottom-color: #0a0a0a !important;border-bottom-style: solid !important;}&#8220; el_class=&#8220;listado_bm&#8220;][vc_column]<div class=\"listado_ferias\">[vc_row el_class=&#8220;&#8220; ][\/vc_row]<\/div>[\/vc_column][\/vc_row]<\/p>\n","protected":false},"excerpt":{"rendered":"<p>[vc_row full_width=&#8220;stretch_row_content&#8220; el_class=&#8220;breadcrumb&#8220;][vc_column][\/vc_column][\/vc_row][vc_row el_class=&#8220;bloque&#8220;][vc_column width=&#8220;1\/6&#8243;][\/vc_column][vc_column width=&#8220;2\/3&#8243;][vc_single_image image=&#8220;8111&#8243; img_size=&#8220;full&#8220; alignment=&#8220;center&#8220;][vc_column_text el_class=&#8220;texto_bm&#8220;] Gro\u00dfformatige Feinsteinzeugfliese Die gro\u00dfformatige Porzellanfliese XLIFE von Cifre Cer\u00e1mica ist die Antwort auf die neuen Anforderungen der Architektur und der Innenarchitektur. Wir erweitern unsere Produktpalette um eine Kollektion gro\u00dfer St\u00fccke, die nicht nur die technischen und mechanischen Eigenschaften von Keramik aufweisen, sondern sich dank ihres [&hellip;]<\/p>\n","protected":false},"author":1,"featured_media":0,"parent":0,"menu_order":0,"comment_status":"closed","ping_status":"closed","template":"","meta":{"om_disable_all_campaigns":false,"footnotes":""},"class_list":["post-2577","page","type-page","status-publish","hentry"],"aioseo_notices":[],"_links":{"self":[{"href":"https:\/\/zenonsurfaces.com\/de\/wp-json\/wp\/v2\/pages\/2577","targetHints":{"allow":["GET"]}}],"collection":[{"href":"https:\/\/zenonsurfaces.com\/de\/wp-json\/wp\/v2\/pages"}],"about":[{"href":"https:\/\/zenonsurfaces.com\/de\/wp-json\/wp\/v2\/types\/page"}],"author":[{"embeddable":true,"href":"https:\/\/zenonsurfaces.com\/de\/wp-json\/wp\/v2\/users\/1"}],"replies":[{"embeddable":true,"href":"https:\/\/zenonsurfaces.com\/de\/wp-json\/wp\/v2\/comments?post=2577"}],"version-history":[{"count":16,"href":"https:\/\/zenonsurfaces.com\/de\/wp-json\/wp\/v2\/pages\/2577\/revisions"}],"predecessor-version":[{"id":4814,"href":"https:\/\/zenonsurfaces.com\/de\/wp-json\/wp\/v2\/pages\/2577\/revisions\/4814"}],"wp:attachment":[{"href":"https:\/\/zenonsurfaces.com\/de\/wp-json\/wp\/v2\/media?parent=2577"}],"curies":[{"name":"wp","href":"https:\/\/api.w.org\/{rel}","templated":true}]}}