{"id":4252,"date":"2020-04-15T13:15:39","date_gmt":"2020-04-15T11:15:39","guid":{"rendered":"https:\/\/cifreceramica.com\/cifre-store-carrito\/"},"modified":"2020-12-11T14:58:57","modified_gmt":"2020-12-11T13:58:57","slug":"cifre-store-carrito","status":"publish","type":"page","link":"https:\/\/zenonsurfaces.com\/de\/cifre-store-carrito\/","title":{"rendered":"Cifre store carrito"},"content":{"rendered":"<p>[vc_row full_width=&#8220;stretch_row_content&#8220; el_class=&#8220;breadcrumb&#8220;][vc_column][\/vc_column][\/vc_row][vc_row full_width=&#8220;stretch_row&#8220; el_class=&#8220;cabecera_store&#8220;][vc_column width=&#8220;1\/3&#8243;][\/vc_column][vc_column width=&#8220;1\/3&#8243;][vc_column_text]<\/p>\n<h1>Cifre Store<\/h1>\n<p>[\/vc_column_text][\/vc_column][vc_column width=&#8220;1\/3&#8243;][vc_column_text el_class=\"carrito_store\"](<span id=\"num_el_cart\">0<\/span>)<a href=\"https:\/\/zenonsurfaces.com\/de\/\/cifre-store-carrito\"><img loading=\"lazy\" decoding=\"async\" class=\"alignnone size-full wp-image-4134\" src=\"https:\/\/cifreceramica.com\/wp-content\/uploads\/2020\/04\/carrito.png\" alt=\"\" width=\"30\" height=\"30\" \/><\/a>[\/vc_column_text][\/vc_column][\/vc_row][vc_row el_class=&#8220;carrito_store_tabla&#8220;][vc_column width=&#8220;1\/6&#8243;][\/vc_column][vc_column width=&#8220;2\/3&#8243;][vc_row_inner ][vc_column][vc_custom_heading text=\"Lo sentimos, este apartado es de uso restringido.\n<br>Lamentamos las molestias. Un saludo.\" font_container=\"tag:div|font_size:20|text_align:center|color:%233f3f3f|line_height:30px\" use_theme_fonts=\"yes\"][\/vc_column][\/vc_row_inner][vc_row_inner el_class=&#8220;finalizar_pedido_store&#8220;][vc_column_inner width=&#8220;1\/2&#8243;][\/vc_column_inner][vc_column_inner width=&#8220;1\/2&#8243;][vc_column_text el_class=&#8220;total_pedido_store&#8220;]<\/p>\n<p style=\"text-align: left;\"><strong>Gesamtbestellung (ohne MwSt.)<\/strong><\/p>\n<p style=\"text-align: right; float: right;\"><strong><span class=\"total_price\"><\/span> \u20ac<\/strong><\/p>\n<p>[\/vc_column_text][vc_btn title=&#8220;Bestellung beenden&#8220; style=&#8220;custom&#8220; custom_background=&#8220;#0a0a0a&#8220; custom_text=&#8220;#ffffff&#8220; shape=&#8220;square&#8220; align=&#8220;left&#8220; link=&#8220;url:%23|||&#8220; el_class=&#8220;btn_left&#8220; el_id=&#8220;boton_finalizar_pedido&#8220;][vc_btn title=&#8220;Weiter einkaufen&#8220; style=&#8220;outline-custom&#8220; outline_custom_color=&#8220;#0a0a0a&#8220; outline_custom_hover_background=&#8220;#0a0a0a&#8220; outline_custom_hover_text=&#8220;#ffffff&#8220; shape=&#8220;square&#8220; align=&#8220;left&#8220; link=&#8220;url:https%3A%2F%2Fcifreceramica.com%2Fcifre-store%2F|title:Cifre%20Store||&#8220;][vc_column_text el_class=&#8220;info_carrito_store&#8220;]Diese E-Mail ist ein Bestellformular und stellt keine Kaufbest\u00e4tigung dar. Sie erhalten in K\u00fcrze eine Proforma- oder offizielle Bestellung mit Nummer und offizieller Best\u00e4tigung von Preis, Lagerbestand und Ladebedingungen.<br \/>\nDer in diesem Shop gezeigte Bestand dient nur zur Orientierung und wird nicht in Echtzeit angezeigt. Abweichungen k\u00f6nnen vom Zeitpunkt der Formalisierung der Bestellanforderung bis zur Bearbeitung der Bestellung durch das Unternehmen oder bis zur Vorbereitung der Verladung bestehen.<\/p>\n<p>Full pallets only.<\/p>\n<p>Minimum Abnahme \u00a04 Palette f\u00fcr alle Formaten, ausser die Serien Brick and more<\/p>\n<p>Geringere Mengen von 300 m2 \u2013 Muss komplett bestellt werden<\/p>\n<p>Je nach Gegenstand der Bestandsanpassung kann die Ihnen zugesandte Proforma-Bestellung eine Abweichung von +\/- 10% Ihrer Bestellanforderung in Betracht ziehen.<\/p>\n<p>Die Preise der Produkte sind in Euro, enthalten keine Mehrwertsteuer oder andere Steuern und sind in den Bedingungen FRANCO FABRICA CIFRE CERAMICA, SL.<\/p>\n<p>Die Preise sind bis zum Ende des Lagerbestands g\u00fcltig.<\/p>\n<p>Komplem\u00e4nterteile m\u00fcssen in kompletten Kartons abgenommen werden, Bestellungen \u00fcber lose St\u00fccke sind nicht erlaubt.[\/vc_column_text][\/vc_column_inner][\/vc_row_inner][\/vc_column][vc_column width=&#8220;1\/6&#8243;][\/vc_column][\/vc_row]<\/p>\n","protected":false},"excerpt":{"rendered":"<p>[vc_row full_width=&#8220;stretch_row_content&#8220; el_class=&#8220;breadcrumb&#8220;][vc_column][\/vc_column][\/vc_row][vc_row full_width=&#8220;stretch_row&#8220; el_class=&#8220;cabecera_store&#8220;][vc_column width=&#8220;1\/3&#8243;][\/vc_column][vc_column width=&#8220;1\/3&#8243;][vc_column_text] Cifre Store [\/vc_column_text][\/vc_column][vc_column width=&#8220;1\/3&#8243;][\/vc_column][\/vc_row][vc_row el_class=&#8220;carrito_store_tabla&#8220;][vc_column width=&#8220;1\/6&#8243;][\/vc_column][vc_column width=&#8220;2\/3&#8243;][vc_row_inner el_class=&#8220;finalizar_pedido_store&#8220;][vc_column_inner width=&#8220;1\/2&#8243;][\/vc_column_inner][vc_column_inner width=&#8220;1\/2&#8243;][vc_column_text el_class=&#8220;total_pedido_store&#8220;] Gesamtbestellung (ohne MwSt.) \u20ac [\/vc_column_text][vc_btn title=&#8220;Bestellung beenden&#8220; style=&#8220;custom&#8220; custom_background=&#8220;#0a0a0a&#8220; custom_text=&#8220;#ffffff&#8220; shape=&#8220;square&#8220; align=&#8220;left&#8220; link=&#8220;url:%23|||&#8220; el_class=&#8220;btn_left&#8220; el_id=&#8220;boton_finalizar_pedido&#8220;][vc_btn title=&#8220;Weiter einkaufen&#8220; style=&#8220;outline-custom&#8220; outline_custom_color=&#8220;#0a0a0a&#8220; outline_custom_hover_background=&#8220;#0a0a0a&#8220; outline_custom_hover_text=&#8220;#ffffff&#8220; shape=&#8220;square&#8220; align=&#8220;left&#8220; link=&#8220;url:https%3A%2F%2Fcifreceramica.com%2Fcifre-store%2F|title:Cifre%20Store||&#8220;][vc_column_text el_class=&#8220;info_carrito_store&#8220;]Diese E-Mail ist ein Bestellformular und stellt keine Kaufbest\u00e4tigung dar. Sie erhalten in [&hellip;]<\/p>\n","protected":false},"author":1,"featured_media":0,"parent":0,"menu_order":0,"comment_status":"closed","ping_status":"closed","template":"","meta":{"om_disable_all_campaigns":false,"footnotes":""},"class_list":["post-4252","page","type-page","status-publish","hentry"],"aioseo_notices":[],"_links":{"self":[{"href":"https:\/\/zenonsurfaces.com\/de\/wp-json\/wp\/v2\/pages\/4252","targetHints":{"allow":["GET"]}}],"collection":[{"href":"https:\/\/zenonsurfaces.com\/de\/wp-json\/wp\/v2\/pages"}],"about":[{"href":"https:\/\/zenonsurfaces.com\/de\/wp-json\/wp\/v2\/types\/page"}],"author":[{"embeddable":true,"href":"https:\/\/zenonsurfaces.com\/de\/wp-json\/wp\/v2\/users\/1"}],"replies":[{"embeddable":true,"href":"https:\/\/zenonsurfaces.com\/de\/wp-json\/wp\/v2\/comments?post=4252"}],"version-history":[{"count":6,"href":"https:\/\/zenonsurfaces.com\/de\/wp-json\/wp\/v2\/pages\/4252\/revisions"}],"predecessor-version":[{"id":4959,"href":"https:\/\/zenonsurfaces.com\/de\/wp-json\/wp\/v2\/pages\/4252\/revisions\/4959"}],"wp:attachment":[{"href":"https:\/\/zenonsurfaces.com\/de\/wp-json\/wp\/v2\/media?parent=4252"}],"curies":[{"name":"wp","href":"https:\/\/api.w.org\/{rel}","templated":true}]}}