{"id":9374,"date":"2022-06-30T08:15:41","date_gmt":"2022-06-30T06:15:41","guid":{"rendered":"https:\/\/zenonsolidsurface.atic.green\/productos-intro\/"},"modified":"2025-10-30T12:53:57","modified_gmt":"2025-10-30T11:53:57","slug":"productos-intro","status":"publish","type":"page","link":"https:\/\/zenonsurfaces.com\/de\/productos-intro\/","title":{"rendered":"Productos intro"},"content":{"rendered":"<p>[vc_row full_width=&#8220;stretch_row_content_no_spaces&#8220; full_height=&#8220;yes&#8220; css=&#8220;.vc_custom_1663925433624{background-image: url(https:\/\/zenonsolidsurface.com\/wp-content\/uploads\/2022\/09\/Sirio-Lavabo-Negro-Mate-01.jpg?id=9258) !important;background-position: center !important;background-repeat: no-repeat !important;background-size: cover !important;}&#8220;][vc_column][\/vc_column][\/vc_row][vc_row full_width=&#8220;stretch_row&#8220; el_class=&#8220;texto_general bloque_intro intro_top&#8220;][vc_column width=&#8220;1\/6&#8243;][\/vc_column][vc_column width=&#8220;2\/3&#8243;][vc_column_text]<\/p>\n<h2 style=\"text-align: center;\">Trendige Oberfl\u00e4chen<\/h2>\n<p style=\"text-align: center;\">Die neueste Technologie und das Engagement f\u00fcr Innovation und modernstes Design geben den Zenon-Materialien Gestalt, dem ultimativen Werkzeug, um Gro\u00dfprojekte maximal zu personalisieren. Vielseitigkeit, Flexibilit\u00e4t und Widerstandsf\u00e4higkeit im Dienste von Architekten und Innenarchitekten. Entdecken Sie die Oberfl\u00e4chen und Produkte, mit denen Sie die M\u00f6glichkeiten Ihres Projekts erweitern k\u00f6nnen.<\/p>\n<p>[\/vc_column_text][\/vc_column][vc_column width=&#8220;1\/6&#8243;][\/vc_column][\/vc_row][vc_row full_width=&#8220;stretch_row_content_no_spaces&#8220; el_class=&#8220;separador_linea&#8220;][vc_column][\/vc_column][\/vc_row][vc_row el_class=&#8220;texto_general bloque_intro intro_imagen right&#8220;][vc_column width=&#8220;1\/2&#8243; el_class=&#8220;texto&#8220;][vc_row_inner][vc_column_inner width=&#8220;2\/12&#8243;][\/vc_column_inner][vc_column_inner width=&#8220;10\/12&#8243;][vc_column_text]<\/p>\n<h3><u>SPC Boden- und Wandbel\u00e4ge.<\/u><\/h3>\n<p>Bei Zenon SPC Collection ver\u00e4ndern wir das Konzept der Renovierung mit unserer SPC-Produktpalette, die Ihnen das Leben leichter machen wird. Das SPC-Material ist aufgrund seiner au\u00dfergew\u00f6hnlichen Haltbarkeit, Widerstandsf\u00e4higkeit und Pflegeleichtigkeit eine zunehmend beliebte Wahl f\u00fcr Boden- und Wandbel\u00e4ge in Wohn-, Gewerbe- und Innenausbauprojekten. Er ist auch f\u00fcr seine hervorragende Schall- und W\u00e4rmed\u00e4mmung bekannt, die dazu beitr\u00e4gt, den Komfort in R\u00e4umen zu verbessern. Seine Oberfl\u00e4che, die verschiedene Ausf\u00fchrungen wie Holz oder Stein nachahmen kann, bietet eine attraktive und moderne \u00c4sthetik, w\u00e4hrend seine Best\u00e4ndigkeit gegen Wasser und Temperaturschwankungen es zu einem idealen Material f\u00fcr trockene und feuchte Umgebungen macht.<\/p>\n<p><a href=\"https:\/\/zenonsolidsurface.com\/de\/kollektionen\/kategorie\/Spc\/\">Produktfinder<\/a>[\/vc_column_text][\/vc_column_inner][\/vc_row_inner][\/vc_column][vc_column width=&#8220;1\/2&#8243; el_class=&#8220;imagen&#8220;][vc_single_image image=&#8220;11431&#8243; img_size=&#8220;full&#8220; alignment=&#8220;center&#8220;][\/vc_column][\/vc_row][vc_row full_width=&#8220;stretch_row_content_no_spaces&#8220; el_class=&#8220;separador_linea&#8220;][vc_column][\/vc_column][\/vc_row][vc_row el_class=&#8220;texto_general bloque_intro intro_imagen left&#8220;][vc_column width=&#8220;1\/2&#8243; el_class=&#8220;imagen&#8220;][vc_single_image image=&#8220;10706&#8243; img_size=&#8220;full&#8220; alignment=&#8220;center&#8220;][\/vc_column][vc_column width=&#8220;1\/2&#8243; el_class=&#8220;texto&#8220;][vc_row_inner][vc_column_inner width=&#8220;10\/12&#8243;][vc_column_text]<\/p>\n<h3>Duschwannen<\/h3>\n<p>Reinheit, Sauberkeit und Qualit\u00e4t. Zenon Duschwannen bieten eine ma\u00dfgeschneiderte L\u00f6sung f\u00fcr die Badgestaltung. Diese St\u00fccke kombinieren die Garantien fortschrittlicher Materialien mit dem innovativsten Design. Unser Katalog \u00fcberrascht durch die Vielfalt der Farben, durch die Einf\u00fchrung nat\u00fcrlicher Strukturen und durch die M\u00f6glichkeit, die Gr\u00f6\u00dfe der Duschwannen an die Bed\u00fcrfnisse Ihres Projekts anzupassen.<\/p>\n<p><a href=\"https:\/\/zenonsolidsurface.com\/de\/kollektionen\/kategorie\/Plato%20Ducha\/\">Produktfinder<\/a>[\/vc_column_text][\/vc_column_inner][vc_column_inner width=&#8220;2\/12&#8243;][\/vc_column_inner][\/vc_row_inner][\/vc_column][\/vc_row][vc_row full_width=&#8220;stretch_row_content_no_spaces&#8220; el_class=&#8220;separador_linea&#8220;][vc_column][\/vc_column][\/vc_row][vc_row el_class=&#8220;texto_general bloque_intro intro_imagen right&#8220;][vc_column width=&#8220;1\/2&#8243; el_class=&#8220;texto&#8220;][vc_row_inner][vc_column_inner width=&#8220;2\/12&#8243;][\/vc_column_inner][vc_column_inner width=&#8220;10\/12&#8243;][vc_column_text]<\/p>\n<h3>Badewannen<\/h3>\n<p>Zenon macht Badewannen zum Zentrum der Aufmerksamkeit. Ein eindeutiges Bekenntnis zum Design, mit dem Sie dank seiner exklusiven Formen originelle R\u00e4ume schaffen k\u00f6nnen. Freistehende Badewannen, Einbauwannen, runde Badewannen, ovale Badewannen&#8230; Wenn Sie sich f\u00fcr eine Zenon-Badewanne entscheiden, verleihen Sie ihr einen Hauch von Pers\u00f6nlichkeit, Originalit\u00e4t und Eleganz. Unsere Badewannen sind in verschiedenen Materialien, Farben und Verarbeitungen erh\u00e4ltlich. Au\u00dferdem k\u00f6nnen sie in der Gr\u00f6\u00dfe angepasst werden, damit sie in jedes Projekt passen. Entdecken Sie sie!<\/p>\n<p><a href=\"https:\/\/zenonsolidsurface.com\/de\/kollektionen\/kategorie\/Ba%C3%B1eras\/\">Produktfinder<\/a>[\/vc_column_text][\/vc_column_inner][\/vc_row_inner][\/vc_column][vc_column width=&#8220;1\/2&#8243; el_class=&#8220;imagen&#8220;][vc_single_image image=&#8220;9217&#8243; img_size=&#8220;full&#8220; alignment=&#8220;center&#8220;][\/vc_column][\/vc_row][vc_row full_width=&#8220;stretch_row_content_no_spaces&#8220; el_class=&#8220;separador_linea&#8220;][vc_column][\/vc_column][\/vc_row][vc_row el_class=&#8220;texto_general bloque_intro intro_imagen left&#8220;][vc_column width=&#8220;1\/2&#8243; el_class=&#8220;imagen&#8220;][vc_single_image image=&#8220;9205&#8243; img_size=&#8220;full&#8220; alignment=&#8220;center&#8220;][\/vc_column][vc_column width=&#8220;1\/2&#8243; el_class=&#8220;texto&#8220;][vc_row_inner][vc_column_inner width=&#8220;10\/12&#8243;][vc_column_text]<\/p>\n<h3>Waschbecken<\/h3>\n<p>Zenon verbessert das Baddesign mit einer Waschbeckenkollektion, die \u00c4sthetik, Funktionalit\u00e4t und innovative Materialien miteinander verbindet. Von minimalistischen Aufsatzwaschbecken bis hin zu skulpturalen, freistehenden Waschbecken ist jedes St\u00fcck so konzipiert, dass es sich sowohl in private als auch in gewerbliche Projekte stilvoll einf\u00fcgt.<br \/>\nUnsere freistehenden Waschbecken zeichnen sich durch ihr elegantes Design und ihre visuelle Wirkung aus. Die Formen reichen von runden, romantisch anmutenden bis hin zu quadratischen Vorschl\u00e4gen mit modernen Linien. Sie bieten eine nahtlose Oberfl\u00e4che und sind in neun Standardfarben erh\u00e4ltlich, mit der M\u00f6glichkeit, das \u00c4u\u00dfere in raffinierten Metallt\u00f6nen zu gestalten.<br \/>\nMit einer gro\u00dfen Auswahl an Modellen, Oberfl\u00e4chen und Formaten wird die Waschtischkollektion von Zenon zu einem vielseitigen Werkzeug f\u00fcr Architekten und Innenarchitekten, die nach unverwechselbaren, widerstandsf\u00e4higen, leichten und hygienischen L\u00f6sungen suchen.<\/p>\n<p><a href=\"https:\/\/zenonsolidsurface.com\/de\/kollektionen\/kategorie\/Lavabos\/\">Produktfinder<\/a>[\/vc_column_text][\/vc_column_inner][vc_column_inner width=&#8220;2\/12&#8243;][\/vc_column_inner][\/vc_row_inner][\/vc_column][\/vc_row][vc_row full_width=&#8220;stretch_row_content_no_spaces&#8220; el_class=&#8220;separador_linea&#8220;][vc_column][\/vc_column][\/vc_row][vc_row el_class=&#8220;texto_general bloque_intro intro_imagen right&#8220;][vc_column width=&#8220;1\/2&#8243; el_class=&#8220;texto&#8220;][vc_row_inner][vc_column_inner width=&#8220;2\/12&#8243;][\/vc_column_inner][vc_column_inner width=&#8220;10\/12&#8243;][vc_column_text]<\/p>\n<h3>M\u00f6bel f\u00fcr das Badezimmer<\/h3>\n<p>Die Badezimmerm\u00f6bel von Zenon sind leicht, funktional und bis ins kleinste Detail durchdacht und eignen sich perfekt f\u00fcr Wohn- und Objektprojekte. Unsere Kollektion umfasst weit mehr als nur Badezimmerm\u00f6bel und bietet eine umfassende Auswahl an L\u00f6sungen, mit denen Innenarchitekten und Architekten stimmige, elegante und vollst\u00e4ndig personalisierte R\u00e4ume gestalten k\u00f6nnen. Neben unseren Badm\u00f6beln wird die Kollektion durch Spiegel, Regale, Metallstrukturen und integrierte Nischen erg\u00e4nzt. Elemente, die Funktionalit\u00e4t und Charakter in den Raum bringen, ohne dabei auf die optische Leichtigkeit und Widerstandsf\u00e4higkeit zu verzichten, die alle Zenon-Produkte auszeichnen. Jedes St\u00fcck ist so konzipiert, dass es sich harmonisch in jeden Badezimmerstil einf\u00fcgt und selbst den avantgardistischsten Umgebungen ein Plus an Design und Funktionalit\u00e4t verleiht.<\/p>\n<p><a href=\"https:\/\/zenonsolidsurface.com\/de\/kollektionen\/kategorie\/Mobiliario\/\">Produktfinder<\/a>[\/vc_column_text][\/vc_column_inner][\/vc_row_inner][\/vc_column][vc_column width=&#8220;1\/2&#8243; el_class=&#8220;imagen&#8220;][vc_single_image image=&#8220;9209&#8243; img_size=&#8220;full&#8220; alignment=&#8220;center&#8220;][\/vc_column][\/vc_row][vc_row full_width=&#8220;stretch_row_content_no_spaces&#8220; el_class=&#8220;separador_linea&#8220;][vc_column][\/vc_column][\/vc_row][vc_row full_width=&#8220;stretch_row&#8220; el_class=&#8220;texto_general bloque_intro intro_bottom&#8220;][vc_column width=&#8220;1\/6&#8243;][\/vc_column][vc_column width=&#8220;2\/3&#8243;][vc_column_text]<\/p>\n<h2 style=\"text-align: center;\">Unsere Badematerialien<\/h2>\n<p>[\/vc_column_text][\/vc_column][vc_column width=&#8220;1\/6&#8243;][\/vc_column][\/vc_row][vc_row el_class=&#8220;texto_general bloque_intro intro_imagen bottom&#8220;][vc_column width=&#8220;1\/2&#8243; el_class=&#8220;izquierda&#8220;][vc_single_image image=&#8220;11648&#8243; img_size=&#8220;full&#8220; alignment=&#8220;center&#8220;][vc_column_text]<\/p>\n<h3>Gel coat<\/h3>\n<p>Dies ist der Name des Produkts, das f\u00fcr die Oberfl\u00e4chenschicht verwendet wird, die den mineralischen F\u00fcllstoff und die Harzmasse bedeckt. Es handelt sich also um eine hochwertige Beschichtung aus Polyesterharzen. Diese Oberfl\u00e4chenschicht wird mit dem K\u00f6rper thermisch verschmolzen und f\u00fchrt zu Produkten, die sich durch ihre Langlebigkeit, H\u00e4rte, Widerstandsf\u00e4higkeit gegen Hydrolyse und chemische Aggressionen sowie durch ihren antibakteriellen Charakter auszeichnen. Dar\u00fcber hinaus ist es ein Bekenntnis zum Design, da es die Schaffung innovativer Texturen im Badezimmer erm\u00f6glicht.[\/vc_column_text][vc_column_text el_class=&#8220;enlaces&#8220;]<a href=\"https:\/\/zenonsolidsurface.com\/de\/gel-coat\/\">Mehr Informationen<\/a>[\/vc_column_text][\/vc_column][vc_column width=&#8220;1\/2&#8243; el_class=&#8220;derecha&#8220;][vc_single_image image=&#8220;11644&#8243; img_size=&#8220;full&#8220; alignment=&#8220;center&#8220;][vc_column_text]<\/p>\n<h3>Smart Solid<\/h3>\n<p>Diese Acrylharzmischung wird normalerweise zur Herstellung von Platten oder Tafeln in verschiedenen Formaten verwendet. Sie ist ein viel perfekteres Material, das dank seiner Thermoformbarkeit vielseitiger ist als Solid. Au\u00dferdem ist es ein Vollmassivprodukt und bietet unendliche M\u00f6glichkeiten, Formen zu bauen, die an jeden Raum angepasst sind, ohne dass Sie sich auf eine Form beschr\u00e4nken m\u00fcssen. Das ultimative Designwerkzeug f\u00fcr Architekten und Innenarchitekten.[\/vc_column_text][vc_column_text el_class=&#8220;enlaces&#8220;]<a href=\"https:\/\/zenonsolidsurface.com\/de\/smart_solid-surface\/\">Mehr Informationen<\/a>[\/vc_column_text][\/vc_column][\/vc_row][vc_row el_class=&#8220;texto_general bloque_intro intro_imagen bottom&#8220;][vc_column width=&#8220;1\/2&#8243; el_class=&#8220;izquierda&#8220;][vc_single_image image=&#8220;11661&#8243; img_size=&#8220;full&#8220; alignment=&#8220;center&#8220;][vc_column_text]<\/p>\n<h3>Acrilyc<\/h3>\n<p>Acryl ist eine Kunststoffvariante, die widerstandsf\u00e4hig, hochflexibel und leicht ist, was die Handhabung, den Einbau und die Montage erleichtert.<br \/>\nSie zeichnen sich durch hohe Transparenz, hohe Sto\u00dffestigkeit (mehr als 15 Mal h\u00f6her als Glas) und Best\u00e4ndigkeit gegen ultraviolette Strahlen aus. Es ist ein hervorragender W\u00e4rme- und Schallisolator, sehr leicht und hat eine \u00e4hnliche H\u00e4rte wie Aluminium. Acryl erleichtert die Formgebung und Bearbeitung aufgrund seiner gro\u00dfen Flexibilit\u00e4t und Leichtigkeit und ist au\u00dferdem ein hervorragender W\u00e4rme- und Schalld\u00e4mpfer.[\/vc_column_text][vc_column_text el_class=&#8220;enlaces&#8220;]<a href=\"https:\/\/zenonsolidsurface.com\/de\/acrylic\/\">Mehr Informationen<\/a>[\/vc_column_text][\/vc_column][vc_column width=&#8220;1\/2&#8243; el_class=&#8220;derecha&#8220;][vc_single_image image=&#8220;11652&#8243; img_size=&#8220;full&#8220; alignment=&#8220;center&#8220;][vc_column_text]<\/p>\n<h3>Solid Surface<\/h3>\n<p>Dies sind alles Massenprodukte. Es gibt keine Oberfl\u00e4chenschicht und das gesamte Produkt ist eine homogene Materialmischung. Diese Art von Solid Surface Compound (Polyesterharz) wird am h\u00e4ufigsten zum Einspritzen von Material in Formen verwendet, wodurch ein fertiges Produkt ohne sichtbare Fugen entsteht. Unser Solid Surface zeichnet sich durch seine Leichtigkeit und seine glatte Oberfl\u00e4che aus und tr\u00e4gt durch seine vielf\u00e4ltigen Einsatzm\u00f6glichkeiten zu einem besseren Design im Badezimmer und anderen R\u00e4umen bei.[\/vc_column_text][vc_column_text el_class=&#8220;enlaces&#8220;]<a href=\"https:\/\/zenonsolidsurface.com\/de\/solid_surface\/\">Mehr Informationen<\/a>[\/vc_column_text][\/vc_column][\/vc_row]<\/p>\n","protected":false},"excerpt":{"rendered":"<p>[vc_row full_width=&#8220;stretch_row_content_no_spaces&#8220; full_height=&#8220;yes&#8220; css=&#8220;.vc_custom_1663925433624{background-image: url(https:\/\/zenonsolidsurface.com\/wp-content\/uploads\/2022\/09\/Sirio-Lavabo-Negro-Mate-01.jpg?id=9258) !important;background-position: center !important;background-repeat: no-repeat !important;background-size: cover !important;}&#8220;][vc_column][\/vc_column][\/vc_row][vc_row full_width=&#8220;stretch_row&#8220; el_class=&#8220;texto_general bloque_intro intro_top&#8220;][vc_column width=&#8220;1\/6&#8243;][\/vc_column][vc_column width=&#8220;2\/3&#8243;][vc_column_text] Trendige Oberfl\u00e4chen Die neueste Technologie und das Engagement f\u00fcr Innovation und modernstes Design geben den Zenon-Materialien Gestalt, dem ultimativen Werkzeug, um Gro\u00dfprojekte maximal zu personalisieren. Vielseitigkeit, Flexibilit\u00e4t und Widerstandsf\u00e4higkeit im Dienste von Architekten und Innenarchitekten. Entdecken Sie [&hellip;]<\/p>\n","protected":false},"author":1,"featured_media":0,"parent":0,"menu_order":0,"comment_status":"closed","ping_status":"closed","template":"","meta":{"om_disable_all_campaigns":false,"footnotes":""},"class_list":["post-9374","page","type-page","status-publish","hentry"],"aioseo_notices":[],"_links":{"self":[{"href":"https:\/\/zenonsurfaces.com\/de\/wp-json\/wp\/v2\/pages\/9374","targetHints":{"allow":["GET"]}}],"collection":[{"href":"https:\/\/zenonsurfaces.com\/de\/wp-json\/wp\/v2\/pages"}],"about":[{"href":"https:\/\/zenonsurfaces.com\/de\/wp-json\/wp\/v2\/types\/page"}],"author":[{"embeddable":true,"href":"https:\/\/zenonsurfaces.com\/de\/wp-json\/wp\/v2\/users\/1"}],"replies":[{"embeddable":true,"href":"https:\/\/zenonsurfaces.com\/de\/wp-json\/wp\/v2\/comments?post=9374"}],"version-history":[{"count":17,"href":"https:\/\/zenonsurfaces.com\/de\/wp-json\/wp\/v2\/pages\/9374\/revisions"}],"predecessor-version":[{"id":11668,"href":"https:\/\/zenonsurfaces.com\/de\/wp-json\/wp\/v2\/pages\/9374\/revisions\/11668"}],"wp:attachment":[{"href":"https:\/\/zenonsurfaces.com\/de\/wp-json\/wp\/v2\/media?parent=9374"}],"curies":[{"name":"wp","href":"https:\/\/api.w.org\/{rel}","templated":true}]}}