{"id":2486,"date":"2019-08-16T13:29:17","date_gmt":"2019-08-16T11:29:17","guid":{"rendered":"https:\/\/cifreceramica.com\/contacto\/"},"modified":"2025-02-17T11:33:58","modified_gmt":"2025-02-17T10:33:58","slug":"contact","status":"publish","type":"page","link":"https:\/\/zenonsurfaces.com\/fr\/contact\/","title":{"rendered":"Contact"},"content":{"rendered":"<p>[vc_row full_width=\u00a0\u00bbstretch_row_content\u00a0\u00bb el_class=\u00a0\u00bbbreadcrumb contacto_breadcrumb\u00a0\u00bb][vc_column][\/vc_column][\/vc_row][vc_row full_width=\u00a0\u00bbstretch_row\u00a0\u00bb el_class=\u00a0\u00bbbloque formulario_contacto_page\u00a0\u00bb css=\u00a0\u00bb.vc_custom_1739472168222{margin-top: 0px !important;padding-bottom: 60px !important;}\u00a0\u00bb][vc_column]<form id=\"solicita_informacion\"><div id=\"mensaje_solicitud\"><\/div><div class=\"vc_row titulo_form\"><div class=\"vc_col-sm-12\"><span>Contact<\/span><\/div><\/div><div class=\"vc_row selector_bullet\"><div class=\"vc_col-sm-12 radio-contacto-form\"><input type=\"radio\" id=\"empresa\" name=\"perfil\" value=\"empresa\"> <label for=\"empresa\">Je suis une compagnie<\/label><input type=\"radio\" id=\"particular\" name=\"perfil\" value=\"particular\"> <label for=\"particular\">Je suis priv\u00e9<\/label><\/div><\/div><div class=\"vc_row form_inputs\"><div class=\"vc_col-sm-12\"><div class=\"left\"><input name=\"nombre\" type=\"text\" placeholder=\"Nom*\"><input name=\"email\" type=\"text\" placeholder=\"Email*\"><input name=\"telefono\" type=\"text\" placeholder=\"T\u00e9l\u00e9phone\"><input name=\"poblacion\" type=\"text\" placeholder=\"Ville\"><input name=\"pais\" type=\"text\" placeholder=\"Pays\"><\/div><div class=\"right\"><textarea name=\"comentario\" placeholder=\"Commentaire*\"><\/textarea><\/div><\/div><\/div><div class=\"vc_row aceptaciones\"><div class=\"vc_col-sm-12\"><input type=\"checkbox\" id=\"yes1\" name=\"acepto\"> <label for=\"yes1\">J'ai lu et j'accepte la <a href=\"https:\/\/zenonsurfaces.com\/fr\/contact\/\" target=\"_blank\">politique de confidentialit\u00e9.<\/a><\/label><input type=\"checkbox\" id=\"yes2\" name=\"acepto_info_comercial\"><label for=\"yes2\"> J'accepte de recevoir des informations commerciales de Zenon<\/label><\/div><\/div><div class=\"vc_row envio_form\"><div class=\"vc_col-sm-12 btn-envio\"><p id=\"boton_enviar\"><input type=\"submit\" value=\"Envoyer\"><\/p><\/div><\/div><\/form>[\/vc_column][\/vc_row][vc_row full_width=\u00a0\u00bbstretch_row\u00a0\u00bb disable_element=\u00a0\u00bbyes\u00a0\u00bb el_class=\u00a0\u00bbbloque formulario_contacto_page\u00a0\u00bb css=\u00a0\u00bb.vc_custom_1739471888262{margin-top: 0px !important;padding-bottom: 60px !important;background-color: #f1f1f1 !important;}\u00a0\u00bb][vc_column width=\u00a0\u00bb1\/12&Prime; el_class=\u00a0\u00bbmapa_contacto\u00a0\u00bb][\/vc_column][vc_column width=\u00a0\u00bb10\/12&Prime;][vc_column_text]<\/p>\n<h2 style=\"text-align: center;\">Contactez-nous<\/h2>\n<p>[\/vc_column_text]<form id=\"solicita_informacion\"><div id=\"mensaje_solicitud\"><\/div><div class=\"vc_row titulo_form\"><div class=\"vc_col-sm-12\"><span>Contact<\/span><\/div><\/div><div class=\"vc_row selector_bullet\"><div class=\"vc_col-sm-12 radio-contacto-form\"><input type=\"radio\" id=\"empresa\" name=\"perfil\" value=\"empresa\"> <label for=\"empresa\">Je suis une compagnie<\/label><input type=\"radio\" id=\"particular\" name=\"perfil\" value=\"particular\"> <label for=\"particular\">Je suis priv\u00e9<\/label><\/div><\/div><div class=\"vc_row form_inputs\"><div class=\"vc_col-sm-12\"><div class=\"left\"><input name=\"nombre\" type=\"text\" placeholder=\"Nom*\"><input name=\"email\" type=\"text\" placeholder=\"Email*\"><input name=\"telefono\" type=\"text\" placeholder=\"T\u00e9l\u00e9phone\"><input name=\"poblacion\" type=\"text\" placeholder=\"Ville\"><input name=\"pais\" type=\"text\" placeholder=\"Pays\"><\/div><div class=\"right\"><textarea name=\"comentario\" placeholder=\"Commentaire*\"><\/textarea><\/div><\/div><\/div><div class=\"vc_row aceptaciones\"><div class=\"vc_col-sm-12\"><input type=\"checkbox\" id=\"yes1\" name=\"acepto\"> <label for=\"yes1\">J'ai lu et j'accepte la <a href=\"https:\/\/zenonsurfaces.com\/fr\/contact\/\" target=\"_blank\">politique de confidentialit\u00e9.<\/a><\/label><input type=\"checkbox\" id=\"yes2\" name=\"acepto_info_comercial\"><label for=\"yes2\"> J'accepte de recevoir des informations commerciales de Zenon<\/label><\/div><\/div><div class=\"vc_row envio_form\"><div class=\"vc_col-sm-12 btn-envio\"><p id=\"boton_enviar\"><input type=\"submit\" value=\"Envoyer\"><\/p><\/div><\/div><\/form>[\/vc_column][vc_column width=\u00a0\u00bb1\/12&Prime;][\/vc_column][\/vc_row][vc_row full_width=\u00a0\u00bbstretch_row_content_no_spaces\u00a0\u00bb disable_element=\u00a0\u00bbyes\u00a0\u00bb][vc_column][vc_gmaps link=\u00a0\u00bb#E-8_JTNDaWZyYW1lJTIwc3JjJTNEJTIyaHR0cHMlM0ElMkYlMkZ3d3cuZ29vZ2xlLmNvbSUyRm1hcHMlMkZlbWJlZCUzRnBiJTNEJTIxMW0xOCUyMTFtMTIlMjExbTMlMjExZDE3MzAyLjQzNTQxMzAzMjk4JTIxMmQtMC4yMDY2Nzc0NTg0NjAxMjE5MiUyMTNkMzkuOTQ4ODI5ODI0NzIzMzU0JTIxMm0zJTIxMWYwJTIxMmYwJTIxM2YwJTIxM20yJTIxMWkxMDI0JTIxMmk3NjglMjE0ZjEzLjElMjEzbTMlMjExbTIlMjExczB4ZDYwMDdhZGJiZmUxYzExJTI1M0EweGNjZTA2MzdmMjEwNmU1NjMlMjEyc1plbm9uJTI1MjBTb2xpZCUyNTIwU3VyZmFjZSUyMTVlMCUyMTNtMiUyMTFzZXMlMjEyc2VzJTIxNHYxNjY0MDg5MDk4MzM1JTIxNW0yJTIxMXNlcyUyMTJzZXMlMjIlMjB3aWR0aCUzRCUyMjYwMCUyMiUyMGhlaWdodCUzRCUyMjQ1MCUyMiUyMHN0eWxlJTNEJTIyYm9yZGVyJTNBMCUzQiUyMiUyMGFsbG93ZnVsbHNjcmVlbiUzRCUyMiUyMiUyMGxvYWRpbmclM0QlMjJsYXp5JTIyJTIwcmVmZXJyZXJwb2xpY3klM0QlMjJuby1yZWZlcnJlci13aGVuLWRvd25ncmFkZSUyMiUzRSUzQyUyRmlmcmFtZSUzRQ==\u00a0\u00bb][\/vc_column][\/vc_row][vc_row full_width=\u00a0\u00bbstretch_row_content_no_spaces\u00a0\u00bb][vc_column][vc_raw_html]JTNDZGl2JTIwaWQlM0QlMjJtYXAlMjIlMjBzdHlsZSUzRCUyMndpZHRoJTNBJTIwMTAwJTI1JTNCJTIwaGVpZ2h0JTNBJTIwNDUwcHglM0IlMjIlM0UlM0MlMkZkaXYlM0UlMEElMEElM0MlMjEtLSUyMEFncmVnYXIlMjBMZWFmbGV0JTIwLS0lM0UlMEElM0NsaW5rJTIwcmVsJTNEJTIyc3R5bGVzaGVldCUyMiUyMGhyZWYlM0QlMjJodHRwcyUzQSUyRiUyRnVucGtnLmNvbSUyRmxlYWZsZXQlNDAxLjkuNCUyRmRpc3QlMkZsZWFmbGV0LmNzcyUyMiUyMCUyRiUzRSUwQSUzQ3NjcmlwdCUyMHNyYyUzRCUyMmh0dHBzJTNBJTJGJTJGdW5wa2cuY29tJTJGbGVhZmxldCU0MDEuOS40JTJGZGlzdCUyRmxlYWZsZXQuanMlMjIlM0UlM0MlMkZzY3JpcHQlM0UlMEElMEElM0NzY3JpcHQlM0UlMEElMjAlMjBkb2N1bWVudC5hZGRFdmVudExpc3RlbmVyJTI4JTIyRE9NQ29udGVudExvYWRlZCUyMiUyQyUyMGZ1bmN0aW9uJTIwJTI4JTI5JTIwJTdCJTBBJTIwJTIwJTIwJTIwdmFyJTIwbWFwJTIwJTNEJTIwTC5tYXAlMjglMjdtYXAlMjclMjkuc2V0VmlldyUyOCU1QjM5Ljk1NSUyQyUyMC0wLjIwMCU1RCUyQyUyMDEzJTI5JTNCJTIwJTJGJTJGJTIwQ2VudHJvJTIwZGVsJTIwbWFwYSUwQSUwQSUyMCUyMCUyMCUyMCUyRiUyRiUyMFVzYXIlMjBDYXJ0byUyMFBvc2l0cm9uJTIwJTI4bWFwYSUyMGNsYXJvJTI5JTBBJTIwJTIwJTIwJTIwTC50aWxlTGF5ZXIlMjglMjdodHRwcyUzQSUyRiUyRiU3QnMlN0QuYmFzZW1hcHMuY2FydG9jZG4uY29tJTJGbGlnaHRfYWxsJTJGJTdCeiU3RCUyRiU3QnglN0QlMkYlN0J5JTdEJTdCciU3RC5wbmclMjclMkMlMjAlN0IlMEElMjAlMjAlMjAlMjAlMjAlMjBhdHRyaWJ1dGlvbiUzQSUyMCUyNyUyNmNvcHklM0IlMjAlM0NhJTIwaHJlZiUzRCUyMmh0dHBzJTNBJTJGJTJGd3d3Lm9wZW5zdHJlZXRtYXAub3JnJTJGY29weXJpZ2h0JTIyJTNFT3BlblN0cmVldE1hcCUzQyUyRmElM0UlMjBjb250cmlidXRvcnMlMjAlMjZjb3B5JTNCJTIwJTNDYSUyMGhyZWYlM0QlMjJodHRwcyUzQSUyRiUyRmNhcnRvLmNvbSUyRiUyMiUzRUNBUlRPJTNDJTJGYSUzRSUyNyUwQSUyMCUyMCUyMCUyMCU3RCUyOS5hZGRUbyUyOG1hcCUyOSUzQiUwQSUwQSUyMCUyMCUyMCUyMCUyRiUyRiUyMEFncmVnYXIlMjBwdW50b3MlMjBleGFjdG9zJTIwY29uJTIwYyVDMyVBRHJjdWxvJTIwbmVncm8lMEElMjAlMjAlMjAlMjB2YXIlMjBsb2NhdGlvbnMlMjAlM0QlMjAlNUIlMEElMjAlMjAlMjAlMjAlMjAlMjAlN0IlMjBjb29yZHMlM0ElMjAlNUIzOS45NTc0OCUyQyUyMC0wLjIwOTc3JTVEJTJDJTIwbmFtZSUzQSUyMCUyMkhlYWRxdWFydGVycyUyMiUyMCU3RCUyQyUwQSUyMCUyMCUyMCUyMCUyMCUyMCU3QiUyMGNvb3JkcyUzQSUyMCU1QjM5Ljk1NTE1JTJDJTIwLTAuMjAxMTclNUQlMkMlMjBuYW1lJTNBJTIwJTIyTG9naXN0aWMlMjBDZW50ZXIlMjIlMjAlN0QlMkMlMEElMjAlMjAlMjAlMjAlMjAlMjAlN0IlMjBjb29yZHMlM0ElMjAlNUIzOS45NTIzMTAlMkMlMjAtMC4xODQzNDQlNUQlMkMlMjBuYW1lJTNBJTIwJTIyTmV3JTIwU2hvd3Jvb20lMjIlMjAlN0QlMEElMjAlMjAlMjAlMjAlNUQlM0IlMEElMEElMjAlMjAlMjAlMjBsb2NhdGlvbnMuZm9yRWFjaCUyOGxvYyUyMCUzRCUzRSUyMCU3QiUwQSUyMCUyMCUyMCUyMCUyMCUyMEwuY2lyY2xlTWFya2VyJTI4bG9jLmNvb3JkcyUyQyUyMCU3QiUwQSUyMCUyMCUyMCUyMCUyMCUyMCUyMCUyMGNvbG9yJTNBJTIwJTI3YmxhY2slMjclMkMlMjAlMjAlMjAlMjAlMEElMjAlMjAlMjAlMjAlMjAlMjAlMjAlMjBmaWxsQ29sb3IlM0ElMjAlMjdibGFjayUyNyUyQyUyMCUwQSUyMCUyMCUyMCUyMCUyMCUyMCUyMCUyMGZpbGxPcGFjaXR5JTNBJTIwMSUyQyUyMCUyMCUyMCUyMCUyMCUwQSUyMCUyMCUyMCUyMCUyMCUyMCUyMCUyMHJhZGl1cyUzQSUyMDglMjAlMjAlMjAlMjAlMjAlMjAlMjAlMjAlMjAlMjAlMjAlMEElMjAlMjAlMjAlMjAlMjAlMjAlN0QlMjkuYWRkVG8lMjhtYXAlMjklMEElMjAlMjAlMjAlMjAlMjAlMjAlMjAlMjAuYmluZFBvcHVwJTI4JTYwJTNDYiUzRSUyNCU3QmxvYy5uYW1lJTdEJTNDJTJGYiUzRSU2MCUyOSUzQiUwQSUyMCUyMCUyMCUyMCU3RCUyOSUzQiUwQSUyMCUyMCU3RCUyOSUzQiUwQSUzQyUyRnNjcmlwdCUzRQ==[\/vc_raw_html][\/vc_column][\/vc_row][vc_row full_width=\u00a0\u00bbstretch_row_content_no_spaces\u00a0\u00bb disable_element=\u00a0\u00bbyes\u00a0\u00bb][vc_column][vc_column_text]<\/p>\n<h1 style=\"text-align: center;\">Les coordonn\u00e9es GPS.<\/h1>\n<p style=\"text-align: center;\">(<strong>Degr\u00e9s d\u00e9cimaux, (DD)<\/strong><\/p>\n<p style=\"text-align: center;\"><strong>Bureaux centraux:<\/strong>\u00a0 39.95748, -0.20977\u00a0 \u00a0|\u00a0 \u00a0<strong>Centre logistique:\u00a0 <\/strong>39.95515, -0.20117 | <strong>Nouvelle salle d\u00b4exposition:<\/strong> 39.952310 , -0.184344<\/p>\n<p>[\/vc_column_text][\/vc_column][\/vc_row][vc_row full_width=\u00a0\u00bbstretch_row\u00a0\u00bb disable_element=\u00a0\u00bbyes\u00a0\u00bb el_class=\u00a0\u00bbenlace_buscador_producto_home bloque enlaces_contacto\u00a0\u00bb css=\u00a0\u00bb.vc_custom_1690284329773{border-top-width: 1px !important;border-bottom-width: 1px !important;padding-bottom: 50px !important;border-top-color: #000000 !important;border-top-style: solid !important;border-bottom-color: #000000 !important;border-bottom-style: solid !important;}\u00a0\u00bb][vc_column width=\u00a0\u00bb1\/6&Prime;][\/vc_column][vc_column width=\u00a0\u00bb2\/3&Prime;][vc_column_text]<\/p>\n<h2 style=\"text-align: center;\">Elige los materiales que mejor se adaptan a tu proyecto.<\/h2>\n<p>[\/vc_column_text][vc_column_text]<\/p>\n<p style=\"text-align: center;\">Encuentra las colecciones de Zenon que mejor se adaptan a tu estilo de vida, tenemos una amplia gama de productos que te ayudar\u00e1n a crear espacios con los que te identificas.<\/p>\n<p>[\/vc_column_text][vc_column_text]<\/p>\n<p style=\"text-align: center;\"><a href=\"https:\/\/cifreceramica.com\/colecciones-busqueda-avanzada-serie\/\">Buscador de producto<\/a><\/p>\n<p>[\/vc_column_text][\/vc_column][vc_column width=\u00a0\u00bb1\/6&Prime;][\/vc_column][\/vc_row]<\/p>\n","protected":false},"excerpt":{"rendered":"<p>[vc_row full_width=\u00a0\u00bbstretch_row_content\u00a0\u00bb el_class=\u00a0\u00bbbreadcrumb contacto_breadcrumb\u00a0\u00bb][vc_column][\/vc_column][\/vc_row][vc_row full_width=\u00a0\u00bbstretch_row\u00a0\u00bb el_class=\u00a0\u00bbbloque formulario_contacto_page\u00a0\u00bb css=\u00a0\u00bb.vc_custom_1739472168222{margin-top: 0px !important;padding-bottom: 60px !important;}\u00a0\u00bb][vc_column][\/vc_column][\/vc_row][vc_row full_width=\u00a0\u00bbstretch_row\u00a0\u00bb disable_element=\u00a0\u00bbyes\u00a0\u00bb el_class=\u00a0\u00bbbloque formulario_contacto_page\u00a0\u00bb css=\u00a0\u00bb.vc_custom_1739471888262{margin-top: 0px !important;padding-bottom: 60px !important;background-color: #f1f1f1 !important;}\u00a0\u00bb][vc_column width=\u00a0\u00bb1\/12&Prime; el_class=\u00a0\u00bbmapa_contacto\u00a0\u00bb][\/vc_column][vc_column width=\u00a0\u00bb10\/12&Prime;][vc_column_text] Contactez-nous [\/vc_column_text][\/vc_column][vc_column width=\u00a0\u00bb1\/12&Prime;][\/vc_column][\/vc_row][vc_row full_width=\u00a0\u00bbstretch_row_content_no_spaces\u00a0\u00bb disable_element=\u00a0\u00bbyes\u00a0\u00bb][vc_column][vc_gmaps link=\u00a0\u00bb#E-8_JTNDaWZyYW1lJTIwc3JjJTNEJTIyaHR0cHMlM0ElMkYlMkZ3d3cuZ29vZ2xlLmNvbSUyRm1hcHMlMkZlbWJlZCUzRnBiJTNEJTIxMW0xOCUyMTFtMTIlMjExbTMlMjExZDE3MzAyLjQzNTQxMzAzMjk4JTIxMmQtMC4yMDY2Nzc0NTg0NjAxMjE5MiUyMTNkMzkuOTQ4ODI5ODI0NzIzMzU0JTIxMm0zJTIxMWYwJTIxMmYwJTIxM2YwJTIxM20yJTIxMWkxMDI0JTIxMmk3NjglMjE0ZjEzLjElMjEzbTMlMjExbTIlMjExczB4ZDYwMDdhZGJiZmUxYzExJTI1M0EweGNjZTA2MzdmMjEwNmU1NjMlMjEyc1plbm9uJTI1MjBTb2xpZCUyNTIwU3VyZmFjZSUyMTVlMCUyMTNtMiUyMTFzZXMlMjEyc2VzJTIxNHYxNjY0MDg5MDk4MzM1JTIxNW0yJTIxMXNlcyUyMTJzZXMlMjIlMjB3aWR0aCUzRCUyMjYwMCUyMiUyMGhlaWdodCUzRCUyMjQ1MCUyMiUyMHN0eWxlJTNEJTIyYm9yZGVyJTNBMCUzQiUyMiUyMGFsbG93ZnVsbHNjcmVlbiUzRCUyMiUyMiUyMGxvYWRpbmclM0QlMjJsYXp5JTIyJTIwcmVmZXJyZXJwb2xpY3klM0QlMjJuby1yZWZlcnJlci13aGVuLWRvd25ncmFkZSUyMiUzRSUzQyUyRmlmcmFtZSUzRQ==\u00a0\u00bb][\/vc_column][\/vc_row][vc_row full_width=\u00a0\u00bbstretch_row_content_no_spaces\u00a0\u00bb][vc_column][vc_raw_html]JTNDZGl2JTIwaWQlM0QlMjJtYXAlMjIlMjBzdHlsZSUzRCUyMndpZHRoJTNBJTIwMTAwJTI1JTNCJTIwaGVpZ2h0JTNBJTIwNDUwcHglM0IlMjIlM0UlM0MlMkZkaXYlM0UlMEElMEElM0MlMjEtLSUyMEFncmVnYXIlMjBMZWFmbGV0JTIwLS0lM0UlMEElM0NsaW5rJTIwcmVsJTNEJTIyc3R5bGVzaGVldCUyMiUyMGhyZWYlM0QlMjJodHRwcyUzQSUyRiUyRnVucGtnLmNvbSUyRmxlYWZsZXQlNDAxLjkuNCUyRmRpc3QlMkZsZWFmbGV0LmNzcyUyMiUyMCUyRiUzRSUwQSUzQ3NjcmlwdCUyMHNyYyUzRCUyMmh0dHBzJTNBJTJGJTJGdW5wa2cuY29tJTJGbGVhZmxldCU0MDEuOS40JTJGZGlzdCUyRmxlYWZsZXQuanMlMjIlM0UlM0MlMkZzY3JpcHQlM0UlMEElMEElM0NzY3JpcHQlM0UlMEElMjAlMjBkb2N1bWVudC5hZGRFdmVudExpc3RlbmVyJTI4JTIyRE9NQ29udGVudExvYWRlZCUyMiUyQyUyMGZ1bmN0aW9uJTIwJTI4JTI5JTIwJTdCJTBBJTIwJTIwJTIwJTIwdmFyJTIwbWFwJTIwJTNEJTIwTC5tYXAlMjglMjdtYXAlMjclMjkuc2V0VmlldyUyOCU1QjM5Ljk1NSUyQyUyMC0wLjIwMCU1RCUyQyUyMDEzJTI5JTNCJTIwJTJGJTJGJTIwQ2VudHJvJTIwZGVsJTIwbWFwYSUwQSUwQSUyMCUyMCUyMCUyMCUyRiUyRiUyMFVzYXIlMjBDYXJ0byUyMFBvc2l0cm9uJTIwJTI4bWFwYSUyMGNsYXJvJTI5JTBBJTIwJTIwJTIwJTIwTC50aWxlTGF5ZXIlMjglMjdodHRwcyUzQSUyRiUyRiU3QnMlN0QuYmFzZW1hcHMuY2FydG9jZG4uY29tJTJGbGlnaHRfYWxsJTJGJTdCeiU3RCUyRiU3QnglN0QlMkYlN0J5JTdEJTdCciU3RC5wbmclMjclMkMlMjAlN0IlMEElMjAlMjAlMjAlMjAlMjAlMjBhdHRyaWJ1dGlvbiUzQSUyMCUyNyUyNmNvcHklM0IlMjAlM0NhJTIwaHJlZiUzRCUyMmh0dHBzJTNBJTJGJTJGd3d3Lm9wZW5zdHJlZXRtYXAub3JnJTJGY29weXJpZ2h0JTIyJTNFT3BlblN0cmVldE1hcCUzQyUyRmElM0UlMjBjb250cmlidXRvcnMlMjAlMjZjb3B5JTNCJTIwJTNDYSUyMGhyZWYlM0QlMjJodHRwcyUzQSUyRiUyRmNhcnRvLmNvbSUyRiUyMiUzRUNBUlRPJTNDJTJGYSUzRSUyNyUwQSUyMCUyMCUyMCUyMCU3RCUyOS5hZGRUbyUyOG1hcCUyOSUzQiUwQSUwQSUyMCUyMCUyMCUyMCUyRiUyRiUyMEFncmVnYXIlMjBwdW50b3MlMjBleGFjdG9zJTIwY29uJTIwYyVDMyVBRHJjdWxvJTIwbmVncm8lMEElMjAlMjAlMjAlMjB2YXIlMjBsb2NhdGlvbnMlMjAlM0QlMjAlNUIlMEElMjAlMjAlMjAlMjAlMjAlMjAlN0IlMjBjb29yZHMlM0ElMjAlNUIzOS45NTc0OCUyQyUyMC0wLjIwOTc3JTVEJTJDJTIwbmFtZSUzQSUyMCUyMkhlYWRxdWFydGVycyUyMiUyMCU3RCUyQyUwQSUyMCUyMCUyMCUyMCUyMCUyMCU3QiUyMGNvb3JkcyUzQSUyMCU1QjM5Ljk1NTE1JTJDJTIwLTAuMjAxMTclNUQlMkMlMjBuYW1lJTNBJTIwJTIyTG9naXN0aWMlMjBDZW50ZXIlMjIlMjAlN0QlMkMlMEElMjAlMjAlMjAlMjAlMjAlMjAlN0IlMjBjb29yZHMlM0ElMjAlNUIzOS45NTIzMTAlMkMlMjAtMC4xODQzNDQlNUQlMkMlMjBuYW1lJTNBJTIwJTIyTmV3JTIwU2hvd3Jvb20lMjIlMjAlN0QlMEElMjAlMjAlMjAlMjAlNUQlM0IlMEElMEElMjAlMjAlMjAlMjBsb2NhdGlvbnMuZm9yRWFjaCUyOGxvYyUyMCUzRCUzRSUyMCU3QiUwQSUyMCUyMCUyMCUyMCUyMCUyMEwuY2lyY2xlTWFya2VyJTI4bG9jLmNvb3JkcyUyQyUyMCU3QiUwQSUyMCUyMCUyMCUyMCUyMCUyMCUyMCUyMGNvbG9yJTNBJTIwJTI3YmxhY2slMjclMkMlMjAlMjAlMjAlMjAlMEElMjAlMjAlMjAlMjAlMjAlMjAlMjAlMjBmaWxsQ29sb3IlM0ElMjAlMjdibGFjayUyNyUyQyUyMCUwQSUyMCUyMCUyMCUyMCUyMCUyMCUyMCUyMGZpbGxPcGFjaXR5JTNBJTIwMSUyQyUyMCUyMCUyMCUyMCUyMCUwQSUyMCUyMCUyMCUyMCUyMCUyMCUyMCUyMHJhZGl1cyUzQSUyMDglMjAlMjAlMjAlMjAlMjAlMjAlMjAlMjAlMjAlMjAlMjAlMEElMjAlMjAlMjAlMjAlMjAlMjAlN0QlMjkuYWRkVG8lMjhtYXAlMjklMEElMjAlMjAlMjAlMjAlMjAlMjAlMjAlMjAuYmluZFBvcHVwJTI4JTYwJTNDYiUzRSUyNCU3QmxvYy5uYW1lJTdEJTNDJTJGYiUzRSU2MCUyOSUzQiUwQSUyMCUyMCUyMCUyMCU3RCUyOSUzQiUwQSUyMCUyMCU3RCUyOSUzQiUwQSUzQyUyRnNjcmlwdCUzRQ==[\/vc_raw_html][\/vc_column][\/vc_row][vc_row full_width=\u00a0\u00bbstretch_row_content_no_spaces\u00a0\u00bb disable_element=\u00a0\u00bbyes\u00a0\u00bb][vc_column][vc_column_text] Les coordonn\u00e9es GPS. (Degr\u00e9s d\u00e9cimaux, (DD) Bureaux centraux:\u00a0 39.95748, -0.20977\u00a0 \u00a0|\u00a0 \u00a0Centre logistique:\u00a0 39.95515, -0.20117 | Nouvelle salle d\u00b4exposition: 39.952310 [&hellip;]<\/p>\n","protected":false},"author":1,"featured_media":0,"parent":0,"menu_order":0,"comment_status":"closed","ping_status":"closed","template":"","meta":{"om_disable_all_campaigns":false,"footnotes":""},"class_list":["post-2486","page","type-page","status-publish","hentry"],"aioseo_notices":[],"_links":{"self":[{"href":"https:\/\/zenonsurfaces.com\/fr\/wp-json\/wp\/v2\/pages\/2486","targetHints":{"allow":["GET"]}}],"collection":[{"href":"https:\/\/zenonsurfaces.com\/fr\/wp-json\/wp\/v2\/pages"}],"about":[{"href":"https:\/\/zenonsurfaces.com\/fr\/wp-json\/wp\/v2\/types\/page"}],"author":[{"embeddable":true,"href":"https:\/\/zenonsurfaces.com\/fr\/wp-json\/wp\/v2\/users\/1"}],"replies":[{"embeddable":true,"href":"https:\/\/zenonsurfaces.com\/fr\/wp-json\/wp\/v2\/comments?post=2486"}],"version-history":[{"count":12,"href":"https:\/\/zenonsurfaces.com\/fr\/wp-json\/wp\/v2\/pages\/2486\/revisions"}],"predecessor-version":[{"id":11183,"href":"https:\/\/zenonsurfaces.com\/fr\/wp-json\/wp\/v2\/pages\/2486\/revisions\/11183"}],"wp:attachment":[{"href":"https:\/\/zenonsurfaces.com\/fr\/wp-json\/wp\/v2\/media?parent=2486"}],"curies":[{"name":"wp","href":"https:\/\/api.w.org\/{rel}","templated":true}]}}