{"id":2495,"date":"2019-08-14T14:04:04","date_gmt":"2019-08-14T12:04:04","guid":{"rendered":"https:\/\/cifreceramica.com\/departamento-de-diseno\/"},"modified":"2022-02-03T13:09:26","modified_gmt":"2022-02-03T12:09:26","slug":"departement-de-conception","status":"publish","type":"page","link":"https:\/\/zenonsurfaces.com\/fr\/departement-de-conception\/","title":{"rendered":"D\u00e9partement de conception"},"content":{"rendered":"<p>[vc_row full_width=\u00a0\u00bbstretch_row_content\u00a0\u00bb el_class=\u00a0\u00bbbreadcrumb\u00a0\u00bb][vc_column][\/vc_column][\/vc_row][vc_row el_class=\u00a0\u00bbtitulares_top_new filosofia\u00a0\u00bb][vc_column width=\u00a0\u00bb1\/6&Prime;][\/vc_column][vc_column width=\u00a0\u00bb2\/3&Prime;][vc_column_text]<\/p>\n<h1 style=\"text-align: center;\">D\u00e9partement de conception<\/h1>\n<p>[\/vc_column_text][\/vc_column][vc_column width=\u00a0\u00bb1\/6&Prime;][\/vc_column][\/vc_row][vc_row full_width=\u00a0\u00bbstretch_row_content_no_spaces\u00a0\u00bb full_height=\u00a0\u00bbyes\u00a0\u00bb css=\u00a0\u00bb.vc_custom_1641968482834{margin-top: 40px !important;background-position: center !important;background-repeat: no-repeat !important;background-size: cover !important;}\u00a0\u00bb][vc_column][vc_single_image image=\u00a0\u00bb7309&Prime; img_size=\u00a0\u00bbfull\u00a0\u00bb][\/vc_column][\/vc_row][vc_row el_class=\u00a0\u00bbbloque\u00a0\u00bb][vc_column width=\u00a0\u00bb5\/12&Prime;][vc_single_image img_size=\u00a0\u00bbfull\u00a0\u00bb alignment=\u00a0\u00bbcenter\u00a0\u00bb][\/vc_column][vc_column width=\u00a0\u00bb1\/12&Prime;][\/vc_column][vc_column width=\u00a0\u00bb6\/12&Prime;][vc_column_text el_class=\u00a0\u00bbtexto_general\u00a0\u00bb]<\/p>\n<p style=\"text-align: left;\"><strong>Design, qualit\u00e9 et avant-garde<\/strong><\/p>\n<p style=\"text-align: left;\">Design avant-gardiste avec les meilleurs processus de production. Cifre Cer\u00e1mica dispose d&rsquo;un vaste catalogue de produits c\u00e9ramiques de qualit\u00e9, avant-gardistes et tendances. Nous sommes leaders en mati\u00e8re de d\u00e9veloppement et de produits, avec de nombreux nouveaux formats et nous suivons les derni\u00e8res tendances en mati\u00e8re de c\u00e9ramique. Nous disposons d&rsquo;une puissante armoire de conception interne o\u00f9 nous d\u00e9veloppons tous nos produits et contr\u00f4lons l&rsquo;ensemble du processus\u00a0: allant de la conception graphique, de la production, \u00e0 l&#8217;emballage de nos articles. Nous fabriquons notre produit dans plusieurs centres de production selon les normes de qualit\u00e9 les plus strictes et en fonction de l&rsquo;efficacit\u00e9 productive de chaque format. Aujourd&rsquo;hui, nous produisons de la porcelaine, poreuse en p\u00e2te blanche et rouge et en gr\u00e8s rouge en p\u00e2te rouge dans tous les types de finitions et en plusieurs formats, y compris les grands formats moins \u00e9pais.<\/p>\n<p>[\/vc_column_text][\/vc_column][\/vc_row][vc_row el_class=\u00a0\u00bbbloque\u00a0\u00bb][vc_column width=\u00a0\u00bb6\/12&Prime;][vc_column_text el_class=\u00a0\u00bbtexto_general\u00a0\u00bb]<\/p>\n<p style=\"text-align: left;\"><strong>Design, qualit\u00e9 et avant-garde<\/strong><\/p>\n<p style=\"text-align: left;\">Design avant-gardiste avec les meilleurs processus de production. Cifre Cer\u00e1mica dispose d&rsquo;un vaste catalogue de produits c\u00e9ramiques de qualit\u00e9, avant-gardistes et tendances. Nous sommes leaders en mati\u00e8re de d\u00e9veloppement et de produits, avec de nombreux nouveaux formats et nous suivons les derni\u00e8res tendances en mati\u00e8re de c\u00e9ramique. Nous disposons d&rsquo;une puissante armoire de conception interne o\u00f9 nous d\u00e9veloppons tous nos produits et contr\u00f4lons l&rsquo;ensemble du processus\u00a0: allant de la conception graphique, de la production, \u00e0 l&#8217;emballage de nos articles. Nous fabriquons notre produit dans plusieurs centres de production selon les normes de qualit\u00e9 les plus strictes et en fonction de l&rsquo;efficacit\u00e9 productive de chaque format. Aujourd&rsquo;hui, nous produisons de la porcelaine, poreuse en p\u00e2te blanche et rouge et en gr\u00e8s rouge en p\u00e2te rouge dans tous les types de finitions et en plusieurs formats, y compris les grands formats moins \u00e9pais.<\/p>\n<p>[\/vc_column_text][\/vc_column][vc_column width=\u00a0\u00bb1\/12&Prime;][\/vc_column][vc_column width=\u00a0\u00bb5\/12&Prime;][vc_single_image img_size=\u00a0\u00bbfull\u00a0\u00bb alignment=\u00a0\u00bbcenter\u00a0\u00bb][\/vc_column][\/vc_row][vc_row el_class=\u00a0\u00bbbloque\u00a0\u00bb][vc_column width=\u00a0\u00bb1\/6&Prime; css=\u00a0\u00bb.vc_custom_1565782183726{padding-top: 0px !important;}\u00a0\u00bb][\/vc_column][vc_column width=\u00a0\u00bb2\/3&Prime; css=\u00a0\u00bb.vc_custom_1565782187421{padding-top: 0px !important;}\u00a0\u00bb][vc_column_text el_class=\u00a0\u00bbtexto_general\u00a0\u00bb]<\/p>\n<p style=\"text-align: center;\"><strong>Design, qualit\u00e9 et avant-garde<\/strong><\/p>\n<p style=\"text-align: center;\">Design avant-gardiste avec les meilleurs processus de production. Cifre Cer\u00e1mica dispose d&rsquo;un vaste catalogue de produits c\u00e9ramiques de qualit\u00e9, avant-gardistes et tendances. Nous sommes leaders en mati\u00e8re de d\u00e9veloppement et de produits, avec de nombreux nouveaux formats et nous suivons les derni\u00e8res tendances en mati\u00e8re de c\u00e9ramique. Nous disposons d&rsquo;une puissante armoire de conception interne o\u00f9 nous d\u00e9veloppons tous nos produits et contr\u00f4lons l&rsquo;ensemble du processus\u00a0: allant de la conception graphique, de la production, \u00e0 l&#8217;emballage de nos articles. Nous fabriquons notre produit dans plusieurs centres de production selon les normes de qualit\u00e9 les plus strictes et en fonction de l&rsquo;efficacit\u00e9 productive de chaque format. Aujourd&rsquo;hui, nous produisons de la porcelaine, poreuse en p\u00e2te blanche et rouge et en gr\u00e8s rouge en p\u00e2te rouge dans tous les types de finitions et en plusieurs formats, y compris les grands formats moins \u00e9pais.<\/p>\n<p>[\/vc_column_text][\/vc_column][vc_column width=\u00a0\u00bb1\/6&Prime; css=\u00a0\u00bb.vc_custom_1565782191970{padding-top: 0px !important;}\u00a0\u00bb][\/vc_column][\/vc_row]<\/p>\n","protected":false},"excerpt":{"rendered":"<p>[vc_row full_width=\u00a0\u00bbstretch_row_content\u00a0\u00bb el_class=\u00a0\u00bbbreadcrumb\u00a0\u00bb][vc_column][\/vc_column][\/vc_row][vc_row el_class=\u00a0\u00bbtitulares_top_new filosofia\u00a0\u00bb][vc_column width=\u00a0\u00bb1\/6&Prime;][\/vc_column][vc_column width=\u00a0\u00bb2\/3&Prime;][vc_column_text] D\u00e9partement de conception [\/vc_column_text][\/vc_column][vc_column width=\u00a0\u00bb1\/6&Prime;][\/vc_column][\/vc_row][vc_row full_width=\u00a0\u00bbstretch_row_content_no_spaces\u00a0\u00bb full_height=\u00a0\u00bbyes\u00a0\u00bb css=\u00a0\u00bb.vc_custom_1641968482834{margin-top: 40px !important;background-position: center !important;background-repeat: no-repeat !important;background-size: cover !important;}\u00a0\u00bb][vc_column][vc_single_image image=\u00a0\u00bb7309&Prime; img_size=\u00a0\u00bbfull\u00a0\u00bb][\/vc_column][\/vc_row][vc_row el_class=\u00a0\u00bbbloque\u00a0\u00bb][vc_column width=\u00a0\u00bb5\/12&Prime;][vc_single_image img_size=\u00a0\u00bbfull\u00a0\u00bb alignment=\u00a0\u00bbcenter\u00a0\u00bb][\/vc_column][vc_column width=\u00a0\u00bb1\/12&Prime;][\/vc_column][vc_column width=\u00a0\u00bb6\/12&Prime;][vc_column_text el_class=\u00a0\u00bbtexto_general\u00a0\u00bb] Design, qualit\u00e9 et avant-garde Design avant-gardiste avec les meilleurs processus de production. Cifre Cer\u00e1mica dispose d&rsquo;un vaste catalogue de produits c\u00e9ramiques de qualit\u00e9, [&hellip;]<\/p>\n","protected":false},"author":1,"featured_media":0,"parent":0,"menu_order":0,"comment_status":"closed","ping_status":"closed","template":"","meta":{"om_disable_all_campaigns":false,"footnotes":""},"class_list":["post-2495","page","type-page","status-publish","hentry"],"aioseo_notices":[],"_links":{"self":[{"href":"https:\/\/zenonsurfaces.com\/fr\/wp-json\/wp\/v2\/pages\/2495","targetHints":{"allow":["GET"]}}],"collection":[{"href":"https:\/\/zenonsurfaces.com\/fr\/wp-json\/wp\/v2\/pages"}],"about":[{"href":"https:\/\/zenonsurfaces.com\/fr\/wp-json\/wp\/v2\/types\/page"}],"author":[{"embeddable":true,"href":"https:\/\/zenonsurfaces.com\/fr\/wp-json\/wp\/v2\/users\/1"}],"replies":[{"embeddable":true,"href":"https:\/\/zenonsurfaces.com\/fr\/wp-json\/wp\/v2\/comments?post=2495"}],"version-history":[{"count":8,"href":"https:\/\/zenonsurfaces.com\/fr\/wp-json\/wp\/v2\/pages\/2495\/revisions"}],"predecessor-version":[{"id":8064,"href":"https:\/\/zenonsurfaces.com\/fr\/wp-json\/wp\/v2\/pages\/2495\/revisions\/8064"}],"wp:attachment":[{"href":"https:\/\/zenonsurfaces.com\/fr\/wp-json\/wp\/v2\/media?parent=2495"}],"curies":[{"name":"wp","href":"https:\/\/api.w.org\/{rel}","templated":true}]}}