{"id":2513,"date":"2019-08-19T11:12:31","date_gmt":"2019-08-19T09:12:31","guid":{"rendered":"https:\/\/cifreceramica.com\/descarga-catalogos\/"},"modified":"2024-12-17T12:07:44","modified_gmt":"2024-12-17T11:07:44","slug":"telechargements-catalogues","status":"publish","type":"page","link":"https:\/\/zenonsurfaces.com\/fr\/telechargements-catalogues\/","title":{"rendered":"T\u00e9l\u00e9chargements Catalogues"},"content":{"rendered":"<p>[vc_row full_width=\u00a0\u00bbstretch_row_content\u00a0\u00bb el_class=\u00a0\u00bbbreadcrumb\u00a0\u00bb][vc_column][\/vc_column][\/vc_row][vc_row el_class=\u00a0\u00bbtitulares_top_new\u00a0\u00bb][vc_column width=\u00a0\u00bb1\/6&Prime;][\/vc_column][vc_column width=\u00a0\u00bb2\/3&Prime;][vc_column_text]<\/p>\n<h1 style=\"text-align: center;\">Catalogues<\/h1>\n<p>[\/vc_column_text][vc_column_text]<\/p>\n<p style=\"text-align: center;\">Ici, vous pouvez consulter et t\u00e9l\u00e9charger tous les catalogues Zenon avec les derni\u00e8res tendances.<\/p>\n<p>[\/vc_column_text][\/vc_column][vc_column width=\u00a0\u00bb1\/6&Prime;][\/vc_column][\/vc_row][vc_row el_class=\u00a0\u00bbmenu_descargar_page\u00a0\u00bb][vc_column][vc_wp_custommenu nav_menu=\u00a0\u00bb214&Prime;][\/vc_column][\/vc_row][vc_row][vc_column]<div class=\"vc_row wpb_row vc_inner vc_row-fluid\"><div class=\"wpb_column vc_column_container vc_col-sm-12\"><div class=\"vc_column-inner\"><div class=\"wpb_wrapper\">\n\t\t\t\t\t\t<div class=\"wpb_text_column wpb_content_element  titular seccion_central\">\n\t\t\t\t\t\t\t<div class=\"wpb_wrapper\">\n\t\t\t\t\t\t\t\t<p>Foires commerciales<\/p>\n\n\t\t\t\t\t\t\t<\/div>\n\t\t\t\t\t\t<\/div>\n\t\t\t\t\t<\/div><\/div><\/div><\/div><br>[vc_row_inner el_class=\"fila_descarga_catalogo\"][vc_column_inner width=\"1\/4\"]<a target=\"_blank\" href=\"https:\/\/d7rh5s3nxmpy4.cloudfront.net\/CMP8489\/files\/Catalogo_Zenon_novedades_26_web.pdf\">[vc_single_image source=\"external_link\" custom_src=\"https:\/\/d7rh5s3nxmpy4.cloudfront.net\/CMP8489\/PR95292BI79390_NOV_ZENON_ROOM_26_NOVEDADES_ZENON_2026_IMD.jpg\" img_size=\"full\" alignment=\"center\"]<\/a>[vc_column_text el_class=\"titulo\"]Novedades zenon room by room  2026[\/vc_column_text][\/vc_column_inner][\/vc_row_inner]<div class=\"vc_row wpb_row vc_inner vc_row-fluid\"><div class=\"wpb_column vc_column_container vc_col-sm-12\"><div class=\"vc_column-inner\"><div class=\"wpb_wrapper\">\n\t\t\t\t\t\t<div class=\"wpb_text_column wpb_content_element  titular seccion_central\">\n\t\t\t\t\t\t\t<div class=\"wpb_wrapper\">\n\t\t\t\t\t\t\t\t<p>G\u00e9n\u00e9ralit\u00e9s<\/p>\n\n\t\t\t\t\t\t\t<\/div>\n\t\t\t\t\t\t<\/div>\n\t\t\t\t\t<\/div><\/div><\/div><\/div><br>[vc_row_inner el_class=\"fila_descarga_catalogo\"][vc_column_inner width=\"1\/4\"]<a target=\"_blank\" href=\"https:\/\/d7rh5s3nxmpy4.cloudfront.net\/CMP8489\/files\/CATALOGO_ZENON_SPC_2026_V02_web.pdf\">[vc_single_image source=\"external_link\" custom_src=\"https:\/\/d7rh5s3nxmpy4.cloudfront.net\/CMP8489\/PR95147BI78807_700000000000010996_GENERAL_BOOK_SPC_WALL_FLOOR_Z_26_IMD.jpg\" img_size=\"full\" alignment=\"center\"]<\/a>[vc_column_text el_class=\"titulo\"]General book spc wall&floor z 26[\/vc_column_text][\/vc_column_inner][vc_column_inner width=\"1\/4\"]<a target=\"_blank\" href=\"https:\/\/d7rh5s3nxmpy4.cloudfront.net\/CMP8489\/files\/1\/Zenon_-_General_2026_V01_Web.pdf\">[vc_single_image source=\"external_link\" custom_src=\"https:\/\/d7rh5s3nxmpy4.cloudfront.net\/CMP8489\/PR95163BI78824_700000000000011004_GENERAL_BOOK_ZENON_26_IMD.jpg\" img_size=\"full\" alignment=\"center\"]<\/a>[vc_column_text el_class=\"titulo\"]General book zenon 26[\/vc_column_text][\/vc_column_inner][vc_column_inner width=\"1\/4\"]<a target=\"_blank\" href=\"https:\/\/d7rh5s3nxmpy4.cloudfront.net\/CMP8489\/files\/CREATE_2025_WEB.pdf\">[vc_single_image source=\"external_link\" custom_src=\"https:\/\/d7rh5s3nxmpy4.cloudfront.net\/CMP8489\/PR91427BI53205_CATALOGO_CREATE_25_BOOK_ZENON_CREATE_2025_IMD.jpg\" img_size=\"full\" alignment=\"center\"]<\/a>[vc_column_text el_class=\"titulo\"]Book zenon create 2025[\/vc_column_text][\/vc_column_inner][\/vc_row_inner][vc_row_inner el_class=\"fila_descarga_catalogo\"][\/vc_row_inner]<div class=\"vc_row wpb_row vc_inner vc_row-fluid\"><div class=\"wpb_column vc_column_container vc_col-sm-12\"><div class=\"vc_column-inner\"><div class=\"wpb_wrapper\">\n\t\t\t\t\t\t<div class=\"wpb_text_column wpb_content_element  titular seccion_central\">\n\t\t\t\t\t\t\t<div class=\"wpb_wrapper\">\n\t\t\t\t\t\t\t\t<p>Autres<\/p>\n\n\t\t\t\t\t\t\t<\/div>\n\t\t\t\t\t\t<\/div>\n\t\t\t\t\t<\/div><\/div><\/div><\/div><br>[vc_row_inner el_class=\"fila_descarga_catalogo\"][vc_column_inner width=\"1\/4\"]<a target=\"_blank\" href=\"https:\/\/d7rh5s3nxmpy4.cloudfront.net\/CMP8489\/files\/MANUAL_PROMOCION_ZENON_2025_ABRIL_INTERACTIVO_web.pdf\">[vc_single_image source=\"external_link\" custom_src=\"https:\/\/d7rh5s3nxmpy4.cloudfront.net\/CMP8489\/PR41493BI51134_PROMO_ZENON_2025_PROMOCION_ZENON_2025_IMD.jpg\" img_size=\"full\" alignment=\"center\"]<\/a>[vc_column_text el_class=\"titulo\"]Promocion zenon 2025[\/vc_column_text][\/vc_column_inner][vc_column_inner width=\"1\/4\"]<a target=\"_blank\" href=\"https:\/\/d7rh5s3nxmpy4.cloudfront.net\/CMP8489\/files\/3\/PRESENTACION_ZENON_25_ESP.pdf\">[vc_single_image source=\"external_link\" custom_src=\"https:\/\/d7rh5s3nxmpy4.cloudfront.net\/CMP8489\/PR82694BI49866_PRESENTACION_EMPRESA_ZENON_2025_PRESENTACION_EMPRESA_2025_IMD.jpg\" img_size=\"full\" alignment=\"center\"]<\/a>[vc_column_text el_class=\"titulo\"]Presentacion empresa 2025[\/vc_column_text][\/vc_column_inner][vc_column_inner width=\"1\/4\"]<a target=\"_blank\" href=\"https:\/\/d7rh5s3nxmpy4.cloudfront.net\/CMP8489\/files\/2\/PRESENTACION_ZENON_25_ING.pdf\">[vc_single_image source=\"external_link\" custom_src=\"https:\/\/d7rh5s3nxmpy4.cloudfront.net\/CMP8489\/PR82695BI49865_PRESENT_ZENON_EMPRESA_ENG_25_CORPORATE_PRESENTATION_2025_IMD.jpg\" img_size=\"full\" alignment=\"center\"]<\/a>[vc_column_text el_class=\"titulo\"]Corporate presentation 2025[\/vc_column_text][\/vc_column_inner][vc_column_inner width=\"1\/4\"]<a target=\"_blank\" href=\"https:\/\/d7rh5s3nxmpy4.cloudfront.net\/CMP8489\/files\/GUIDE_INSTALLATION_SPC_COLLECTION_ZENON_V1_2024.pdf\">[vc_single_image source=\"external_link\" custom_src=\"https:\/\/d7rh5s3nxmpy4.cloudfront.net\/CMP8489\/PR82218BI48531_SPC_INSTALLATION_GUIDE_INSTALLATION_SPC_COLLECTION_IMD.jpg\" img_size=\"full\" alignment=\"center\"]<\/a>[vc_column_text el_class=\"titulo\"]Guide installation spc floor collection[\/vc_column_text][\/vc_column_inner][\/vc_row_inner][vc_row_inner el_class=\"fila_descarga_catalogo\"][vc_column_inner width=\"1\/4\"]<a target=\"_blank\" href=\"https:\/\/d7rh5s3nxmpy4.cloudfront.net\/CMP8489\/files\/MANUAL_DE_INSTALACIONES_PANELES_SPC_WALL_ZENON_V1_2024.pdf\">[vc_single_image source=\"external_link\" custom_src=\"https:\/\/d7rh5s3nxmpy4.cloudfront.net\/CMP8489\/PR82840BI50249_SPC_INSTALLATION_WALL_GUIDE_INSTALLATION_SPC_WAL_COLLECTION_IMD.jpg\" img_size=\"full\" alignment=\"center\"]<\/a>[vc_column_text el_class=\"titulo\"]Guide installation spc wall collection[\/vc_column_text][\/vc_column_inner][vc_column_inner width=\"1\/4\"]<a target=\"_blank\" href=\"https:\/\/d7rh5s3nxmpy4.cloudfront.net\/CMP8489\/files\/Imagine_Smart_Evolution_habitar_sinlimites__V2_2024.pdf\">[vc_single_image source=\"external_link\" custom_src=\"https:\/\/d7rh5s3nxmpy4.cloudfront.net\/CMP8489\/PR48752BI45760_Z_CATALOGO_IMAGINE_23_Cat_Imagine_2023_IMD.jpg\" img_size=\"full\" alignment=\"center\"]<\/a>[vc_column_text el_class=\"titulo\"]Imagine 2024[\/vc_column_text][\/vc_column_inner][\/vc_row_inner][\/vc_column][\/vc_row]<\/p>\n","protected":false},"excerpt":{"rendered":"<p>[vc_row full_width=\u00a0\u00bbstretch_row_content\u00a0\u00bb el_class=\u00a0\u00bbbreadcrumb\u00a0\u00bb][vc_column][\/vc_column][\/vc_row][vc_row el_class=\u00a0\u00bbtitulares_top_new\u00a0\u00bb][vc_column width=\u00a0\u00bb1\/6&Prime;][\/vc_column][vc_column width=\u00a0\u00bb2\/3&Prime;][vc_column_text] Catalogues [\/vc_column_text][vc_column_text] Ici, vous pouvez consulter et t\u00e9l\u00e9charger tous les catalogues Zenon avec les derni\u00e8res tendances. [\/vc_column_text][\/vc_column][vc_column width=\u00a0\u00bb1\/6&Prime;][\/vc_column][\/vc_row][vc_row el_class=\u00a0\u00bbmenu_descargar_page\u00a0\u00bb][vc_column][vc_wp_custommenu nav_menu=\u00a0\u00bb214&Prime;][\/vc_column][\/vc_row][vc_row][vc_column][\/vc_column][\/vc_row]<\/p>\n","protected":false},"author":1,"featured_media":0,"parent":0,"menu_order":0,"comment_status":"closed","ping_status":"closed","template":"","meta":{"om_disable_all_campaigns":false,"footnotes":""},"class_list":["post-2513","page","type-page","status-publish","hentry"],"aioseo_notices":[],"_links":{"self":[{"href":"https:\/\/zenonsurfaces.com\/fr\/wp-json\/wp\/v2\/pages\/2513","targetHints":{"allow":["GET"]}}],"collection":[{"href":"https:\/\/zenonsurfaces.com\/fr\/wp-json\/wp\/v2\/pages"}],"about":[{"href":"https:\/\/zenonsurfaces.com\/fr\/wp-json\/wp\/v2\/types\/page"}],"author":[{"embeddable":true,"href":"https:\/\/zenonsurfaces.com\/fr\/wp-json\/wp\/v2\/users\/1"}],"replies":[{"embeddable":true,"href":"https:\/\/zenonsurfaces.com\/fr\/wp-json\/wp\/v2\/comments?post=2513"}],"version-history":[{"count":7,"href":"https:\/\/zenonsurfaces.com\/fr\/wp-json\/wp\/v2\/pages\/2513\/revisions"}],"predecessor-version":[{"id":11016,"href":"https:\/\/zenonsurfaces.com\/fr\/wp-json\/wp\/v2\/pages\/2513\/revisions\/11016"}],"wp:attachment":[{"href":"https:\/\/zenonsurfaces.com\/fr\/wp-json\/wp\/v2\/media?parent=2513"}],"curies":[{"name":"wp","href":"https:\/\/api.w.org\/{rel}","templated":true}]}}