{"id":2543,"date":"2019-08-19T12:58:45","date_gmt":"2019-08-19T10:58:45","guid":{"rendered":"https:\/\/cifreceramica.com\/descargar-identidad\/"},"modified":"2025-02-22T16:27:07","modified_gmt":"2025-02-22T15:27:07","slug":"descargar-identidad","status":"publish","type":"page","link":"https:\/\/zenonsurfaces.com\/fr\/descargar-identidad\/","title":{"rendered":"Descargar identidad"},"content":{"rendered":"<p>[vc_row full_width=\u00a0\u00bbstretch_row_content\u00a0\u00bb el_class=\u00a0\u00bbbreadcrumb\u00a0\u00bb][vc_column][\/vc_column][\/vc_row][vc_row el_class=\u00a0\u00bbtitulares_top_new\u00a0\u00bb][vc_column width=\u00a0\u00bb1\/6&Prime;][\/vc_column][vc_column width=\u00a0\u00bb2\/3&Prime;][vc_column_text]<\/p>\n<h1 style=\"text-align: center;\">Ressources marketing<\/h1>\n<p>[\/vc_column_text][vc_column_text]<\/p>\n<p style=\"text-align: center;\">T\u00e9l\u00e9chargez le logo Zenon dans des formats tels que JPEG, PNG ou AI pour l&rsquo;appliquer partout o\u00f9 vous en avez besoin.<\/p>\n<p>[\/vc_column_text][\/vc_column][vc_column width=\u00a0\u00bb1\/6&Prime;][\/vc_column][\/vc_row][vc_row el_class=\u00a0\u00bbmenu_descargar_page\u00a0\u00bb][vc_column][vc_wp_custommenu nav_menu=\u00a0\u00bb212&Prime;][\/vc_column][\/vc_row][vc_row full_width=\u00a0\u00bbstretch_row\u00a0\u00bb el_class=\u00a0\u00bbdescarga_identidad_new\u00a0\u00bb][vc_column css=\u00a0\u00bb.vc_custom_1566213340694{padding-top: 0px !important;}\u00a0\u00bb][vc_single_image image=\u00a0\u00bb11339&Prime; img_size=\u00a0\u00bbfull\u00a0\u00bb alignment=\u00a0\u00bbcenter\u00a0\u00bb][vc_btn title=\u00a0\u00bbDescarga IVC Zenon Bath &amp; SPC Surfaces\u00a0\u00bb style=\u00a0\u00bboutline-custom\u00a0\u00bb outline_custom_color=\u00a0\u00bb#0a0a0a\u00a0\u00bb outline_custom_hover_background=\u00a0\u00bb#0a0a0a\u00a0\u00bb outline_custom_hover_text=\u00a0\u00bb#ffffff\u00a0\u00bb shape=\u00a0\u00bbsquare\u00a0\u00bb size=\u00a0\u00bbsm\u00a0\u00bb align=\u00a0\u00bbcenter\u00a0\u00bb el_class=\u00a0\u00bbboton_descarga_certificado\u00a0\u00bb link=\u00a0\u00bburl:https%3A%2F%2Fzenonsolidsurface.com%2Fwp-content%2Fuploads%2F2025%2F02%2FZENON-BATH-SPC-SURFACES_LOGO-1.zip|title:Descarga%20logo|target:_blank\u00a0\u00bb][\/vc_column][\/vc_row][vc_row full_width=\u00a0\u00bbstretch_row\u00a0\u00bb el_class=\u00a0\u00bbdescarga_identidad_new\u00a0\u00bb][vc_column css=\u00a0\u00bb.vc_custom_1566213340694{padding-top: 0px !important;}\u00a0\u00bb][vc_single_image image=\u00a0\u00bb11335&Prime; img_size=\u00a0\u00bbfull\u00a0\u00bb alignment=\u00a0\u00bbcenter\u00a0\u00bb][vc_btn title=\u00a0\u00bbDescarga IVC Zenon (sin leyenda)\u00a0\u00bb style=\u00a0\u00bboutline-custom\u00a0\u00bb outline_custom_color=\u00a0\u00bb#0a0a0a\u00a0\u00bb outline_custom_hover_background=\u00a0\u00bb#0a0a0a\u00a0\u00bb outline_custom_hover_text=\u00a0\u00bb#ffffff\u00a0\u00bb shape=\u00a0\u00bbsquare\u00a0\u00bb size=\u00a0\u00bbsm\u00a0\u00bb align=\u00a0\u00bbcenter\u00a0\u00bb el_class=\u00a0\u00bbboton_descarga_certificado\u00a0\u00bb link=\u00a0\u00bburl:https%3A%2F%2Fzenonsolidsurface.com%2Fwp-content%2Fuploads%2F2025%2F02%2FZENON_LOGO-1.zip|target:_blank\u00a0\u00bb][\/vc_column][\/vc_row][vc_row full_width=\u00a0\u00bbstretch_row\u00a0\u00bb el_class=\u00a0\u00bbdescarga_identidad_new\u00a0\u00bb][vc_column css=\u00a0\u00bb.vc_custom_1566213340694{padding-top: 0px !important;}\u00a0\u00bb][vc_single_image image=\u00a0\u00bb11343&Prime; img_size=\u00a0\u00bbfull\u00a0\u00bb alignment=\u00a0\u00bbcenter\u00a0\u00bb][vc_btn title=\u00a0\u00bbDescarga IVC Zenon Bath\u00a0\u00bb style=\u00a0\u00bboutline-custom\u00a0\u00bb outline_custom_color=\u00a0\u00bb#0a0a0a\u00a0\u00bb outline_custom_hover_background=\u00a0\u00bb#0a0a0a\u00a0\u00bb outline_custom_hover_text=\u00a0\u00bb#ffffff\u00a0\u00bb shape=\u00a0\u00bbsquare\u00a0\u00bb size=\u00a0\u00bbsm\u00a0\u00bb align=\u00a0\u00bbcenter\u00a0\u00bb el_class=\u00a0\u00bbboton_descarga_certificado\u00a0\u00bb link=\u00a0\u00bburl:https%3A%2F%2Fzenonsolidsurface.com%2Fwp-content%2Fuploads%2F2025%2F02%2FZENON-BATH_LOGO-1.zip|target:_blank\u00a0\u00bb][\/vc_column][\/vc_row][vc_row full_width=\u00a0\u00bbstretch_row\u00a0\u00bb el_class=\u00a0\u00bbdescarga_identidad_new\u00a0\u00bb][vc_column css=\u00a0\u00bb.vc_custom_1566213340694{padding-top: 0px !important;}\u00a0\u00bb][vc_single_image image=\u00a0\u00bb11331&Prime; img_size=\u00a0\u00bbfull\u00a0\u00bb alignment=\u00a0\u00bbcenter\u00a0\u00bb][vc_btn title=\u00a0\u00bbDescarga IVC Zenon SPC Surfaces\u00a0\u00bb style=\u00a0\u00bboutline-custom\u00a0\u00bb outline_custom_color=\u00a0\u00bb#0a0a0a\u00a0\u00bb outline_custom_hover_background=\u00a0\u00bb#0a0a0a\u00a0\u00bb outline_custom_hover_text=\u00a0\u00bb#ffffff\u00a0\u00bb shape=\u00a0\u00bbsquare\u00a0\u00bb size=\u00a0\u00bbsm\u00a0\u00bb align=\u00a0\u00bbcenter\u00a0\u00bb el_class=\u00a0\u00bbboton_descarga_certificado\u00a0\u00bb link=\u00a0\u00bburl:https%3A%2F%2Fzenonsolidsurface.com%2Fwp-content%2Fuploads%2F2025%2F02%2FZENON-SPC-SURFACES_LOGO-1.zip|target:_blank\u00a0\u00bb][\/vc_column][\/vc_row]<\/p>\n","protected":false},"excerpt":{"rendered":"<p>[vc_row full_width=\u00a0\u00bbstretch_row_content\u00a0\u00bb el_class=\u00a0\u00bbbreadcrumb\u00a0\u00bb][vc_column][\/vc_column][\/vc_row][vc_row el_class=\u00a0\u00bbtitulares_top_new\u00a0\u00bb][vc_column width=\u00a0\u00bb1\/6&Prime;][\/vc_column][vc_column width=\u00a0\u00bb2\/3&Prime;][vc_column_text] Ressources marketing [\/vc_column_text][vc_column_text] T\u00e9l\u00e9chargez le logo Zenon dans des formats tels que JPEG, PNG ou AI pour l&rsquo;appliquer partout o\u00f9 vous en avez besoin. [\/vc_column_text][\/vc_column][vc_column width=\u00a0\u00bb1\/6&Prime;][\/vc_column][\/vc_row][vc_row el_class=\u00a0\u00bbmenu_descargar_page\u00a0\u00bb][vc_column][vc_wp_custommenu nav_menu=\u00a0\u00bb212&Prime;][\/vc_column][\/vc_row][vc_row full_width=\u00a0\u00bbstretch_row\u00a0\u00bb el_class=\u00a0\u00bbdescarga_identidad_new\u00a0\u00bb][vc_column css=\u00a0\u00bb.vc_custom_1566213340694{padding-top: 0px !important;}\u00a0\u00bb][vc_single_image image=\u00a0\u00bb11339&Prime; img_size=\u00a0\u00bbfull\u00a0\u00bb alignment=\u00a0\u00bbcenter\u00a0\u00bb][vc_btn title=\u00a0\u00bbDescarga IVC Zenon Bath &amp; SPC Surfaces\u00a0\u00bb style=\u00a0\u00bboutline-custom\u00a0\u00bb outline_custom_color=\u00a0\u00bb#0a0a0a\u00a0\u00bb outline_custom_hover_background=\u00a0\u00bb#0a0a0a\u00a0\u00bb outline_custom_hover_text=\u00a0\u00bb#ffffff\u00a0\u00bb shape=\u00a0\u00bbsquare\u00a0\u00bb size=\u00a0\u00bbsm\u00a0\u00bb [&hellip;]<\/p>\n","protected":false},"author":1,"featured_media":0,"parent":0,"menu_order":0,"comment_status":"closed","ping_status":"closed","template":"","meta":{"om_disable_all_campaigns":false,"footnotes":""},"class_list":["post-2543","page","type-page","status-publish","hentry"],"aioseo_notices":[],"_links":{"self":[{"href":"https:\/\/zenonsurfaces.com\/fr\/wp-json\/wp\/v2\/pages\/2543","targetHints":{"allow":["GET"]}}],"collection":[{"href":"https:\/\/zenonsurfaces.com\/fr\/wp-json\/wp\/v2\/pages"}],"about":[{"href":"https:\/\/zenonsurfaces.com\/fr\/wp-json\/wp\/v2\/types\/page"}],"author":[{"embeddable":true,"href":"https:\/\/zenonsurfaces.com\/fr\/wp-json\/wp\/v2\/users\/1"}],"replies":[{"embeddable":true,"href":"https:\/\/zenonsurfaces.com\/fr\/wp-json\/wp\/v2\/comments?post=2543"}],"version-history":[{"count":17,"href":"https:\/\/zenonsurfaces.com\/fr\/wp-json\/wp\/v2\/pages\/2543\/revisions"}],"predecessor-version":[{"id":11352,"href":"https:\/\/zenonsurfaces.com\/fr\/wp-json\/wp\/v2\/pages\/2543\/revisions\/11352"}],"wp:attachment":[{"href":"https:\/\/zenonsurfaces.com\/fr\/wp-json\/wp\/v2\/media?parent=2543"}],"curies":[{"name":"wp","href":"https:\/\/api.w.org\/{rel}","templated":true}]}}