{"id":2592,"date":"2019-08-20T11:21:21","date_gmt":"2019-08-20T09:21:21","guid":{"rendered":"https:\/\/cifreceramica.com\/brick-more\/"},"modified":"2022-03-04T15:46:41","modified_gmt":"2022-03-04T14:46:41","slug":"brickmore","status":"publish","type":"page","link":"https:\/\/zenonsurfaces.com\/fr\/brickmore\/","title":{"rendered":"Brick &#038; More"},"content":{"rendered":"<p>[vc_row full_width=\u00a0\u00bbstretch_row_content\u00a0\u00bb el_class=\u00a0\u00bbbreadcrumb\u00a0\u00bb][vc_column][\/vc_column][\/vc_row][vc_row el_class=\u00a0\u00bbbloque\u00a0\u00bb][vc_column width=\u00a0\u00bb1\/6&Prime;][\/vc_column][vc_column width=\u00a0\u00bb2\/3&Prime;][vc_single_image image=\u00a0\u00bb8110&Prime; img_size=\u00a0\u00bbfull\u00a0\u00bb alignment=\u00a0\u00bbcenter\u00a0\u00bb][vc_column_text el_class=\u00a0\u00bbtexto_bm\u00a0\u00bb]<\/p>\n<p style=\"text-align: center;\">Le petit format continue \u00e0 progresser rapidement. IL se compose de couleur et de d\u00e9coration, de tradition et de modernit\u00e9 et permet de cr\u00e9er des espaces regorgeant d&rsquo;imagination et de vie. Dans cette \u00e9dition de Brick\u00a0&amp;\u00a0More, nous examinons les possibilit\u00e9s des nouvelles collections que Cifre Cer\u00e1mica propose. Un engagement pour le design et la d\u00e9coration venant avec des id\u00e9es de placement et de d\u00e9coration d&rsquo;int\u00e9rieur.<br \/>\nLaissez faire votre imagination!<\/p>\n<p>[\/vc_column_text][\/vc_column][vc_column width=\u00a0\u00bb1\/6&Prime;][\/vc_column][\/vc_row][vc_row el_class=\u00a0\u00bbslide_marcas\u00a0\u00bb css=\u00a0\u00bb.vc_custom_1566297096084{margin-top: 60px !important;}\u00a0\u00bb][vc_column][vc_column_text][\/vc_column_text][\/vc_column][\/vc_row][vc_row full_width=\u00a0\u00bbstretch_row\u00a0\u00bb el_class=\u00a0\u00bbfiltros-xlife filtros_bm\u00a0\u00bb][vc_column width=\u00a0\u00bb1\/4&Prime;][vc_column_text]<div class=\"vc_btn3-container   boton_negro boton_novedades vc_btn3-left novedades-vertodas\"><a class=\"\" href=\"?new=no\">Voir tous<\/a><\/div><div class=\"vc_btn3-container   boton_negro boton_novedades vc_btn3-left novedades-solonovedades\"><a class=\" active \" href=\"?new=yes\">Nouveaut\u00e9<\/a><\/div>[\/vc_column_text][\/vc_column][vc_column width=\u00a0\u00bb3\/4&Prime;]<div class=\"wpb_raw_code wpb_content_element wpb_raw_html select_xlife\">\n<form id=\"form_sel\" method=\"POST\">\n<div class=\"wpb_wrapper\"><select name=\"filtro_xlife_coleccion\" class=\"\"><option value=\"\">S\u00e9rie<\/option><\/select><select name=\"filtro_xlife_inspiracion\" class=\"\"><option value=\"\">Inspiration<\/option><\/select><select name=\"filtro_xlife_formato\" class=\"\"><option value=\"\">Formats<\/option><\/select><select name=\"filtro_xlife_acabado\" class=\"\"><option value=\"\">Finition<\/option><\/select><\/div><\/form>\n<\/div>\n<script>\n\t\t\tjQuery(\".select_xlife select\").on( \"change\", function() {\n\n\t\t\t\t\tjQuery(\"#form_sel\").submit();\n\n\t\t\t\t} );\n\n\t\t\t<\/script>[\/vc_column][\/vc_row][vc_row css=\u00a0\u00bb.vc_custom_1642669901703{margin-top: 1px !important;margin-bottom: 0px !important;border-bottom-width: 1px !important;border-bottom-color: #0a0a0a !important;border-bottom-style: solid !important;}\u00a0\u00bb el_class=\u00a0\u00bblistado_bm\u00a0\u00bb][vc_column]<div class=\"listado_ferias\">[vc_row el_class=\u00a0\u00bb\u00a0\u00bb ][\/vc_row]<\/div>[\/vc_column][\/vc_row]<\/p>\n","protected":false},"excerpt":{"rendered":"<p>[vc_row full_width=\u00a0\u00bbstretch_row_content\u00a0\u00bb el_class=\u00a0\u00bbbreadcrumb\u00a0\u00bb][vc_column][\/vc_column][\/vc_row][vc_row el_class=\u00a0\u00bbbloque\u00a0\u00bb][vc_column width=\u00a0\u00bb1\/6&Prime;][\/vc_column][vc_column width=\u00a0\u00bb2\/3&Prime;][vc_single_image image=\u00a0\u00bb8110&Prime; img_size=\u00a0\u00bbfull\u00a0\u00bb alignment=\u00a0\u00bbcenter\u00a0\u00bb][vc_column_text el_class=\u00a0\u00bbtexto_bm\u00a0\u00bb] Le petit format continue \u00e0 progresser rapidement. IL se compose de couleur et de d\u00e9coration, de tradition et de modernit\u00e9 et permet de cr\u00e9er des espaces regorgeant d&rsquo;imagination et de vie. Dans cette \u00e9dition de Brick\u00a0&amp;\u00a0More, nous examinons les possibilit\u00e9s des nouvelles collections que Cifre [&hellip;]<\/p>\n","protected":false},"author":1,"featured_media":0,"parent":0,"menu_order":0,"comment_status":"closed","ping_status":"closed","template":"","meta":{"om_disable_all_campaigns":false,"footnotes":""},"class_list":["post-2592","page","type-page","status-publish","hentry"],"aioseo_notices":[],"_links":{"self":[{"href":"https:\/\/zenonsurfaces.com\/fr\/wp-json\/wp\/v2\/pages\/2592","targetHints":{"allow":["GET"]}}],"collection":[{"href":"https:\/\/zenonsurfaces.com\/fr\/wp-json\/wp\/v2\/pages"}],"about":[{"href":"https:\/\/zenonsurfaces.com\/fr\/wp-json\/wp\/v2\/types\/page"}],"author":[{"embeddable":true,"href":"https:\/\/zenonsurfaces.com\/fr\/wp-json\/wp\/v2\/users\/1"}],"replies":[{"embeddable":true,"href":"https:\/\/zenonsurfaces.com\/fr\/wp-json\/wp\/v2\/comments?post=2592"}],"version-history":[{"count":15,"href":"https:\/\/zenonsurfaces.com\/fr\/wp-json\/wp\/v2\/pages\/2592\/revisions"}],"predecessor-version":[{"id":8598,"href":"https:\/\/zenonsurfaces.com\/fr\/wp-json\/wp\/v2\/pages\/2592\/revisions\/8598"}],"wp:attachment":[{"href":"https:\/\/zenonsurfaces.com\/fr\/wp-json\/wp\/v2\/media?parent=2592"}],"curies":[{"name":"wp","href":"https:\/\/api.w.org\/{rel}","templated":true}]}}