{"id":2596,"date":"2019-08-21T09:12:02","date_gmt":"2019-08-21T07:12:02","guid":{"rendered":"https:\/\/cifreceramica.com\/collections-collection-tab\/"},"modified":"2025-02-13T12:23:43","modified_gmt":"2025-02-13T11:23:43","slug":"collections-onglet-collection_old","status":"publish","type":"page","link":"https:\/\/zenonsurfaces.com\/fr\/collections-onglet-collection_old\/","title":{"rendered":"Collections &#8211; Onglet Collection"},"content":{"rendered":"<p>[vc_row full_width=\u00a0\u00bbstretch_row_content\u00a0\u00bb el_class=\u00a0\u00bbbreadcrumb\u00a0\u00bb][vc_column][\/vc_column][\/vc_row][vc_row][vc_column]<div id=\"visor_ambientes_fondo\"><\/div><div id=\"visor_ambientes\"><h1 class=\"\"><\/h1><p><\/p><span style=\"color:#aaa;\"><span class=\"textura \"><\/span><\/span><div id=\"ambientes\"><\/div><div id=\"thumbnails\"><\/div><\/div><script>\n\n\t\t\t\tjQuery(\".ambiente_miniatura\").click( function () { \n\t\t\t\t\t\n\t\t\t\t\tvar ref = jQuery(this).attr(\"data-id\");\t\n\t\t\t\t\tjQuery(\".ambiente_centrado\").hide();\n\t\t\t\t\tjQuery(\".ambiente_centrado[data-id=\" + ref + \"]\").show();\n\n\t\t\t\t } );\n\n\t\t\t\tjQuery(\"#visor_ambientes_fondo\").click( function () {\n\n\t\t\t\t\tjQuery(this).fadeOut();\n\t\t\t\t\tjQuery(\"#visor_ambientes\").fadeOut();\n\n\t\t\t\t} );\n\n\t\t\t\t<\/script>[\/vc_column][\/vc_row][vc_row full_width=\u00a0\u00bbstretch_row_content\u00a0\u00bb el_class=\u00a0\u00bbtitulares_top titular_ficha contenido_ficha coleccion_page_titular\u00a0\u00bb][vc_column width=\u00a0\u00bb1\/4&Prime; el_class=\u00a0\u00bbleft\u00a0\u00bb][\/vc_column][vc_column width=\u00a0\u00bb1\/2&Prime; el_class=\u00a0\u00bbcenter\u00a0\u00bb]<h1 class=\"titular\"><\/h1><p><\/p>[\/vc_column][vc_column width=\u00a0\u00bb1\/4&Prime; el_class=\u00a0\u00bbright\u00a0\u00bb][\/vc_column][\/vc_row][vc_row full_width=\u00a0\u00bbstretch_row_content_no_spaces\u00a0\u00bb][vc_column]<div id=\"slider_ambientes_coleccion\" class=\"slider_wrapper \"\"><\/div><script>\n\t\tjQuery( document ).ready( function (  ) { jQuery( '.slider_wrapper' ).bxSlider(\n\t\t{\n\t\t\tauto:true,\n                        shrinkItems:true,\n\t\t\tcontrols:true,\n\t\t\tpager:false\n\t\t}); });\n\t<\/script>[\/vc_column][\/vc_row][vc_row el_class=\u00a0\u00bbcontenido_ficha coleccion_page_contenido\u00a0\u00bb][vc_column width=\u00a0\u00bb1\/2&Prime;]<h2 class=\"\"><\/h2><p><\/p>[\/vc_column][vc_column width=\u00a0\u00bb1\/2&Prime;][vc_row_inner css=\u00a0\u00bb.vc_custom_1642502557351{margin-top: 25px !important;}\u00a0\u00bb][vc_column_inner el_class=\u00a0\u00bbleft\u00a0\u00bb width=\u00a0\u00bb1\/2&Prime;][vc_column_text]<\/p>\n<ul>\n<li style=\"text-align: left;\"><a class=\"solicita_info\" href=\"https:\/\/cifreceramica.com\/fr\/contact\/\">Demande d&rsquo;informations<\/a><\/li>\n<li style=\"text-align: left;\"><a class=\"descarga_coleccion\" href=\"\" target=\"_blank\" rel=\"noopener noreferrer\">D\u00e9tails techniques<\/a><\/li>\n<li style=\"text-align: left;\"><a class=\"descarga_coleccion\" href=\"\" target=\"_blank\" rel=\"noopener noreferrer\">T\u00e9l\u00e9charger objet 3d<\/a><\/li>\n<li style=\"text-align: left;\"><a class=\"descarga_coleccion\" href=\"\/fr\/pdf-coleccion\/\" target=\"_blank\" rel=\"noopener noreferrer\">T\u00e9l\u00e9charger la collection PDF<\/a><\/li>\n<\/ul>\n<p>[\/vc_column_text][\/vc_column_inner][vc_column_inner width=\u00a0\u00bb1\/2&Prime;][vc_raw_html el_class=\u00a0\u00bbcomparte\u00a0\u00bb]JTNDcCUyMGNsYXNzJTNEJTIyY29tcGFydGVfbWVuc2FqZSUyMiUzRSUzQ2ElMjBocmVmJTNEJTIybWFpbHRvJTNBaW5mbyU0MGV4YW1wbGUuY29tJTNGJTI2YW1wJTNCc3ViamVjdCUzRENpZnJlJTIwQ2VyJUMzJUExbWljYSUyNmFtcCUzQmJvZHklM0QlNUJzaGFyZV91cmwlNUQlMjIlM0VQYXJ0YWdlciUyMGVtYWlsJTNDJTJGYSUzRSUzQyUyRnAlM0UlMEElM0NwJTIwY2xhc3MlM0QlMjJjb21wYXJ0ZV9mYWNlYm9vayUyMiUzRSUzQ2ElMjBocmVmJTNEJTIyaHR0cHMlM0ElMkYlMkZ3d3cuZmFjZWJvb2suY29tJTJGc2hhcmVyJTJGc2hhcmVyLnBocCUzRnUlM0QlNUJzaGFyZV91cmwlNUQlMjIlMjB0YXJnZXQlM0QlMjJfYmxhbmslMjIlMjByZWwlM0QlMjJub29wZW5lciUyMG5vcmVmZXJyZXIlMjIlM0UlMjBQYXJ0YWdlciUyMGZhY2Vib29rJTNDJTJGYSUzRSUzQyUyRnAlM0UlMEElMEElM0NwJTIwY2xhc3MlM0QlMjJjb21wYXJ0ZV9saW5rZWRpbiUyMiUzRSUzQ2ElMjBocmVmJTNEJTIyaHR0cHMlM0ElMkYlMkZ3d3cubGlua2VkaW4uY29tJTJGc2hhcmVBcnRpY2xlJTNGbWluaSUzRHRydWUlMjZhbXAlM0J1cmwlM0QlNUJzaGFyZV91cmwlNUQlMjZhbXAlM0J0aXRsZSUzRCU1Qm5vbWJyZV9jb2xlY2Npb24lNUQlMjZhbXAlM0JzdW1tYXJ5JTNEJTI2YW1wJTNCc291cmNlJTNEJTIyJTNFUGFydGFnZXIlMjBsaW5rZWRpbiUzQyUyRmElM0UlM0MlMkZwJTNFJTBBJTBBJTNDc3R5bGUlM0UlMEEuY29tcGFydGUlMjBzcGFuJTNBaG92ZXIlN0Jjb2xvciUzQWJsYWNrJTNCJTdEJTBBJTNDJTJGc3R5bGUlM0U=[\/vc_raw_html][\/vc_column_inner][\/vc_row_inner][\/vc_column][\/vc_row][vc_row el_class=\u00a0\u00bbtabs_ficha_coleccion bloque coleccion_page_tabs ficha_contenido_zenon\u00a0\u00bb css=\u00a0\u00bb.vc_custom_1690194979938{padding-bottom: 40px !important;}\u00a0\u00bb][vc_column css=\u00a0\u00bb.vc_custom_1571231329209{padding-top: 15px !important;}\u00a0\u00bb][vc_row_inner][vc_column width=\"1\/2\"]<h2><\/h2><h2><\/h2><a href=\"\" id=\"imagen_zenon_principal_wrapper\" data-lightbox=\"product\"><img decoding=\"async\" src=\"\" id=\"imagen_zenon_principal\"><\/a><div id=\"iconografia\"><div style=\"margin-top:90px;\"><\/div><\/div>[\/vc_column][vc_column width=\"1\/2\"]<h3>Texture<\/h3><h3>Couleurs disponibles<\/h3><script>\n\t\n\tjQuery(\".color_zenon_wrapper\").click( function () {\n\t\t\n\t\tvar image = jQuery(this).attr(\"data-image\");\n\t\tjQuery(\"#imagen_zenon_principal\").attr(\"src\",image);\n\t\tjQuery(\"#imagen_zenon_principal_wrapper\").attr(\"href\",image);\n\t\t\n\t} );\n\t<\/script><h3>Donn\u00e9s Techniques<\/h3><div><a class=\"descarga_coleccion_boton\" style=\"background:#fff;border:2px solid #111;color:#111;padding:15px;font-size:18px;border-radius:10px;\" href=\"\" target=\"_blank\" rel=\"noopener noreferrer\">T\u00e9l\u00e9charger la fiche technique<\/a><\/div>[\/vc_column][\/vc_row_inner][\/vc_column][\/vc_row][vc_row full_width=\u00a0\u00bbstretch_row_content_no_spaces\u00a0\u00bb el_class=\u00a0\u00bbrelacionados_ficha_coleccion contenido_ficha coleccion_page_similares\u00a0\u00bb css=\u00a0\u00bb.vc_custom_1690195295746{border-top-width: 1px !important;border-top-color: #000000 !important;border-top-style: solid !important;}\u00a0\u00bb][vc_column css=\u00a0\u00bb.vc_custom_1571231329209{padding-top: 15px !important;}\u00a0\u00bb][\/vc_column][\/vc_row][vc_row el_class=\u00a0\u00bbrelacionados_ficha_coleccion contenido_ficha coleccion_page_similares\u00a0\u00bb css=\u00a0\u00bb.vc_custom_1690195084334{border-top-width: 1px !important;border-top-color: #000000 !important;}\u00a0\u00bb][vc_column][vc_column_text css=\u00a0\u00bb.vc_custom_1690194661604{margin-bottom: 25px !important;border-bottom-width: 0px !important;border-bottom-color: #000000 !important;border-bottom-style: solid !important;}\u00a0\u00bb]<\/p>\n<h2 style=\"font-size: 36px; text-align: left;\">Accessoires inclus<\/h2>\n<p>[\/vc_column_text]<div class=\"ficha_accesorios_configuracion\"><div class=\"vc_row\"><\/div><\/div>[\/vc_column][\/vc_row][vc_row full_width=\u00a0\u00bbstretch_row_content\u00a0\u00bb el_class=\u00a0\u00bbrelacionados_ficha_coleccion contenido_ficha coleccion_page_similares\u00a0\u00bb css=\u00a0\u00bb.vc_custom_1690195255778{border-top-width: 1px !important;border-top-color: #000000 !important;border-top-style: solid !important;}\u00a0\u00bb][vc_column][\/vc_column][\/vc_row][vc_row el_class=\u00a0\u00bbrelacionados_ficha_coleccion contenido_ficha coleccion_page_similares\u00a0\u00bb][vc_column][vc_column_text css=\u00a0\u00bb.vc_custom_1690194353789{margin-bottom: 35px !important;border-bottom-width: 0px !important;border-bottom-color: #000000 !important;border-bottom-style: solid !important;}\u00a0\u00bb]<\/p>\n<h2 style=\"font-size: 36px; text-align: left;\">Options de configuration des accessoires<\/h2>\n<p>[\/vc_column_text]<div class=\"ficha_accesorios_configuracion\"><div class=\"vc_row\"><\/div><\/div>[\/vc_column][\/vc_row][vc_row full_width=\u00a0\u00bbstretch_row_content\u00a0\u00bb el_class=\u00a0\u00bbrelacionados_ficha_coleccion contenido_ficha coleccion_page_similares\u00a0\u00bb css=\u00a0\u00bb.vc_custom_1690195380333{border-top-width: 1px !important;border-top-color: #000000 !important;border-top-style: solid !important;}\u00a0\u00bb][vc_column][vc_column_text css=\u00a0\u00bb.vc_custom_1690194417443{margin-bottom: 35px !important;border-bottom-width: 0px !important;border-bottom-color: #000000 !important;border-bottom-style: solid !important;}\u00a0\u00bb]<\/p>\n<h2 style=\"font-size: 36px; text-align: center;\">Produits similaires<\/h2>\n<p>[\/vc_column_text][vc_row el_class=\"fila-similares\"][\/vc_row][\/vc_column][\/vc_row][vc_row][vc_column]<!-- Modal -->\n<input type=\"hidden\" id=\"id_pieza_modal\">\n<div style=\"z-index:100000;\"class=\"modal fade\" id=\"modal_pieza\" tabindex=\"-1\" role=\"dialog\" aria-labelledby=\"exampleModalLabel\" aria-hidden=\"true\">\n  <div class=\"modal-dialog\" role=\"document\">\n    <div class=\"modal-content\">\n\n      <div class=\"modal-body\" id=\"contenedor_info_pieza\">\n\n\n      <\/div>\n\n    <\/div>\n  <\/div>\n<\/div>\n[\/vc_column][\/vc_row]<\/p>\n","protected":false},"excerpt":{"rendered":"<p>[vc_row full_width=\u00a0\u00bbstretch_row_content\u00a0\u00bb el_class=\u00a0\u00bbbreadcrumb\u00a0\u00bb][vc_column][\/vc_column][\/vc_row][vc_row][vc_column][\/vc_column][\/vc_row][vc_row full_width=\u00a0\u00bbstretch_row_content\u00a0\u00bb el_class=\u00a0\u00bbtitulares_top titular_ficha contenido_ficha coleccion_page_titular\u00a0\u00bb][vc_column width=\u00a0\u00bb1\/4&Prime; el_class=\u00a0\u00bbleft\u00a0\u00bb][\/vc_column][vc_column width=\u00a0\u00bb1\/2&Prime; el_class=\u00a0\u00bbcenter\u00a0\u00bb][\/vc_column][vc_column width=\u00a0\u00bb1\/4&Prime; el_class=\u00a0\u00bbright\u00a0\u00bb][\/vc_column][\/vc_row][vc_row full_width=\u00a0\u00bbstretch_row_content_no_spaces\u00a0\u00bb][vc_column][\/vc_column][\/vc_row][vc_row el_class=\u00a0\u00bbcontenido_ficha coleccion_page_contenido\u00a0\u00bb][vc_column width=\u00a0\u00bb1\/2&Prime;][\/vc_column][vc_column width=\u00a0\u00bb1\/2&Prime;][vc_row_inner css=\u00a0\u00bb.vc_custom_1642502557351{margin-top: 25px !important;}\u00a0\u00bb][vc_column_inner el_class=\u00a0\u00bbleft\u00a0\u00bb width=\u00a0\u00bb1\/2&Prime;][vc_column_text] Demande d&rsquo;informations D\u00e9tails techniques T\u00e9l\u00e9charger objet 3d T\u00e9l\u00e9charger la collection PDF [\/vc_column_text][\/vc_column_inner][vc_column_inner width=\u00a0\u00bb1\/2&Prime;][vc_raw_html el_class=\u00a0\u00bbcomparte\u00a0\u00bb]JTNDcCUyMGNsYXNzJTNEJTIyY29tcGFydGVfbWVuc2FqZSUyMiUzRSUzQ2ElMjBocmVmJTNEJTIybWFpbHRvJTNBaW5mbyU0MGV4YW1wbGUuY29tJTNGJTI2YW1wJTNCc3ViamVjdCUzRENpZnJlJTIwQ2VyJUMzJUExbWljYSUyNmFtcCUzQmJvZHklM0QlNUJzaGFyZV91cmwlNUQlMjIlM0VQYXJ0YWdlciUyMGVtYWlsJTNDJTJGYSUzRSUzQyUyRnAlM0UlMEElM0NwJTIwY2xhc3MlM0QlMjJjb21wYXJ0ZV9mYWNlYm9vayUyMiUzRSUzQ2ElMjBocmVmJTNEJTIyaHR0cHMlM0ElMkYlMkZ3d3cuZmFjZWJvb2suY29tJTJGc2hhcmVyJTJGc2hhcmVyLnBocCUzRnUlM0QlNUJzaGFyZV91cmwlNUQlMjIlMjB0YXJnZXQlM0QlMjJfYmxhbmslMjIlMjByZWwlM0QlMjJub29wZW5lciUyMG5vcmVmZXJyZXIlMjIlM0UlMjBQYXJ0YWdlciUyMGZhY2Vib29rJTNDJTJGYSUzRSUzQyUyRnAlM0UlMEElMEElM0NwJTIwY2xhc3MlM0QlMjJjb21wYXJ0ZV9saW5rZWRpbiUyMiUzRSUzQ2ElMjBocmVmJTNEJTIyaHR0cHMlM0ElMkYlMkZ3d3cubGlua2VkaW4uY29tJTJGc2hhcmVBcnRpY2xlJTNGbWluaSUzRHRydWUlMjZhbXAlM0J1cmwlM0QlNUJzaGFyZV91cmwlNUQlMjZhbXAlM0J0aXRsZSUzRCU1Qm5vbWJyZV9jb2xlY2Npb24lNUQlMjZhbXAlM0JzdW1tYXJ5JTNEJTI2YW1wJTNCc291cmNlJTNEJTIyJTNFUGFydGFnZXIlMjBsaW5rZWRpbiUzQyUyRmElM0UlM0MlMkZwJTNFJTBBJTBBJTNDc3R5bGUlM0UlMEEuY29tcGFydGUlMjBzcGFuJTNBaG92ZXIlN0Jjb2xvciUzQWJsYWNrJTNCJTdEJTBBJTNDJTJGc3R5bGUlM0U=[\/vc_raw_html][\/vc_column_inner][\/vc_row_inner][\/vc_column][\/vc_row][vc_row el_class=\u00a0\u00bbtabs_ficha_coleccion bloque coleccion_page_tabs ficha_contenido_zenon\u00a0\u00bb css=\u00a0\u00bb.vc_custom_1690194979938{padding-bottom: 40px !important;}\u00a0\u00bb][vc_column css=\u00a0\u00bb.vc_custom_1571231329209{padding-top: 15px !important;}\u00a0\u00bb][\/vc_column][\/vc_row][vc_row full_width=\u00a0\u00bbstretch_row_content_no_spaces\u00a0\u00bb el_class=\u00a0\u00bbrelacionados_ficha_coleccion contenido_ficha coleccion_page_similares\u00a0\u00bb css=\u00a0\u00bb.vc_custom_1690195295746{border-top-width: 1px !important;border-top-color: [&hellip;]<\/p>\n","protected":false},"author":1,"featured_media":0,"parent":0,"menu_order":0,"comment_status":"closed","ping_status":"closed","template":"","meta":{"om_disable_all_campaigns":false,"footnotes":""},"class_list":["post-2596","page","type-page","status-publish","hentry"],"aioseo_notices":[],"_links":{"self":[{"href":"https:\/\/zenonsurfaces.com\/fr\/wp-json\/wp\/v2\/pages\/2596","targetHints":{"allow":["GET"]}}],"collection":[{"href":"https:\/\/zenonsurfaces.com\/fr\/wp-json\/wp\/v2\/pages"}],"about":[{"href":"https:\/\/zenonsurfaces.com\/fr\/wp-json\/wp\/v2\/types\/page"}],"author":[{"embeddable":true,"href":"https:\/\/zenonsurfaces.com\/fr\/wp-json\/wp\/v2\/users\/1"}],"replies":[{"embeddable":true,"href":"https:\/\/zenonsurfaces.com\/fr\/wp-json\/wp\/v2\/comments?post=2596"}],"version-history":[{"count":35,"href":"https:\/\/zenonsurfaces.com\/fr\/wp-json\/wp\/v2\/pages\/2596\/revisions"}],"predecessor-version":[{"id":10736,"href":"https:\/\/zenonsurfaces.com\/fr\/wp-json\/wp\/v2\/pages\/2596\/revisions\/10736"}],"wp:attachment":[{"href":"https:\/\/zenonsurfaces.com\/fr\/wp-json\/wp\/v2\/media?parent=2596"}],"curies":[{"name":"wp","href":"https:\/\/api.w.org\/{rel}","templated":true}]}}