{"id":2604,"date":"2019-09-03T17:16:54","date_gmt":"2019-09-03T15:16:54","guid":{"rendered":"https:\/\/cifreceramica.com\/architorium\/"},"modified":"2022-03-04T15:44:21","modified_gmt":"2022-03-04T14:44:21","slug":"architorium","status":"publish","type":"page","link":"https:\/\/zenonsurfaces.com\/fr\/architorium\/","title":{"rendered":"Architorium"},"content":{"rendered":"<p>[vc_row full_width=\u00a0\u00bbstretch_row_content\u00a0\u00bb el_class=\u00a0\u00bbbreadcrumb\u00a0\u00bb][vc_column][\/vc_column][\/vc_row][vc_row full_width=\u00a0\u00bbstretch_row_content_no_spaces\u00a0\u00bb css=\u00a0\u00bb.vc_custom_1566219393996{margin-top: 1px !important;margin-bottom: 0px !important;border-bottom-width: 1px !important;border-bottom-color: #ffffff !important;border-bottom-style: solid !important;}\u00a0\u00bb el_class=\u00a0\u00bbbloque\u00a0\u00bb][vc_column][\/vc_column][\/vc_row][vc_row el_class=\u00a0\u00bbslide_marcas\u00a0\u00bb][vc_column css=\u00a0\u00bb.vc_custom_1567524120734{padding-top: 0px !important;padding-bottom: 40px !important;}\u00a0\u00bb][vc_single_image image=\u00a0\u00bb1132&Prime; img_size=\u00a0\u00bbfull\u00a0\u00bb alignment=\u00a0\u00bbcenter\u00a0\u00bb][\/vc_column][\/vc_row][vc_row css=\u00a0\u00bb.vc_custom_1569412019252{padding-bottom: 0px !important;}\u00a0\u00bb][vc_column width=\u00a0\u00bb1\/6&Prime;][\/vc_column][vc_column width=\u00a0\u00bb2\/3&Prime;][vc_column_text el_class=\u00a0\u00bbarchi_texto\u00a0\u00bb]<\/p>\n<p style=\"text-align: center;\"><strong>Le gr\u00e8s c\u00e9rame pour les grands projets<\/strong><\/p>\n<p style=\"text-align: center;\">Architorium s&rsquo;inspire du style industriel et construit son identit\u00e9 \u00e0 travers une large gamme de mat\u00e9riaux et de solutions c\u00e9ramiques con\u00e7ues pour des projets professionnels. Cette collection de gr\u00e8s c\u00e9rame destin\u00e9e aux projets de grande envergure cr\u00e9e des espaces urbains et contemporains. Dans Architorium, la beaut\u00e9 de la nature rencontre l&rsquo;attrait essentiel de mat\u00e9riaux tels que le ciment dans des pi\u00e8ces en gr\u00e8s c\u00e9rame d&rsquo;une gr\u00e2ce infinie.<\/p>\n<p>[\/vc_column_text][\/vc_column][vc_column width=\u00a0\u00bb1\/6&Prime;][\/vc_column][\/vc_row][vc_row el_class=\u00a0\u00bbslide_marcas slide_marcas_architorium\u00a0\u00bb css=\u00a0\u00bb.vc_custom_1643784502606{margin-top: 60px !important;}\u00a0\u00bb][vc_column][vc_column_text][\/vc_column_text][\/vc_column][\/vc_row][vc_row full_width=\u00a0\u00bbstretch_row\u00a0\u00bb el_class=\u00a0\u00bbfiltros-xlife filtros-archi\u00a0\u00bb][vc_column width=\u00a0\u00bb1\/4&Prime;][vc_column_text]<div class=\"vc_btn3-container   boton_negro boton_novedades vc_btn3-left novedades-vertodas\"><a class=\"\" href=\"?new=no\">Voir tous<\/a><\/div><div class=\"vc_btn3-container   boton_negro boton_novedades vc_btn3-left novedades-solonovedades\"><a class=\" active \" href=\"?new=yes\">Nouveaut\u00e9<\/a><\/div>[\/vc_column_text][\/vc_column][vc_column width=\u00a0\u00bb3\/4&Prime;]<div class=\"wpb_raw_code wpb_content_element wpb_raw_html select_xlife\">\n<form id=\"form_sel\" method=\"POST\">\n<div class=\"wpb_wrapper\"><select name=\"filtro_xlife_coleccion\" class=\"\"><option value=\"\">S\u00e9rie<\/option><\/select><select name=\"filtro_xlife_inspiracion\" class=\"\"><option value=\"\">Inspiration<\/option><\/select><select name=\"filtro_xlife_formato\" class=\"\"><option value=\"\">Formats<\/option><\/select><select name=\"filtro_xlife_acabado\" class=\"\"><option value=\"\">Finition<\/option><\/select><\/div><\/form>\n<\/div>\n<script>\n\t\t\tjQuery(\".select_xlife select\").on( \"change\", function() {\n\n\t\t\t\t\tjQuery(\"#form_sel\").submit();\n\n\t\t\t\t} );\n\n\t\t\t<\/script>[\/vc_column][\/vc_row][vc_row el_class=\u00a0\u00bbcolecciones_archi\u00a0\u00bb][vc_column]<div class=\"listado_ferias\">[vc_row el_class=\u00a0\u00bb\u00a0\u00bb ][\/vc_row]<\/div>[\/vc_column][\/vc_row]<\/p>\n","protected":false},"excerpt":{"rendered":"<p>[vc_row full_width=\u00a0\u00bbstretch_row_content\u00a0\u00bb el_class=\u00a0\u00bbbreadcrumb\u00a0\u00bb][vc_column][\/vc_column][\/vc_row][vc_row full_width=\u00a0\u00bbstretch_row_content_no_spaces\u00a0\u00bb css=\u00a0\u00bb.vc_custom_1566219393996{margin-top: 1px !important;margin-bottom: 0px !important;border-bottom-width: 1px !important;border-bottom-color: #ffffff !important;border-bottom-style: solid !important;}\u00a0\u00bb el_class=\u00a0\u00bbbloque\u00a0\u00bb][vc_column][\/vc_column][\/vc_row][vc_row el_class=\u00a0\u00bbslide_marcas\u00a0\u00bb][vc_column css=\u00a0\u00bb.vc_custom_1567524120734{padding-top: 0px !important;padding-bottom: 40px !important;}\u00a0\u00bb][vc_single_image image=\u00a0\u00bb1132&Prime; img_size=\u00a0\u00bbfull\u00a0\u00bb alignment=\u00a0\u00bbcenter\u00a0\u00bb][\/vc_column][\/vc_row][vc_row css=\u00a0\u00bb.vc_custom_1569412019252{padding-bottom: 0px !important;}\u00a0\u00bb][vc_column width=\u00a0\u00bb1\/6&Prime;][\/vc_column][vc_column width=\u00a0\u00bb2\/3&Prime;][vc_column_text el_class=\u00a0\u00bbarchi_texto\u00a0\u00bb] Le gr\u00e8s c\u00e9rame pour les grands projets Architorium s&rsquo;inspire du style industriel et construit son identit\u00e9 \u00e0 travers une large gamme de mat\u00e9riaux et [&hellip;]<\/p>\n","protected":false},"author":1,"featured_media":0,"parent":0,"menu_order":0,"comment_status":"closed","ping_status":"closed","template":"","meta":{"om_disable_all_campaigns":false,"footnotes":""},"class_list":["post-2604","page","type-page","status-publish","hentry"],"aioseo_notices":[],"_links":{"self":[{"href":"https:\/\/zenonsurfaces.com\/fr\/wp-json\/wp\/v2\/pages\/2604","targetHints":{"allow":["GET"]}}],"collection":[{"href":"https:\/\/zenonsurfaces.com\/fr\/wp-json\/wp\/v2\/pages"}],"about":[{"href":"https:\/\/zenonsurfaces.com\/fr\/wp-json\/wp\/v2\/types\/page"}],"author":[{"embeddable":true,"href":"https:\/\/zenonsurfaces.com\/fr\/wp-json\/wp\/v2\/users\/1"}],"replies":[{"embeddable":true,"href":"https:\/\/zenonsurfaces.com\/fr\/wp-json\/wp\/v2\/comments?post=2604"}],"version-history":[{"count":33,"href":"https:\/\/zenonsurfaces.com\/fr\/wp-json\/wp\/v2\/pages\/2604\/revisions"}],"predecessor-version":[{"id":8594,"href":"https:\/\/zenonsurfaces.com\/fr\/wp-json\/wp\/v2\/pages\/2604\/revisions\/8594"}],"wp:attachment":[{"href":"https:\/\/zenonsurfaces.com\/fr\/wp-json\/wp\/v2\/media?parent=2604"}],"curies":[{"name":"wp","href":"https:\/\/api.w.org\/{rel}","templated":true}]}}