{"id":2647,"date":"2019-09-04T14:25:19","date_gmt":"2019-09-04T12:25:19","guid":{"rendered":"https:\/\/cifreceramica.com\/area-reservada-mis-selecciones\/"},"modified":"2019-09-23T10:55:04","modified_gmt":"2019-09-23T08:55:04","slug":"zone-reservee-mes-selections","status":"publish","type":"page","link":"https:\/\/zenonsurfaces.com\/fr\/zone-reservee-mes-selections\/","title":{"rendered":"Zone r\u00e9serv\u00e9e &#8211; Mes s\u00e9lections"},"content":{"rendered":"<p>[vc_row][vc_column]<!-- Modal -->\n\n<div class=\"modal fade\" id=\"guardar_seleccion\" tabindex=\"-1\" role=\"dialog\" aria-labelledby=\"exampleModalLabel\" aria-hidden=\"true\">\n  <div class=\"modal-dialog  modal-md\" role=\"document\" style=\"width:500px;margin-top:100px;\">\n    <div class=\"modal-content\">\n\t<form action=\"\/area-reservada-mis-selecciones\/\" method=\"POST\">\n\t  <div class=\"modal-header\">\n\t\t<h3><span>Sauvegarder:<\/span> Nueva Selecci\u00f3n<\/h3>\n\t  <\/div>\n      <div class=\"modal-body\">\n\t\n\t\t<div class=\"form-group\">\n\t\t<label>Nombre<\/label><br>\n\t\t<input type=\"text\" name=\"nombre\" placeholder=\"Nom\" class=\"form-control\">\n\t\t<\/div>\n\n      <\/div>\n\t\n\t\t<div class=\"modal-footer\">\n\t\t<button class=\"btn-guardar\">Sauvegarder<\/button>\n\t\t<button class=\"btn-cancelar\" data-dismiss=\"modal\" aria-hidden=\"true\">Cancelar<\/button>\n\t\t<\/div>\n\n\t  <\/form>\n\t\t\n    <\/div>\n  <\/div>\n<\/div>\n[\/vc_column][\/vc_row][vc_row full_width=\u00a0\u00bbstretch_row_content\u00a0\u00bb el_class=\u00a0\u00bbbreadcrumb\u00a0\u00bb][vc_column][\/vc_column][\/vc_row][vc_row el_class=\u00a0\u00bbseleccion_acciones_bottom\u00a0\u00bb css=\u00a0\u00bb.vc_custom_1567599959653{padding-top: 70px !important;}\u00a0\u00bb][vc_column width=\u00a0\u00bb1\/12&Prime;][\/vc_column][vc_column width=\u00a0\u00bb10\/12&Prime;][vc_row_inner][vc_column_inner][vc_column_text el_class=\u00a0\u00bbadd_seleccion\u00a0\u00bb]<img loading=\"lazy\" decoding=\"async\" class=\"alignnone size-full wp-image-574\" src=\"https:\/\/cifreceramica.com\/wp-content\/uploads\/2019\/09\/add.png\" alt=\"\" width=\"13\" height=\"13\" \/><a href=\"#\">Cr\u00e9er s\u00e9lection<\/a>[\/vc_column_text][\/vc_column_inner][\/vc_row_inner][\/vc_column][vc_column width=\u00a0\u00bb1\/12&Prime;][\/vc_column][\/vc_row][vc_row css=\u00a0\u00bb.vc_custom_1567601145642{padding-top: 0px !important;}\u00a0\u00bb][vc_column width=\u00a0\u00bb1\/12&Prime;][\/vc_column][vc_column width=\u00a0\u00bb10\/12&Prime; el_class=\u00a0\u00bbhistorial_seleccion\u00a0\u00bb][vc_row_inner][vc_column_inner width=\u00a0\u00bb1\/2&Prime;][vc_column_text el_class=\u00a0\u00bbnombre_seleccion_guardada\u00a0\u00bb]Nouvelle s\u00e9lection <span class=\"activo\">(active)<\/span>[\/vc_column_text][\/vc_column_inner][vc_column_inner width=\u00a0\u00bb1\/2&Prime;][vc_column_text el_class=\u00a0\u00bbacciones_selecciones\u00a0\u00bb]<img loading=\"lazy\" decoding=\"async\" class=\"alignnone size-full wp-image-567\" src=\"https:\/\/cifreceramica.com\/wp-content\/uploads\/2019\/09\/guardar.png\" alt=\"\" width=\"19\" height=\"18\" data-toggle=\"modal\" data-target=\"#guardar_seleccion\" \/><a href=\"\/pdf-seleccion\/\"><img loading=\"lazy\" decoding=\"async\" class=\"alignnone size-full wp-image-569\" src=\"https:\/\/cifreceramica.com\/wp-content\/uploads\/2019\/09\/pdf.png\" alt=\"\" width=\"14\" height=\"17\" \/><\/a><a href=\"\/descargar-seleccion\/\"><img loading=\"lazy\" decoding=\"async\" class=\"alignnone size-full wp-image-568\" src=\"https:\/\/cifreceramica.com\/wp-content\/uploads\/2019\/09\/imagen.png\" alt=\"\" width=\"16\" height=\"13\" \/><\/a><img loading=\"lazy\" decoding=\"async\" class=\"alignnone size-full wp-image-590\" src=\"https:\/\/cifreceramica.com\/wp-content\/uploads\/2019\/09\/delete-1.png\" alt=\"\" width=\"12\" height=\"13\" \/>[\/vc_column_text][\/vc_column_inner][\/vc_row_inner][\/vc_column][vc_column width=\u00a0\u00bb1\/12&Prime;][\/vc_column][\/vc_row][vc_row el_class=\u00a0\u00bbtitulares_top\u00a0\u00bb css=\u00a0\u00bb.vc_custom_1567601477531{padding-top: 30px !important;padding-bottom: 15px !important;}\u00a0\u00bb][vc_column width=\u00a0\u00bb1\/12&Prime;][\/vc_column][vc_column width=\u00a0\u00bb10\/12&Prime;][vc_column_text]<\/p>\n<h1 style=\"text-align: left;\">Mes s\u00e9lections<\/h1>\n<p>[\/vc_column_text][\/vc_column][vc_column width=\u00a0\u00bb1\/12&Prime;][\/vc_column][\/vc_row][vc_row el_class=\u00a0\u00bbbloque\u00a0\u00bb][vc_column][vc_row css=\".vc_custom_1567601161061{padding-top: 0px !important;}\"][vc_column width=\"1\/12\"][\/vc_column][vc_column width=\"10\/12\" el_class=\"historial_seleccion\"][vc_row_inner][vc_column_inner width=\"1\/2\"][vc_column_text el_class=\"nombre_seleccion_guardada\"]YtLQ026l') OR 434=(SELECT 434 FROM PG_SLEEP(15))--[\/vc_column_text][\/vc_column_inner][vc_column_inner width=\"1\/2\"][vc_column_text el_class=\"acciones_selecciones\"]<img loading=\"lazy\" decoding=\"async\" class=\"alignnone size-full wp-image-566\" src=\"https:\/\/cifreweb.atic.green\/wp-content\/uploads\/2019\/09\/compartir.png\" alt=\"\" width=\"20\" height=\"21\" style=\"display:none;\"\/><a href=\"\/pdf-seleccion\/178\"><img loading=\"lazy\" decoding=\"async\" class=\"alignnone size-full wp-image-569\" src=\"https:\/\/cifreweb.atic.green\/wp-content\/uploads\/2019\/09\/pdf.png\" alt=\"\" width=\"14\" height=\"17\" \/><\/a><a href=\"\/descarga-seleccion\/178\"><img loading=\"lazy\" decoding=\"async\" class=\"alignnone size-full wp-image-568\" src=\"https:\/\/cifreweb.atic.green\/wp-content\/uploads\/2019\/09\/imagen.png\" alt=\"\" width=\"16\" height=\"13\" \/><\/a><img loading=\"lazy\" decoding=\"async\" class=\"alignnone size-full wp-image-590\" src=\"https:\/\/cifreweb.atic.green\/wp-content\/uploads\/2019\/09\/delete-1.png\" alt=\"\" width=\"12\" height=\"13\" \/>[\/vc_column_text][vc_column_text el_class=\"editar_selecciones\"]<a href=\"?activar=178\">Activar<\/a> <a href=\"#\" style=\"display:none;\">\u00b7 Renombrar<\/a>[\/vc_column_text][\/vc_column_inner][\/vc_row_inner][\/vc_column][vc_column width=\"1\/12\"][\/vc_column][\/vc_row][vc_row css=\".vc_custom_1567601161061{padding-top: 0px !important;}\"][vc_column width=\"1\/12\"][\/vc_column][vc_column width=\"10\/12\" el_class=\"historial_seleccion\"][vc_row_inner][vc_column_inner width=\"1\/2\"][vc_column_text el_class=\"nombre_seleccion_guardada\"]l1LfigtS')) OR 281=(SELECT 281 FROM PG_SLEEP(15))--[\/vc_column_text][\/vc_column_inner][vc_column_inner width=\"1\/2\"][vc_column_text el_class=\"acciones_selecciones\"]<img loading=\"lazy\" decoding=\"async\" class=\"alignnone size-full wp-image-566\" src=\"https:\/\/cifreweb.atic.green\/wp-content\/uploads\/2019\/09\/compartir.png\" alt=\"\" width=\"20\" height=\"21\" style=\"display:none;\"\/><a href=\"\/pdf-seleccion\/179\"><img loading=\"lazy\" decoding=\"async\" class=\"alignnone size-full wp-image-569\" src=\"https:\/\/cifreweb.atic.green\/wp-content\/uploads\/2019\/09\/pdf.png\" alt=\"\" width=\"14\" height=\"17\" \/><\/a><a href=\"\/descarga-seleccion\/179\"><img loading=\"lazy\" decoding=\"async\" class=\"alignnone size-full wp-image-568\" src=\"https:\/\/cifreweb.atic.green\/wp-content\/uploads\/2019\/09\/imagen.png\" alt=\"\" width=\"16\" height=\"13\" \/><\/a><img loading=\"lazy\" decoding=\"async\" class=\"alignnone size-full wp-image-590\" src=\"https:\/\/cifreweb.atic.green\/wp-content\/uploads\/2019\/09\/delete-1.png\" alt=\"\" width=\"12\" height=\"13\" \/>[\/vc_column_text][vc_column_text el_class=\"editar_selecciones\"]<a href=\"?activar=179\">Activar<\/a> <a href=\"#\" style=\"display:none;\">\u00b7 Renombrar<\/a>[\/vc_column_text][\/vc_column_inner][\/vc_row_inner][\/vc_column][vc_column width=\"1\/12\"][\/vc_column][\/vc_row][vc_row css=\".vc_custom_1567601161061{padding-top: 0px !important;}\"][vc_column width=\"1\/12\"][\/vc_column][vc_column width=\"10\/12\" el_class=\"historial_seleccion\"][vc_row_inner][vc_column_inner width=\"1\/2\"][vc_column_text el_class=\"nombre_seleccion_guardada\"]JYupWMLW'||DBMS_PIPE.RECEIVE_MESSAGE(CHR(98)||CHR(98)||CHR(98),15)||'[\/vc_column_text][\/vc_column_inner][vc_column_inner width=\"1\/2\"][vc_column_text el_class=\"acciones_selecciones\"]<img loading=\"lazy\" decoding=\"async\" class=\"alignnone size-full wp-image-566\" src=\"https:\/\/cifreweb.atic.green\/wp-content\/uploads\/2019\/09\/compartir.png\" alt=\"\" width=\"20\" height=\"21\" style=\"display:none;\"\/><a href=\"\/pdf-seleccion\/180\"><img loading=\"lazy\" decoding=\"async\" class=\"alignnone size-full wp-image-569\" src=\"https:\/\/cifreweb.atic.green\/wp-content\/uploads\/2019\/09\/pdf.png\" alt=\"\" width=\"14\" height=\"17\" \/><\/a><a href=\"\/descarga-seleccion\/180\"><img loading=\"lazy\" decoding=\"async\" class=\"alignnone size-full wp-image-568\" src=\"https:\/\/cifreweb.atic.green\/wp-content\/uploads\/2019\/09\/imagen.png\" alt=\"\" width=\"16\" height=\"13\" \/><\/a><img loading=\"lazy\" decoding=\"async\" class=\"alignnone size-full wp-image-590\" src=\"https:\/\/cifreweb.atic.green\/wp-content\/uploads\/2019\/09\/delete-1.png\" alt=\"\" width=\"12\" height=\"13\" \/>[\/vc_column_text][vc_column_text el_class=\"editar_selecciones\"]<a href=\"?activar=180\">Activar<\/a> <a href=\"#\" style=\"display:none;\">\u00b7 Renombrar<\/a>[\/vc_column_text][\/vc_column_inner][\/vc_row_inner][\/vc_column][vc_column width=\"1\/12\"][\/vc_column][\/vc_row][vc_row css=\".vc_custom_1567601161061{padding-top: 0px !important;}\"][vc_column width=\"1\/12\"][\/vc_column][vc_column width=\"10\/12\" el_class=\"historial_seleccion\"][vc_row_inner][vc_column_inner width=\"1\/2\"][vc_column_text el_class=\"nombre_seleccion_guardada\"]1'\"[\/vc_column_text][\/vc_column_inner][vc_column_inner width=\"1\/2\"][vc_column_text el_class=\"acciones_selecciones\"]<img loading=\"lazy\" decoding=\"async\" class=\"alignnone size-full wp-image-566\" src=\"https:\/\/cifreweb.atic.green\/wp-content\/uploads\/2019\/09\/compartir.png\" alt=\"\" width=\"20\" height=\"21\" style=\"display:none;\"\/><a href=\"\/pdf-seleccion\/181\"><img loading=\"lazy\" decoding=\"async\" class=\"alignnone size-full wp-image-569\" src=\"https:\/\/cifreweb.atic.green\/wp-content\/uploads\/2019\/09\/pdf.png\" alt=\"\" width=\"14\" height=\"17\" \/><\/a><a href=\"\/descarga-seleccion\/181\"><img loading=\"lazy\" decoding=\"async\" class=\"alignnone size-full wp-image-568\" src=\"https:\/\/cifreweb.atic.green\/wp-content\/uploads\/2019\/09\/imagen.png\" alt=\"\" width=\"16\" height=\"13\" \/><\/a><img loading=\"lazy\" decoding=\"async\" class=\"alignnone size-full wp-image-590\" src=\"https:\/\/cifreweb.atic.green\/wp-content\/uploads\/2019\/09\/delete-1.png\" alt=\"\" width=\"12\" height=\"13\" \/>[\/vc_column_text][vc_column_text el_class=\"editar_selecciones\"]<a href=\"?activar=181\">Activar<\/a> <a href=\"#\" style=\"display:none;\">\u00b7 Renombrar<\/a>[\/vc_column_text][\/vc_column_inner][\/vc_row_inner][\/vc_column][vc_column width=\"1\/12\"][\/vc_column][\/vc_row][vc_row css=\".vc_custom_1567601161061{padding-top: 0px !important;}\"][vc_column width=\"1\/12\"][\/vc_column][vc_column width=\"10\/12\" el_class=\"historial_seleccion\"][vc_row_inner][vc_column_inner width=\"1\/2\"][vc_column_text el_class=\"nombre_seleccion_guardada\"]@@IzqGw[\/vc_column_text][\/vc_column_inner][vc_column_inner width=\"1\/2\"][vc_column_text el_class=\"acciones_selecciones\"]<img loading=\"lazy\" decoding=\"async\" class=\"alignnone size-full wp-image-566\" src=\"https:\/\/cifreweb.atic.green\/wp-content\/uploads\/2019\/09\/compartir.png\" alt=\"\" width=\"20\" height=\"21\" style=\"display:none;\"\/><a href=\"\/pdf-seleccion\/182\"><img loading=\"lazy\" decoding=\"async\" class=\"alignnone size-full wp-image-569\" src=\"https:\/\/cifreweb.atic.green\/wp-content\/uploads\/2019\/09\/pdf.png\" alt=\"\" width=\"14\" height=\"17\" \/><\/a><a href=\"\/descarga-seleccion\/182\"><img loading=\"lazy\" decoding=\"async\" class=\"alignnone size-full wp-image-568\" src=\"https:\/\/cifreweb.atic.green\/wp-content\/uploads\/2019\/09\/imagen.png\" alt=\"\" width=\"16\" height=\"13\" \/><\/a><img loading=\"lazy\" decoding=\"async\" class=\"alignnone size-full wp-image-590\" src=\"https:\/\/cifreweb.atic.green\/wp-content\/uploads\/2019\/09\/delete-1.png\" alt=\"\" width=\"12\" height=\"13\" \/>[\/vc_column_text][vc_column_text el_class=\"editar_selecciones\"]<a href=\"?activar=182\">Activar<\/a> <a href=\"#\" style=\"display:none;\">\u00b7 Renombrar<\/a>[\/vc_column_text][\/vc_column_inner][\/vc_row_inner][\/vc_column][vc_column width=\"1\/12\"][\/vc_column][\/vc_row][vc_row css=\".vc_custom_1567601161061{padding-top: 0px !important;}\"][vc_column width=\"1\/12\"][\/vc_column][vc_column width=\"10\/12\" el_class=\"historial_seleccion\"][vc_row_inner][vc_column_inner width=\"1\/2\"][vc_column_text el_class=\"nombre_seleccion_guardada\"]\u2764\ufe0f Cheryl is interested in your profile! Click Here: http:\/\/inx.lv\/jUZE?h=b429f2fc72395e4f05a9fc0d2abd9691- \u2764\ufe0f[\/vc_column_text][\/vc_column_inner][vc_column_inner width=\"1\/2\"][vc_column_text el_class=\"acciones_selecciones\"]<img loading=\"lazy\" decoding=\"async\" class=\"alignnone size-full wp-image-566\" src=\"https:\/\/cifreweb.atic.green\/wp-content\/uploads\/2019\/09\/compartir.png\" alt=\"\" width=\"20\" height=\"21\" style=\"display:none;\"\/><a href=\"\/pdf-seleccion\/185\"><img loading=\"lazy\" decoding=\"async\" class=\"alignnone size-full wp-image-569\" src=\"https:\/\/cifreweb.atic.green\/wp-content\/uploads\/2019\/09\/pdf.png\" alt=\"\" width=\"14\" height=\"17\" \/><\/a><a href=\"\/descarga-seleccion\/185\"><img loading=\"lazy\" decoding=\"async\" class=\"alignnone size-full wp-image-568\" src=\"https:\/\/cifreweb.atic.green\/wp-content\/uploads\/2019\/09\/imagen.png\" alt=\"\" width=\"16\" height=\"13\" \/><\/a><img loading=\"lazy\" decoding=\"async\" class=\"alignnone size-full wp-image-590\" src=\"https:\/\/cifreweb.atic.green\/wp-content\/uploads\/2019\/09\/delete-1.png\" alt=\"\" width=\"12\" height=\"13\" \/>[\/vc_column_text][vc_column_text el_class=\"editar_selecciones\"]<a href=\"?activar=185\">Activar<\/a> <a href=\"#\" style=\"display:none;\">\u00b7 Renombrar<\/a>[\/vc_column_text][\/vc_column_inner][\/vc_row_inner][\/vc_column][vc_column width=\"1\/12\"][\/vc_column][\/vc_row][vc_row css=\".vc_custom_1567601161061{padding-top: 0px !important;}\"][vc_column width=\"1\/12\"][\/vc_column][vc_column width=\"10\/12\" el_class=\"historial_seleccion\"][vc_row_inner][vc_column_inner width=\"1\/2\"][vc_column_text el_class=\"nombre_seleccion_guardada\"]\u2764\ufe0f Cheryl is interested in your profile! Click Here: http:\/\/inx.lv\/jUZE?h=b429f2fc72395e4f05a9fc0d2abd9691- \u2764\ufe0f[\/vc_column_text][\/vc_column_inner][vc_column_inner width=\"1\/2\"][vc_column_text el_class=\"acciones_selecciones\"]<img loading=\"lazy\" decoding=\"async\" class=\"alignnone size-full wp-image-566\" src=\"https:\/\/cifreweb.atic.green\/wp-content\/uploads\/2019\/09\/compartir.png\" alt=\"\" width=\"20\" height=\"21\" style=\"display:none;\"\/><a href=\"\/pdf-seleccion\/186\"><img loading=\"lazy\" decoding=\"async\" class=\"alignnone size-full wp-image-569\" src=\"https:\/\/cifreweb.atic.green\/wp-content\/uploads\/2019\/09\/pdf.png\" alt=\"\" width=\"14\" height=\"17\" \/><\/a><a href=\"\/descarga-seleccion\/186\"><img loading=\"lazy\" decoding=\"async\" class=\"alignnone size-full wp-image-568\" src=\"https:\/\/cifreweb.atic.green\/wp-content\/uploads\/2019\/09\/imagen.png\" alt=\"\" width=\"16\" height=\"13\" \/><\/a><img loading=\"lazy\" decoding=\"async\" class=\"alignnone size-full wp-image-590\" src=\"https:\/\/cifreweb.atic.green\/wp-content\/uploads\/2019\/09\/delete-1.png\" alt=\"\" width=\"12\" height=\"13\" \/>[\/vc_column_text][vc_column_text el_class=\"editar_selecciones\"]<a href=\"?activar=186\">Activar<\/a> <a href=\"#\" style=\"display:none;\">\u00b7 Renombrar<\/a>[\/vc_column_text][\/vc_column_inner][\/vc_row_inner][\/vc_column][vc_column width=\"1\/12\"][\/vc_column][\/vc_row][\/vc_column][\/vc_row]<\/p>\n","protected":false},"excerpt":{"rendered":"<p>[vc_row][vc_column][\/vc_column][\/vc_row][vc_row full_width=\u00a0\u00bbstretch_row_content\u00a0\u00bb el_class=\u00a0\u00bbbreadcrumb\u00a0\u00bb][vc_column][\/vc_column][\/vc_row][vc_row el_class=\u00a0\u00bbseleccion_acciones_bottom\u00a0\u00bb css=\u00a0\u00bb.vc_custom_1567599959653{padding-top: 70px !important;}\u00a0\u00bb][vc_column width=\u00a0\u00bb1\/12&Prime;][\/vc_column][vc_column width=\u00a0\u00bb10\/12&Prime;][vc_row_inner][vc_column_inner][vc_column_text el_class=\u00a0\u00bbadd_seleccion\u00a0\u00bb]Cr\u00e9er s\u00e9lection[\/vc_column_text][\/vc_column_inner][\/vc_row_inner][\/vc_column][vc_column width=\u00a0\u00bb1\/12&Prime;][\/vc_column][\/vc_row][vc_row css=\u00a0\u00bb.vc_custom_1567601145642{padding-top: 0px !important;}\u00a0\u00bb][vc_column width=\u00a0\u00bb1\/12&Prime;][\/vc_column][vc_column width=\u00a0\u00bb10\/12&Prime; el_class=\u00a0\u00bbhistorial_seleccion\u00a0\u00bb][vc_row_inner][vc_column_inner width=\u00a0\u00bb1\/2&Prime;][vc_column_text el_class=\u00a0\u00bbnombre_seleccion_guardada\u00a0\u00bb]Nouvelle s\u00e9lection (active)[\/vc_column_text][\/vc_column_inner][vc_column_inner width=\u00a0\u00bb1\/2&Prime;][vc_column_text el_class=\u00a0\u00bbacciones_selecciones\u00a0\u00bb][\/vc_column_text][\/vc_column_inner][\/vc_row_inner][\/vc_column][vc_column width=\u00a0\u00bb1\/12&Prime;][\/vc_column][\/vc_row][vc_row el_class=\u00a0\u00bbtitulares_top\u00a0\u00bb css=\u00a0\u00bb.vc_custom_1567601477531{padding-top: 30px !important;padding-bottom: 15px !important;}\u00a0\u00bb][vc_column width=\u00a0\u00bb1\/12&Prime;][\/vc_column][vc_column width=\u00a0\u00bb10\/12&Prime;][vc_column_text] Mes s\u00e9lections [\/vc_column_text][\/vc_column][vc_column width=\u00a0\u00bb1\/12&Prime;][\/vc_column][\/vc_row][vc_row el_class=\u00a0\u00bbbloque\u00a0\u00bb][vc_column][\/vc_column][\/vc_row]<\/p>\n","protected":false},"author":1,"featured_media":0,"parent":0,"menu_order":0,"comment_status":"closed","ping_status":"closed","template":"","meta":{"om_disable_all_campaigns":false,"footnotes":""},"class_list":["post-2647","page","type-page","status-publish","hentry"],"aioseo_notices":[],"_links":{"self":[{"href":"https:\/\/zenonsurfaces.com\/fr\/wp-json\/wp\/v2\/pages\/2647","targetHints":{"allow":["GET"]}}],"collection":[{"href":"https:\/\/zenonsurfaces.com\/fr\/wp-json\/wp\/v2\/pages"}],"about":[{"href":"https:\/\/zenonsurfaces.com\/fr\/wp-json\/wp\/v2\/types\/page"}],"author":[{"embeddable":true,"href":"https:\/\/zenonsurfaces.com\/fr\/wp-json\/wp\/v2\/users\/1"}],"replies":[{"embeddable":true,"href":"https:\/\/zenonsurfaces.com\/fr\/wp-json\/wp\/v2\/comments?post=2647"}],"version-history":[{"count":3,"href":"https:\/\/zenonsurfaces.com\/fr\/wp-json\/wp\/v2\/pages\/2647\/revisions"}],"predecessor-version":[{"id":2654,"href":"https:\/\/zenonsurfaces.com\/fr\/wp-json\/wp\/v2\/pages\/2647\/revisions\/2654"}],"wp:attachment":[{"href":"https:\/\/zenonsurfaces.com\/fr\/wp-json\/wp\/v2\/media?parent=2647"}],"curies":[{"name":"wp","href":"https:\/\/api.w.org\/{rel}","templated":true}]}}