{"id":2752,"date":"2019-08-19T14:31:39","date_gmt":"2019-08-19T12:31:39","guid":{"rendered":"https:\/\/cifreceramica.com\/xlife\/"},"modified":"2022-03-04T15:50:09","modified_gmt":"2022-03-04T14:50:09","slug":"xlife","status":"publish","type":"page","link":"https:\/\/zenonsurfaces.com\/fr\/xlife\/","title":{"rendered":"xlife"},"content":{"rendered":"<p>[vc_row full_width=\u00a0\u00bbstretch_row_content\u00a0\u00bb el_class=\u00a0\u00bbbreadcrumb\u00a0\u00bb][vc_column][\/vc_column][\/vc_row][vc_row el_class=\u00a0\u00bbslide_marcas\u00a0\u00bb][vc_column][vc_single_image image=\u00a0\u00bb1126&Prime; img_size=\u00a0\u00bbfull\u00a0\u00bb alignment=\u00a0\u00bbcenter\u00a0\u00bb][vc_row_inner el_class=\u00a0\u00bbtexto_xlife\u00a0\u00bb css=\u00a0\u00bb.vc_custom_1643268129027{margin-bottom: 40px !important;}\u00a0\u00bb][vc_column_inner width=\u00a0\u00bb1\/12&Prime;][\/vc_column_inner][vc_column_inner width=\u00a0\u00bb10\/12&Prime;][vc_column_text]<\/p>\n<p style=\"text-align: center;\">Carrelage en gr\u00e8s c\u00e9rame grand format<\/p>\n<p style=\"text-align: center;\">Le carreau de porcelaine grand format XLIFE de Cifre Cer\u00e1mica est la r\u00e9ponse aux nouvelles exigences de l&rsquo;architecture et de la d\u00e9coration int\u00e9rieure. Nous \u00e9largissons notre gamme de produits \u00e0 travers une collection de pi\u00e8ces de grande taille qui, en plus de poss\u00e9der les caract\u00e9ristiques techniques et m\u00e9caniques de la c\u00e9ramique, sont id\u00e9ales pour actualiser tous les types de pi\u00e8ces gr\u00e2ce \u00e0 leurs designs innovants.<\/p>\n<p>[\/vc_column_text][\/vc_column_inner][vc_column_inner width=\u00a0\u00bb1\/12&Prime;][\/vc_column_inner][\/vc_row_inner][vc_column_text el_class=\u00a0\u00bbslide_especifico_xlife\u00a0\u00bb][\/vc_column_text][\/vc_column][\/vc_row][vc_row disable_element=\u00a0\u00bbyes\u00a0\u00bb el_class=\u00a0\u00bbslide_marcas\u00a0\u00bb][vc_column][vc_single_image image=\u00a0\u00bb1126&Prime; img_size=\u00a0\u00bbfull\u00a0\u00bb alignment=\u00a0\u00bbcenter\u00a0\u00bb][vc_row_inner el_class=\u00a0\u00bbtexto_xlife\u00a0\u00bb][vc_column_inner width=\u00a0\u00bb1\/12&Prime;][\/vc_column_inner][vc_column_inner width=\u00a0\u00bb10\/12&Prime;][vc_column_text]<\/p>\n<p style=\"text-align: center;\"><span style=\"color: #ffffff;\">Con XLIFE, Cifre Cer\u00e1mica responde a las nuevas exigencias de la arquitectura ampliando nuevas gamas de producto y creando herramientas para los profesionales, pero tambi\u00e9n para proyectos residenciales. Vest\u00edbulos, hoteles, oficinas o espacios p\u00fablicos, nuestra colecci\u00f3n XLIFE se adapta a todos los espacios. Se trata de un material id\u00f3neo para actualizar todo tipo de estancias, ya que posee las grandes caracter\u00edsticas t\u00e9cnicas y mec\u00e1nicas de un porcel\u00e1nico.<\/span><\/p>\n<p>[\/vc_column_text][\/vc_column_inner][vc_column_inner width=\u00a0\u00bb1\/12&Prime;][\/vc_column_inner][\/vc_row_inner][vc_tta_pageable no_fill_content_area=\u00a0\u00bb1&Prime; autoplay=\u00a0\u00bb4&Prime; active_section=\u00a0\u00bb1&Prime; pagination_color=\u00a0\u00bbwhite\u00a0\u00bb css=\u00a0\u00bb.vc_custom_1642420628671{padding-top: 15px !important;}\u00a0\u00bb][vc_tta_section title=\u00a0\u00bbSecci\u00f3n 1&Prime; tab_id=\u00a0\u00bb1643267817770-adfc943f-b5b7ac8f-f448&Prime;][vc_single_image image=\u00a0\u00bb1847&Prime; img_size=\u00a0\u00bbfull\u00a0\u00bb alignment=\u00a0\u00bbcenter\u00a0\u00bb el_class=\u00a0\u00bbpieza\u00a0\u00bb][vc_single_image image=\u00a0\u00bb3370&Prime; img_size=\u00a0\u00bbfull\u00a0\u00bb alignment=\u00a0\u00bbcenter\u00a0\u00bb el_class=\u00a0\u00bbambiente\u00a0\u00bb][vc_column_text]<\/p>\n<p style=\"color: white; text-align: left;\"><strong>Black Golden Mate<\/strong><\/p>\n<p>[\/vc_column_text][\/vc_tta_section][vc_tta_section title=\u00a0\u00bbSecci\u00f3n 1&Prime; tab_id=\u00a0\u00bb1643267817822-c8c4b083-00ccac8f-f448&Prime;][vc_single_image image=\u00a0\u00bb3394&Prime; img_size=\u00a0\u00bbfull\u00a0\u00bb alignment=\u00a0\u00bbcenter\u00a0\u00bb el_class=\u00a0\u00bbpieza\u00a0\u00bb][vc_single_image image=\u00a0\u00bb3374&Prime; img_size=\u00a0\u00bbfull\u00a0\u00bb alignment=\u00a0\u00bbcenter\u00a0\u00bb el_class=\u00a0\u00bbambiente\u00a0\u00bb][vc_column_text]<\/p>\n<p style=\"color: white;\"><strong>Granite Grey<\/strong><\/p>\n<p>[\/vc_column_text][\/vc_tta_section][vc_tta_section title=\u00a0\u00bbSecci\u00f3n 1&Prime; tab_id=\u00a0\u00bb1643267817875-94ae09cf-e245ac8f-f448&Prime;][vc_single_image image=\u00a0\u00bb3398&Prime; img_size=\u00a0\u00bbfull\u00a0\u00bb alignment=\u00a0\u00bbcenter\u00a0\u00bb el_class=\u00a0\u00bbpieza\u00a0\u00bb][vc_single_image image=\u00a0\u00bb3481&Prime; img_size=\u00a0\u00bbfull\u00a0\u00bb alignment=\u00a0\u00bbcenter\u00a0\u00bb el_class=\u00a0\u00bbambiente\u00a0\u00bb][vc_column_text]<\/p>\n<p style=\"color: white;\"><strong>Industrial Black<\/strong><\/p>\n<p>[\/vc_column_text][\/vc_tta_section][vc_tta_section title=\u00a0\u00bbSecci\u00f3n 1&Prime; tab_id=\u00a0\u00bb1643267817930-ac1106a3-c881ac8f-f448&Prime;][vc_single_image image=\u00a0\u00bb3406&Prime; img_size=\u00a0\u00bbfull\u00a0\u00bb alignment=\u00a0\u00bbcenter\u00a0\u00bb el_class=\u00a0\u00bbpieza\u00a0\u00bb][vc_single_image image=\u00a0\u00bb3386&Prime; img_size=\u00a0\u00bbfull\u00a0\u00bb alignment=\u00a0\u00bbcenter\u00a0\u00bb el_class=\u00a0\u00bbambiente\u00a0\u00bb][vc_column_text]<\/p>\n<p style=\"color: white;\"><strong>Pierre Black<\/strong><\/p>\n<p>[\/vc_column_text][\/vc_tta_section][\/vc_tta_pageable][\/vc_column][\/vc_row][vc_row full_width=\u00a0\u00bbstretch_row\u00a0\u00bb el_class=\u00a0\u00bbfiltros-xlife\u00a0\u00bb][vc_column width=\u00a0\u00bb1\/4&Prime;][vc_column_text]<div class=\"vc_btn3-container   boton_negro boton_novedades vc_btn3-left novedades-vertodas\"><a class=\"\" href=\"?new=no\">Voir tous<\/a><\/div><div class=\"vc_btn3-container   boton_negro boton_novedades vc_btn3-left novedades-solonovedades\"><a class=\" active \" href=\"?new=yes\">Nouveaut\u00e9<\/a><\/div>[\/vc_column_text][\/vc_column][vc_column width=\u00a0\u00bb3\/4&Prime;]<div class=\"wpb_raw_code wpb_content_element wpb_raw_html select_xlife\">\n<form id=\"form_sel\" method=\"POST\">\n<div class=\"wpb_wrapper\"><select name=\"filtro_xlife_coleccion\" class=\"\"><option value=\"\">S\u00e9rie<\/option><option value=\"NORWICH\" ><\/option><option value=\"STATUARIO\" ><\/option><\/select><select name=\"filtro_xlife_inspiracion\" class=\"\"><option value=\"\">Inspiration<\/option><\/select><select name=\"filtro_xlife_formato\" class=\"\"><option value=\"\">Formats<\/option><\/select><select name=\"filtro_xlife_acabado\" class=\"\"><option value=\"\">Finition<\/option><\/select><\/div><\/form>\n<\/div>\n<script>\n\t\t\tjQuery(\".select_xlife select\").on( \"change\", function() {\n\n\t\t\t\t\tjQuery(\"#form_sel\").submit();\n\n\t\t\t\t} );\n\n\t\t\t<\/script>[\/vc_column][\/vc_row][vc_row el_class=\u00a0\u00bblistado_col_xlife\u00a0\u00bb][vc_column]<div class=\"listado_ferias\">[vc_row el_class=\u00a0\u00bb\u00a0\u00bb ][vc_column width=\u00a0\u00bb4\/12&Prime; el_class=\u00a0\u00bbitem_listado_ferias\u00a0\u00bb]<a href=\"https:\/\/zenonsurfaces.com\/colecciones\/NORWICH\"><img decoding=\"async\" height=\"350\" src=\"\"><h2 style=\"color:#111;\"><\/h2>[\/vc_column][vc_column width=\u00a0\u00bb4\/12&Prime; el_class=\u00a0\u00bbitem_listado_ferias\u00a0\u00bb]<a href=\"https:\/\/zenonsurfaces.com\/colecciones\/STATUARIO\"><img decoding=\"async\" height=\"350\" src=\"\"><h2 style=\"color:#111;\"><\/h2>[\/vc_column][\/vc_row]<\/div>[\/vc_column][\/vc_row][vc_row disable_element=\u00a0\u00bbyes\u00a0\u00bb][vc_column][\/vc_column][\/vc_row][vc_row disable_element=\u00a0\u00bbyes\u00a0\u00bb][vc_column][\/vc_column][\/vc_row][vc_row full_width=\u00a0\u00bbstretch_row_content_no_spaces\u00a0\u00bb disable_element=\u00a0\u00bbyes\u00a0\u00bb css=\u00a0\u00bb.vc_custom_1642420834062{margin-top: 1px !important;margin-bottom: 0px !important;border-bottom-width: 1px !important;border-bottom-color: #ffffff !important;border-bottom-style: solid !important;}\u00a0\u00bb el_class=\u00a0\u00bbbloque\u00a0\u00bb][vc_column][\/vc_column][\/vc_row][vc_row disable_element=\u00a0\u00bbyes\u00a0\u00bb][vc_column]<!-- Modal -->\n<input type=\"hidden\" id=\"id_pieza_modal\">\n<div style=\"z-index:100000;\"class=\"modal fade\" id=\"modal_pieza\" tabindex=\"-1\" role=\"dialog\" aria-labelledby=\"exampleModalLabel\" aria-hidden=\"true\">\n  <div class=\"modal-dialog\" role=\"document\">\n    <div class=\"modal-content\">\n\n      <div class=\"modal-body\" id=\"contenedor_info_pieza\">\n\n\n      <\/div>\n\n    <\/div>\n  <\/div>\n<\/div>\n[\/vc_column][\/vc_row][vc_row][vc_column][vc_raw_js]JTNDc2NyaXB0JTNFJTIwJTBBJTBBalF1ZXJ5JTI4ZG9jdW1lbnQlMjkucmVhZHklMjglMjBmdW5jdGlvbiUyMCUyOCUyOSUyMCU3QiUwQSUwQWpRdWVyeSUyOCUyMi52Y190dGEtcGFuZWwlMjAuYW1iaWVudGUlMjIlMjkuaGlkZSUyOCUyOSUzQiUwQSUwQWpRdWVyeSUyOCUyMi52Y190dGEtcGFuZWwlMjAucGllemElMjIlMjkubW91c2VvdmVyJTI4JTIwZnVuY3Rpb24lMjglMjklMjAlN0IlMEElMEElMjAlMjB2YXIlMjBwaWV6YSUyMCUzRCUyMGpRdWVyeSUyOHRoaXMlMjklM0IlMEElMjAlMjBqUXVlcnklMjh0aGlzJTI5LnBhcmVudCUyOCUyOS5maW5kJTI4JTIyLmFtYmllbnRlJTIyJTI5LnNob3clMjglMjklM0IlMEElMjAlMjBwaWV6YS5oaWRlJTI4JTI5JTNCJTBBJTIwJTIwJTBBJTBBJTdEJTIwJTI5JTNCJTBBJTBBalF1ZXJ5JTI4JTIyLnZjX3R0YS1wYW5lbCUyMC5hbWJpZW50ZSUyMiUyOS5tb3VzZW91dCUyOCUyMGZ1bmN0aW9uJTI4JTI5JTIwJTdCJTBBJTBBJTIwJTIwdmFyJTIwYW1iaWVudGUlMjAlM0QlMjBqUXVlcnklMjh0aGlzJTI5JTNCJTBBJTIwJTIwalF1ZXJ5JTI4dGhpcyUyOS5wYXJlbnQlMjglMjkuZmluZCUyOCUyMi5waWV6YSUyMiUyOS5zaG93JTI4JTI5JTNCJTBBJTIwJTIwYW1iaWVudGUuaGlkZSUyOCUyOSUzQiUwQSUyMCUyMCUwQSUwQSU3RCUyMCUyOSUzQiUwQSUwQSU3RCUyMCUyOSUzQiUwQSUwQSUzQyUyRnNjcmlwdCUzRQ==[\/vc_raw_js][\/vc_column][\/vc_row]<\/p>\n","protected":false},"excerpt":{"rendered":"<p>[vc_row full_width=\u00a0\u00bbstretch_row_content\u00a0\u00bb el_class=\u00a0\u00bbbreadcrumb\u00a0\u00bb][vc_column][\/vc_column][\/vc_row][vc_row el_class=\u00a0\u00bbslide_marcas\u00a0\u00bb][vc_column][vc_single_image image=\u00a0\u00bb1126&Prime; img_size=\u00a0\u00bbfull\u00a0\u00bb alignment=\u00a0\u00bbcenter\u00a0\u00bb][vc_row_inner el_class=\u00a0\u00bbtexto_xlife\u00a0\u00bb css=\u00a0\u00bb.vc_custom_1643268129027{margin-bottom: 40px !important;}\u00a0\u00bb][vc_column_inner width=\u00a0\u00bb1\/12&Prime;][\/vc_column_inner][vc_column_inner width=\u00a0\u00bb10\/12&Prime;][vc_column_text] Carrelage en gr\u00e8s c\u00e9rame grand format Le carreau de porcelaine grand format XLIFE de Cifre Cer\u00e1mica est la r\u00e9ponse aux nouvelles exigences de l&rsquo;architecture et de la d\u00e9coration int\u00e9rieure. Nous \u00e9largissons notre gamme de produits \u00e0 travers une collection de pi\u00e8ces de [&hellip;]<\/p>\n","protected":false},"author":1,"featured_media":0,"parent":0,"menu_order":0,"comment_status":"closed","ping_status":"closed","template":"","meta":{"om_disable_all_campaigns":false,"footnotes":""},"class_list":["post-2752","page","type-page","status-publish","hentry"],"aioseo_notices":[],"_links":{"self":[{"href":"https:\/\/zenonsurfaces.com\/fr\/wp-json\/wp\/v2\/pages\/2752","targetHints":{"allow":["GET"]}}],"collection":[{"href":"https:\/\/zenonsurfaces.com\/fr\/wp-json\/wp\/v2\/pages"}],"about":[{"href":"https:\/\/zenonsurfaces.com\/fr\/wp-json\/wp\/v2\/types\/page"}],"author":[{"embeddable":true,"href":"https:\/\/zenonsurfaces.com\/fr\/wp-json\/wp\/v2\/users\/1"}],"replies":[{"embeddable":true,"href":"https:\/\/zenonsurfaces.com\/fr\/wp-json\/wp\/v2\/comments?post=2752"}],"version-history":[{"count":14,"href":"https:\/\/zenonsurfaces.com\/fr\/wp-json\/wp\/v2\/pages\/2752\/revisions"}],"predecessor-version":[{"id":8588,"href":"https:\/\/zenonsurfaces.com\/fr\/wp-json\/wp\/v2\/pages\/2752\/revisions\/8588"}],"wp:attachment":[{"href":"https:\/\/zenonsurfaces.com\/fr\/wp-json\/wp\/v2\/media?parent=2752"}],"curies":[{"name":"wp","href":"https:\/\/api.w.org\/{rel}","templated":true}]}}