{"id":2767,"date":"2019-09-06T12:19:25","date_gmt":"2019-09-06T10:19:25","guid":{"rendered":"https:\/\/cifreceramica.com\/feria\/"},"modified":"2025-02-22T12:05:49","modified_gmt":"2025-02-22T11:05:49","slug":"feria-fr","status":"publish","type":"page","link":"https:\/\/zenonsurfaces.com\/fr\/feria-fr\/","title":{"rendered":"Feria"},"content":{"rendered":"<p>[vc_row full_width=\u00a0\u00bbstretch_row_content\u00a0\u00bb el_class=\u00a0\u00bbbreadcrumb\u00a0\u00bb][vc_column][\/vc_column][\/vc_row][vc_row el_class=\u00a0\u00bbtitulares_top_new filosofia\u00a0\u00bb][vc_column width=\u00a0\u00bb1\/6&Prime;][\/vc_column][vc_column width=\u00a0\u00bb2\/3&Prime;][vc_column_text]<\/p>\n<h1 style=\"text-align: center;\">room by room<\/h1>\n<p style=\"text-align: center;\">Vous pouvez d\u00e9couvrir ici toutes nos nouveaut\u00e9s lanc\u00e9es.<\/p>\n<p>[\/vc_column_text][\/vc_column][vc_column width=\u00a0\u00bb1\/6&Prime;][\/vc_column][\/vc_row][vc_row full_width=\u00a0\u00bbstretch_row_content_no_spaces\u00a0\u00bb el_class=\u00a0\u00bbbloque colecciones-feria\u00a0\u00bb][vc_column]<div class=\"slider_feria slider_wrapper \"\"><div class=\"full-width-ambiente\"><div style=\"background-image:url('https:\/\/d7rh5s3nxmpy4.cloudfront.net\/CMP8489\/2\/PR95280BI79359_Z_LAVPIE_SS_FREE_ALICE_Alice_Freestanding_IMD.jpg');\" class=\"full-width-ambiente\" ><\/div><div class=\"info\"><H2 class=\"titulo_slide_home\"><a class=\"enlace_slide_home\" href=\"https:\/\/zenonsurfaces.com\/fr\/collections\/Z_LAVPIE_SS_FREE_ALICE\"><span>Alice freestanding<\/span><\/a><\/H2><a class=\"enlace_slide_home\" href=\"https:\/\/zenonsurfaces.com\/fr\/collections\/Z_LAVPIE_SS_FREE_ALICE\">+<\/a><\/div><\/div><div class=\"full-width-ambiente\"><div style=\"background-image:url('https:\/\/d7rh5s3nxmpy4.cloudfront.net\/CMP8489\/PR95279BI79355_Z_BATH_ACR_ALICE_Alice_Mate_IMD.jpg');\" class=\"full-width-ambiente\" ><\/div><div class=\"info\"><H2 class=\"titulo_slide_home\"><a class=\"enlace_slide_home\" href=\"https:\/\/zenonsurfaces.com\/fr\/collections\/Z_BATH_ACR_ALICE\"><span>Alice mate<\/span><\/a><\/H2><a class=\"enlace_slide_home\" href=\"https:\/\/zenonsurfaces.com\/fr\/collections\/Z_BATH_ACR_ALICE\">+<\/a><\/div><\/div><div class=\"full-width-ambiente\"><div style=\"background-image:url('https:\/\/d7rh5s3nxmpy4.cloudfront.net\/CMP8489\/2\/PR95281BI79361_Z_LAV_SS_ALICE_TOP_Alice_Top_IMD.jpg');\" class=\"full-width-ambiente\" ><\/div><div class=\"info\"><H2 class=\"titulo_slide_home\"><a class=\"enlace_slide_home\" href=\"https:\/\/zenonsurfaces.com\/fr\/collections\/Z_LAV_SS_ALICE_TOP\"><span>Alice top<\/span><\/a><\/H2><a class=\"enlace_slide_home\" href=\"https:\/\/zenonsurfaces.com\/fr\/collections\/Z_LAV_SS_ALICE_TOP\">+<\/a><\/div><\/div><div class=\"full-width-ambiente\"><div style=\"background-image:url('https:\/\/d7rh5s3nxmpy4.cloudfront.net\/CMP8489\/PR95335BI79664_Z_PD_FLOOR_PANELS_SPC_BEREM_Berem_Sand_60x120_IMD.jpg');\" class=\"full-width-ambiente\" ><\/div><div class=\"info\"><H2 class=\"titulo_slide_home\"><a class=\"enlace_slide_home\" href=\"https:\/\/zenonsurfaces.com\/fr\/collections\/Z_PD_FLOOR_PANELS_SPC_BEREM\"><span>Berem sand | 60x120<\/span><\/a><\/H2><a class=\"enlace_slide_home\" href=\"https:\/\/zenonsurfaces.com\/fr\/collections\/Z_PD_FLOOR_PANELS_SPC_BEREM\">+<\/a><\/div><\/div><div class=\"full-width-ambiente\"><div style=\"background-image:url('https:\/\/d7rh5s3nxmpy4.cloudfront.net\/CMP8489\/2\/PR95274BI79377_Z_PD_WALL_PANELS_SPC_BEREM_Berem_Sand_90x260_IMD.jpg');\" class=\"full-width-ambiente\" ><\/div><div class=\"info\"><H2 class=\"titulo_slide_home\"><a class=\"enlace_slide_home\" href=\"https:\/\/zenonsurfaces.com\/fr\/collections\/Z_PD_WALL_PANELS_SPC_BEREM\"><span>Berem sand | 90x260<\/span><\/a><\/H2><a class=\"enlace_slide_home\" href=\"https:\/\/zenonsurfaces.com\/fr\/collections\/Z_PD_WALL_PANELS_SPC_BEREM\">+<\/a><\/div><\/div><div class=\"full-width-ambiente\"><div style=\"background-image:url('https:\/\/d7rh5s3nxmpy4.cloudfront.net\/CMP8489\/1\/PR95273BI79542_Z_PD_GC_WALL_PANELS_FABRIC_Fabric_SPC_Wall_Collection_IMD.jpg');\" class=\"full-width-ambiente\" ><\/div><div class=\"info\"><H2 class=\"titulo_slide_home\"><a class=\"enlace_slide_home\" href=\"https:\/\/zenonsurfaces.com\/fr\/collections\/Z_PD_GC_WALL_PANELS_FABRIC\"><span>Fabric spc wall collection<\/span><\/a><\/H2><a class=\"enlace_slide_home\" href=\"https:\/\/zenonsurfaces.com\/fr\/collections\/Z_PD_GC_WALL_PANELS_FABRIC\">+<\/a><\/div><\/div><div class=\"full-width-ambiente\"><div style=\"background-image:url('https:\/\/d7rh5s3nxmpy4.cloudfront.net\/CMP8489\/PR95272BI79534_Z_PD_GC_LIGHT_STONE_Light_Stone_IMD.jpg');\" class=\"full-width-ambiente\" ><\/div><div class=\"info\"><H2 class=\"titulo_slide_home\"><a class=\"enlace_slide_home\" href=\"https:\/\/zenonsurfaces.com\/fr\/collections\/Z_PD_GC_LIGHT_STONE\"><span>Light stone<\/span><\/a><\/H2><a class=\"enlace_slide_home\" href=\"https:\/\/zenonsurfaces.com\/fr\/collections\/Z_PD_GC_LIGHT_STONE\">+<\/a><\/div><\/div><div class=\"full-width-ambiente\"><div style=\"background-image:url('https:\/\/d7rh5s3nxmpy4.cloudfront.net\/CMP8489\/PR95336BI79665_Z_PD_FLOOR_PANELS_SPC_NEO_Neo_60x120_IMD.jpg');\" class=\"full-width-ambiente\" ><\/div><div class=\"info\"><H2 class=\"titulo_slide_home\"><a class=\"enlace_slide_home\" href=\"https:\/\/zenonsurfaces.com\/fr\/collections\/Z_PD_FLOOR_PANELS_SPC_NEO\"><span>Neo | 60x120<\/span><\/a><\/H2><a class=\"enlace_slide_home\" href=\"https:\/\/zenonsurfaces.com\/fr\/collections\/Z_PD_FLOOR_PANELS_SPC_NEO\">+<\/a><\/div><\/div><div class=\"full-width-ambiente\"><div style=\"background-image:url('https:\/\/d7rh5s3nxmpy4.cloudfront.net\/CMP8489\/2\/PR95275BI79379_Z_PD_WALL_PANELS_SPC_NEO_Neo_90x260_IMD.jpg');\" class=\"full-width-ambiente\" ><\/div><div class=\"info\"><H2 class=\"titulo_slide_home\"><a class=\"enlace_slide_home\" href=\"https:\/\/zenonsurfaces.com\/fr\/collections\/Z_PD_WALL_PANELS_SPC_NEO\"><span>Neo | 90x260<\/span><\/a><\/H2><a class=\"enlace_slide_home\" href=\"https:\/\/zenonsurfaces.com\/fr\/collections\/Z_PD_WALL_PANELS_SPC_NEO\">+<\/a><\/div><\/div><div class=\"full-width-ambiente\"><div style=\"background-image:url('https:\/\/d7rh5s3nxmpy4.cloudfront.net\/CMP8489\/1\/PR95278BI80148_Z_LAV_SOBRE_PORCE_SIENA_Siena_IMD.jpg');\" class=\"full-width-ambiente\" ><\/div><div class=\"info\"><H2 class=\"titulo_slide_home\"><a class=\"enlace_slide_home\" href=\"https:\/\/zenonsurfaces.com\/fr\/collections\/Z_LAV_SOBRE_PORCE_SIENA\"><span>Siena<\/span><\/a><\/H2><a class=\"enlace_slide_home\" href=\"https:\/\/zenonsurfaces.com\/fr\/collections\/Z_LAV_SOBRE_PORCE_SIENA\">+<\/a><\/div><\/div><div class=\"full-width-ambiente\"><div style=\"background-image:url('https:\/\/d7rh5s3nxmpy4.cloudfront.net\/CMP8489\/PR95289BI79385_Z_LAVPIE_SS_FREE_SILVANA_Silvana_Freestanding_IMD.jpg');\" class=\"full-width-ambiente\" ><\/div><div class=\"info\"><H2 class=\"titulo_slide_home\"><a class=\"enlace_slide_home\" href=\"https:\/\/zenonsurfaces.com\/fr\/collections\/Z_LAVPIE_SS_FREE_SILVANA\"><span>Silvana freestanding<\/span><\/a><\/H2><a class=\"enlace_slide_home\" href=\"https:\/\/zenonsurfaces.com\/fr\/collections\/Z_LAVPIE_SS_FREE_SILVANA\">+<\/a><\/div><\/div><div class=\"full-width-ambiente\"><div style=\"background-image:url('https:\/\/d7rh5s3nxmpy4.cloudfront.net\/CMP8489\/PR95290BI79387_Z_BATH_ACR_SILVANA_Silvana_Mate_IMD.jpg');\" class=\"full-width-ambiente\" ><\/div><div class=\"info\"><H2 class=\"titulo_slide_home\"><a class=\"enlace_slide_home\" href=\"https:\/\/zenonsurfaces.com\/fr\/collections\/Z_BATH_ACR_SILVANA\"><span>Silvana mate<\/span><\/a><\/H2><a class=\"enlace_slide_home\" href=\"https:\/\/zenonsurfaces.com\/fr\/collections\/Z_BATH_ACR_SILVANA\">+<\/a><\/div><\/div><div class=\"full-width-ambiente\"><div style=\"background-image:url('https:\/\/d7rh5s3nxmpy4.cloudfront.net\/CMP8489\/PR95291BI79388_Z_LAV_SS_ALICE_TOP_clone_Alice_Top_IMD.jpg');\" class=\"full-width-ambiente\" ><\/div><div class=\"info\"><H2 class=\"titulo_slide_home\"><a class=\"enlace_slide_home\" href=\"https:\/\/zenonsurfaces.com\/fr\/collections\/Z_LAV_SS_SILVANA_TOP\"><span>Silvanatop<\/span><\/a><\/H2><a class=\"enlace_slide_home\" href=\"https:\/\/zenonsurfaces.com\/fr\/collections\/Z_LAV_SS_SILVANA_TOP\">+<\/a><\/div><\/div><div class=\"full-width-ambiente\"><div style=\"background-image:url('https:\/\/d7rh5s3nxmpy4.cloudfront.net\/CMP8489\/PR95337BI79667_Z_PD_FLOOR_PANELS_SPC_SONOR_Sonor_60x120_IMD.jpg');\" class=\"full-width-ambiente\" ><\/div><div class=\"info\"><H2 class=\"titulo_slide_home\"><a class=\"enlace_slide_home\" href=\"https:\/\/zenonsurfaces.com\/fr\/collections\/Z_PD_FLOOR_PANELS_SPC_SONOR\"><span>Sonor | 60x120<\/span><\/a><\/H2><a class=\"enlace_slide_home\" href=\"https:\/\/zenonsurfaces.com\/fr\/collections\/Z_PD_FLOOR_PANELS_SPC_SONOR\">+<\/a><\/div><\/div><div class=\"full-width-ambiente\"><div style=\"background-image:url('https:\/\/d7rh5s3nxmpy4.cloudfront.net\/CMP8489\/2\/PR95277BI79378_Z_PD_WALL_PANELS_SPC_SONOR_Sonor_90x260_IMD.jpg');\" class=\"full-width-ambiente\" ><\/div><div class=\"info\"><H2 class=\"titulo_slide_home\"><a class=\"enlace_slide_home\" href=\"https:\/\/zenonsurfaces.com\/fr\/collections\/Z_PD_WALL_PANELS_SPC_SONOR\"><span>Sonor | 90x260<\/span><\/a><\/H2><a class=\"enlace_slide_home\" href=\"https:\/\/zenonsurfaces.com\/fr\/collections\/Z_PD_WALL_PANELS_SPC_SONOR\">+<\/a><\/div><\/div><\/div><script>\n\t\tjQuery( document ).ready( function (  ) { jQuery( '.slider_wrapper' ).bxSlider(\n\t\t{\n\t\t\tauto:true,\n                        shrinkItems:true,\n\t\t\tcontrols:true,\n\t\t\tpager:true,\n                        pagerType:\"full\",\n                        wrapperClass:\"bx-wrapper slider_feria_wrapper\",\n                        touchEnabled: false\n\t\t}); });\n\t<\/script>[\/vc_column][\/vc_row][vc_row full_width=\u00a0\u00bbstretch_row\u00a0\u00bb el_class=\u00a0\u00bbbtn_descargar_feria\u00a0\u00bb][vc_column el_class=\u00a0\u00bbseleccion_acciones_top feria\u00a0\u00bb][vc_row_inner disable_element=\u00a0\u00bbyes\u00a0\u00bb][vc_column_inner][vc_column_text el_class=\u00a0\u00bbdescargar_cat_feria izq\u00a0\u00bb]<\/p>\n<p style=\"text-align: center;\"><a href=\"https:\/\/d7rh5s3nxmpy4.cloudfront.net\/CMP8489\/files\/Catalogo_Zenon_novedades_Cersaie_24_ok_v2.pdf\" target=\"_blank\" rel=\"noopener noreferrer\">Catalogue<\/a><\/p>\n<p>[\/vc_column_text][\/vc_column_inner][\/vc_row_inner][\/vc_column][\/vc_row][vc_row css=\u00a0\u00bb.vc_custom_1642060842701{margin-top: 30px !important;}\u00a0\u00bb][vc_column][vc_column_text]<\/p>\n<h1 style=\"text-align: center;\">room by room 2025<\/h1>\n<p>[\/vc_column_text]<div class=\"listado_ferias\">[vc_row el_class=\u00a0\u00bb\u00a0\u00bb ][vc_column width=\u00a0\u00bb4\/12&Prime; el_class=\u00a0\u00bbitem_listado_ferias\u00a0\u00bb]<a href=\"https:\/\/zenonsurfaces.com\/fr\/collections\/Z_PD_GC_LIGHT_STONE\"><img decoding=\"async\" height=\"350\" src=\"https:\/\/d7rh5s3nxmpy4.cloudfront.net\/CMP8489\/PR95272BI79534_Z_PD_GC_LIGHT_STONE_Light_Stone_IMD.jpg\"><h2>Light stone<\/h2>[\/vc_column][vc_column width=\u00a0\u00bb4\/12&Prime; el_class=\u00a0\u00bbitem_listado_ferias\u00a0\u00bb]<a href=\"https:\/\/zenonsurfaces.com\/fr\/collections\/Z_PD_GC_WALL_PANELS_FABRIC\"><img decoding=\"async\" height=\"350\" src=\"https:\/\/d7rh5s3nxmpy4.cloudfront.net\/CMP8489\/1\/PR95273BI79542_Z_PD_GC_WALL_PANELS_FABRIC_Fabric_SPC_Wall_Collection_IMD.jpg\"><h2>Fabric spc wall collection<\/h2>[\/vc_column][vc_column width=\u00a0\u00bb4\/12&Prime; el_class=\u00a0\u00bbitem_listado_ferias\u00a0\u00bb]<a href=\"https:\/\/zenonsurfaces.com\/fr\/collections\/Z_PD_WALL_PANELS_SPC_BEREM\"><img decoding=\"async\" height=\"350\" src=\"https:\/\/d7rh5s3nxmpy4.cloudfront.net\/CMP8489\/2\/PR95274BI79377_Z_PD_WALL_PANELS_SPC_BEREM_Berem_Sand_90x260_IMD.jpg\"><h2>Berem sand | 90&#215;260<\/h2>[\/vc_column][\/vc_row][vc_row el_class=\u00a0\u00bb\u00a0\u00bb ][vc_column width=\u00a0\u00bb4\/12&Prime; el_class=\u00a0\u00bbitem_listado_ferias\u00a0\u00bb]<a href=\"https:\/\/zenonsurfaces.com\/fr\/collections\/Z_PD_WALL_PANELS_SPC_NEO\"><img decoding=\"async\" height=\"350\" src=\"https:\/\/d7rh5s3nxmpy4.cloudfront.net\/CMP8489\/2\/PR95275BI79379_Z_PD_WALL_PANELS_SPC_NEO_Neo_90x260_IMD.jpg\"><h2>Neo | 90&#215;260<\/h2>[\/vc_column][vc_column width=\u00a0\u00bb4\/12&Prime; el_class=\u00a0\u00bbitem_listado_ferias\u00a0\u00bb]<a href=\"https:\/\/zenonsurfaces.com\/fr\/collections\/Z_PD_WALL_PANELS_SPC_SONOR\"><img decoding=\"async\" height=\"350\" src=\"https:\/\/d7rh5s3nxmpy4.cloudfront.net\/CMP8489\/2\/PR95277BI79378_Z_PD_WALL_PANELS_SPC_SONOR_Sonor_90x260_IMD.jpg\"><h2>Sonor | 90&#215;260<\/h2>[\/vc_column][vc_column width=\u00a0\u00bb4\/12&Prime; el_class=\u00a0\u00bbitem_listado_ferias\u00a0\u00bb]<a href=\"https:\/\/zenonsurfaces.com\/fr\/collections\/Z_LAV_SOBRE_PORCE_SIENA\"><img decoding=\"async\" height=\"350\" src=\"https:\/\/d7rh5s3nxmpy4.cloudfront.net\/CMP8489\/1\/PR95278BI80148_Z_LAV_SOBRE_PORCE_SIENA_Siena_IMD.jpg\"><h2>Siena<\/h2>[\/vc_column][\/vc_row][vc_row el_class=\u00a0\u00bb\u00a0\u00bb ][vc_column width=\u00a0\u00bb4\/12&Prime; el_class=\u00a0\u00bbitem_listado_ferias\u00a0\u00bb]<a href=\"https:\/\/zenonsurfaces.com\/fr\/collections\/Z_BATH_ACR_ALICE\"><img decoding=\"async\" height=\"350\" src=\"https:\/\/d7rh5s3nxmpy4.cloudfront.net\/CMP8489\/PR95279BI79355_Z_BATH_ACR_ALICE_Alice_Mate_IMD.jpg\"><h2>Alice mate<\/h2>[\/vc_column][vc_column width=\u00a0\u00bb4\/12&Prime; el_class=\u00a0\u00bbitem_listado_ferias\u00a0\u00bb]<a href=\"https:\/\/zenonsurfaces.com\/fr\/collections\/Z_LAVPIE_SS_FREE_ALICE\"><img decoding=\"async\" height=\"350\" src=\"https:\/\/d7rh5s3nxmpy4.cloudfront.net\/CMP8489\/2\/PR95280BI79359_Z_LAVPIE_SS_FREE_ALICE_Alice_Freestanding_IMD.jpg\"><h2>Alice freestanding<\/h2>[\/vc_column][vc_column width=\u00a0\u00bb4\/12&Prime; el_class=\u00a0\u00bbitem_listado_ferias\u00a0\u00bb]<a href=\"https:\/\/zenonsurfaces.com\/fr\/collections\/Z_LAV_SS_ALICE_TOP\"><img decoding=\"async\" height=\"350\" src=\"https:\/\/d7rh5s3nxmpy4.cloudfront.net\/CMP8489\/2\/PR95281BI79361_Z_LAV_SS_ALICE_TOP_Alice_Top_IMD.jpg\"><h2>Alice top<\/h2>[\/vc_column][\/vc_row][vc_row el_class=\u00a0\u00bb\u00a0\u00bb ][vc_column width=\u00a0\u00bb4\/12&Prime; el_class=\u00a0\u00bbitem_listado_ferias\u00a0\u00bb]<a href=\"https:\/\/zenonsurfaces.com\/fr\/collections\/Z_LAVPIE_SS_FREE_SILVANA\"><img decoding=\"async\" height=\"350\" src=\"https:\/\/d7rh5s3nxmpy4.cloudfront.net\/CMP8489\/PR95289BI79385_Z_LAVPIE_SS_FREE_SILVANA_Silvana_Freestanding_IMD.jpg\"><h2>Silvana freestanding<\/h2>[\/vc_column][vc_column width=\u00a0\u00bb4\/12&Prime; el_class=\u00a0\u00bbitem_listado_ferias\u00a0\u00bb]<a href=\"https:\/\/zenonsurfaces.com\/fr\/collections\/Z_BATH_ACR_SILVANA\"><img decoding=\"async\" height=\"350\" src=\"https:\/\/d7rh5s3nxmpy4.cloudfront.net\/CMP8489\/PR95290BI79387_Z_BATH_ACR_SILVANA_Silvana_Mate_IMD.jpg\"><h2>Silvana mate<\/h2>[\/vc_column][vc_column width=\u00a0\u00bb4\/12&Prime; el_class=\u00a0\u00bbitem_listado_ferias\u00a0\u00bb]<a href=\"https:\/\/zenonsurfaces.com\/fr\/collections\/Z_LAV_SS_SILVANA_TOP\"><img decoding=\"async\" height=\"350\" src=\"https:\/\/d7rh5s3nxmpy4.cloudfront.net\/CMP8489\/PR95291BI79388_Z_LAV_SS_ALICE_TOP_clone_Alice_Top_IMD.jpg\"><h2>Silvanatop<\/h2>[\/vc_column][\/vc_row][vc_row el_class=\u00a0\u00bb\u00a0\u00bb ][vc_column width=\u00a0\u00bb4\/12&Prime; el_class=\u00a0\u00bbitem_listado_ferias\u00a0\u00bb]<a href=\"https:\/\/zenonsurfaces.com\/fr\/collections\/Z_PD_FLOOR_PANELS_SPC_BEREM\"><img decoding=\"async\" height=\"350\" src=\"https:\/\/d7rh5s3nxmpy4.cloudfront.net\/CMP8489\/PR95335BI79664_Z_PD_FLOOR_PANELS_SPC_BEREM_Berem_Sand_60x120_IMD.jpg\"><h2>Berem sand | 60&#215;120<\/h2>[\/vc_column][vc_column width=\u00a0\u00bb4\/12&Prime; el_class=\u00a0\u00bbitem_listado_ferias\u00a0\u00bb]<a href=\"https:\/\/zenonsurfaces.com\/fr\/collections\/Z_PD_FLOOR_PANELS_SPC_NEO\"><img decoding=\"async\" height=\"350\" src=\"https:\/\/d7rh5s3nxmpy4.cloudfront.net\/CMP8489\/PR95336BI79665_Z_PD_FLOOR_PANELS_SPC_NEO_Neo_60x120_IMD.jpg\"><h2>Neo | 60&#215;120<\/h2>[\/vc_column][vc_column width=\u00a0\u00bb4\/12&Prime; el_class=\u00a0\u00bbitem_listado_ferias\u00a0\u00bb]<a href=\"https:\/\/zenonsurfaces.com\/fr\/collections\/Z_PD_FLOOR_PANELS_SPC_SONOR\"><img decoding=\"async\" height=\"350\" src=\"https:\/\/d7rh5s3nxmpy4.cloudfront.net\/CMP8489\/PR95337BI79667_Z_PD_FLOOR_PANELS_SPC_SONOR_Sonor_60x120_IMD.jpg\"><h2>Sonor | 60&#215;120<\/h2>[\/vc_column][\/vc_row][vc_row el_class=\u00a0\u00bb\u00a0\u00bb ][\/vc_row]<\/div>[\/vc_column][\/vc_row]<\/p>\n","protected":false},"excerpt":{"rendered":"<p>[vc_row full_width=\u00a0\u00bbstretch_row_content\u00a0\u00bb el_class=\u00a0\u00bbbreadcrumb\u00a0\u00bb][vc_column][\/vc_column][\/vc_row][vc_row el_class=\u00a0\u00bbtitulares_top_new filosofia\u00a0\u00bb][vc_column width=\u00a0\u00bb1\/6&Prime;][\/vc_column][vc_column width=\u00a0\u00bb2\/3&Prime;][vc_column_text] room by room Vous pouvez d\u00e9couvrir ici toutes nos nouveaut\u00e9s lanc\u00e9es. [\/vc_column_text][\/vc_column][vc_column width=\u00a0\u00bb1\/6&Prime;][\/vc_column][\/vc_row][vc_row full_width=\u00a0\u00bbstretch_row_content_no_spaces\u00a0\u00bb el_class=\u00a0\u00bbbloque colecciones-feria\u00a0\u00bb][vc_column][\/vc_column][\/vc_row][vc_row full_width=\u00a0\u00bbstretch_row\u00a0\u00bb el_class=\u00a0\u00bbbtn_descargar_feria\u00a0\u00bb][vc_column el_class=\u00a0\u00bbseleccion_acciones_top feria\u00a0\u00bb][vc_row_inner disable_element=\u00a0\u00bbyes\u00a0\u00bb][vc_column_inner][vc_column_text el_class=\u00a0\u00bbdescargar_cat_feria izq\u00a0\u00bb] Catalogue [\/vc_column_text][\/vc_column_inner][\/vc_row_inner][\/vc_column][\/vc_row][vc_row css=\u00a0\u00bb.vc_custom_1642060842701{margin-top: 30px !important;}\u00a0\u00bb][vc_column][vc_column_text] room by room 2025 [\/vc_column_text][\/vc_column][\/vc_row]<\/p>\n","protected":false},"author":1,"featured_media":0,"parent":0,"menu_order":0,"comment_status":"closed","ping_status":"closed","template":"","meta":{"om_disable_all_campaigns":false,"footnotes":""},"class_list":["post-2767","page","type-page","status-publish","hentry"],"aioseo_notices":[],"_links":{"self":[{"href":"https:\/\/zenonsurfaces.com\/fr\/wp-json\/wp\/v2\/pages\/2767","targetHints":{"allow":["GET"]}}],"collection":[{"href":"https:\/\/zenonsurfaces.com\/fr\/wp-json\/wp\/v2\/pages"}],"about":[{"href":"https:\/\/zenonsurfaces.com\/fr\/wp-json\/wp\/v2\/types\/page"}],"author":[{"embeddable":true,"href":"https:\/\/zenonsurfaces.com\/fr\/wp-json\/wp\/v2\/users\/1"}],"replies":[{"embeddable":true,"href":"https:\/\/zenonsurfaces.com\/fr\/wp-json\/wp\/v2\/comments?post=2767"}],"version-history":[{"count":23,"href":"https:\/\/zenonsurfaces.com\/fr\/wp-json\/wp\/v2\/pages\/2767\/revisions"}],"predecessor-version":[{"id":11303,"href":"https:\/\/zenonsurfaces.com\/fr\/wp-json\/wp\/v2\/pages\/2767\/revisions\/11303"}],"wp:attachment":[{"href":"https:\/\/zenonsurfaces.com\/fr\/wp-json\/wp\/v2\/media?parent=2767"}],"curies":[{"name":"wp","href":"https:\/\/api.w.org\/{rel}","templated":true}]}}