{"id":2772,"date":"2019-09-05T13:48:42","date_gmt":"2019-09-05T11:48:42","guid":{"rendered":"https:\/\/cifreceramica.com\/cifrereport\/"},"modified":"2022-04-12T14:41:01","modified_gmt":"2022-04-12T12:41:01","slug":"cifrereport","status":"publish","type":"page","link":"https:\/\/zenonsurfaces.com\/fr\/cifrereport\/","title":{"rendered":"CifreReport"},"content":{"rendered":"<p>[vc_row full_width=\u00a0\u00bbstretch_row_content\u00a0\u00bb el_class=\u00a0\u00bbbreadcrumb\u00a0\u00bb][vc_column][\/vc_column][\/vc_row][vc_row el_class=\u00a0\u00bbtitulares_top_new filosofia\u00a0\u00bb][vc_column width=\u00a0\u00bb1\/6&Prime;][\/vc_column][vc_column width=\u00a0\u00bb2\/3&Prime;][vc_column_text]<\/p>\n<h1 style=\"text-align: center;\"><a href=\"https:\/\/cifreceramica.com\/en\/cifrereport\/\">Rapport Cifre<\/a><\/h1>\n<p style=\"text-align: center;\">D\u00e9couvrez les derni\u00e8res tendances en mati\u00e8re de d\u00e9coration et d&rsquo;architecture et laissez-vous inspirer. Dans Cifre Report, nous vous pr\u00e9sentons tous les d\u00e9tails des projets dans lesquels nos mat\u00e9riaux sont impliqu\u00e9s et les derni\u00e8res nouvelles du groupe Cifre.<\/p>\n<p>[\/vc_column_text][\/vc_column][vc_column width=\u00a0\u00bb1\/6&Prime;][\/vc_column][\/vc_row][vc_row full_width=\u00a0\u00bbstretch_row\u00a0\u00bb el_class=\u00a0\u00bbcategorias_report\u00a0\u00bb][vc_column][vc_row][vc_column width=\u00a0\u00bb12\/12&Prime; el_class=\u00a0\u00bblista_categorias\u00a0\u00bb]<ul><li><a href=\"https:\/\/zenonsurfaces.com\/cifrereport\/page\/1\/cat\/0\">Todo<\/a><\/li><li class=\"\"><a href=\"https:\/\/zenonsurfaces.com\/fr\/cifrereport\/page\/1\/cat\/157\">CifreProject<\/a><\/li><li class=\"\"><a href=\"https:\/\/zenonsurfaces.com\/fr\/cifrereport\/page\/1\/cat\/167\">InTheNews<\/a><\/li><li class=\"\"><a href=\"https:\/\/zenonsurfaces.com\/fr\/cifrereport\/page\/1\/cat\/10\">Non classifi\u00e9(e)<\/a><\/li><li class=\"\"><a href=\"https:\/\/zenonsurfaces.com\/fr\/cifrereport\/page\/1\/cat\/170\">Projets<\/a><\/li><li class=\"\"><a href=\"https:\/\/zenonsurfaces.com\/fr\/cifrereport\/page\/1\/cat\/159\">ProTips<\/a><\/li><li class=\"\"><a href=\"https:\/\/zenonsurfaces.com\/fr\/cifrereport\/page\/1\/cat\/160\">Trend&#039;n&#039;insp<\/a><\/li><li class=\"\"><a href=\"https:\/\/zenonsurfaces.com\/fr\/cifrereport\/page\/1\/cat\/162\">Zenon Solid Surface<\/a><\/li><\/ul>[\/vc_column][\/vc_row][\/vc_column][\/vc_row][vc_row][vc_column]<div class=\"listado_report\">[vc_row el_class=\u00a0\u00bb\u00a0\u00bb ][vc_column width=\u00a0\u00bb12\/12&Prime; el_class=\u00a0\u00bbitem_listado_report\u00a0\u00bb]<a href=\"https:\/\/zenonsurfaces.com\/fr\/zenon-solid-surface-born-to-be-admired\/\"><img decoding=\"async\" class=\"img_report_destacado\" src=\"https:\/\/zenonsurfaces.com\/wp-content\/uploads\/2022\/11\/AMBIENTE-PANELE-CREATE-DREAMS-KACTA-120X240-PD-SMART-KACTA-FREESTANDING-FLORIDA-CREAM-BANO-2.jpg\"><p>29\/11\/2022<\/p><h2>Zenon Solid Surface: Born to be Admired<\/h2>[\/vc_column][\/vc_row][vc_row el_class=\u00a0\u00bb\u00a0\u00bb ][vc_column width=\u00a0\u00bb6\/12&Prime; el_class=\u00a0\u00bbitem_listado_report\u00a0\u00bb]<a href=\"https:\/\/zenonsurfaces.com\/fr\/lavabos-min\/\"><img decoding=\"async\" src=\"https:\/\/zenonsurfaces.com\/wp-content\/uploads\/2022\/09\/Mini-Umbriel-Middle-Lavabo-Blanco-Mate-01.jpg\"><p>23\/09\/2022<\/p><h2>Mini lavabos<\/h2>[\/vc_column][vc_column width=\u00a0\u00bb6\/12&Prime; el_class=\u00a0\u00bbitem_listado_report\u00a0\u00bb]<a href=\"https:\/\/zenonsurfaces.com\/fr\/colores-de-tendencia\/\"><img decoding=\"async\" src=\"https:\/\/zenonsurfaces.com\/wp-content\/uploads\/2022\/09\/Florida-Metalizados-01.jpg\"><p>23\/09\/2022<\/p><h2>Couleurs tendance<\/h2>[\/vc_column][\/vc_row][vc_row el_class=\u00a0\u00bb\u00a0\u00bb ][vc_column width=\u00a0\u00bb6\/12&Prime; el_class=\u00a0\u00bbitem_listado_report\u00a0\u00bb]<a href=\"https:\/\/zenonsurfaces.com\/fr\/granite-white-the-star-material-at-casa-banlusa\/\"><img decoding=\"async\" src=\"https:\/\/zenonsurfaces.com\/wp-content\/uploads\/2021\/12\/casa_banlusa_presentacion-2.jpg\"><p>12\/04\/2022<\/p><h2>Granite White, the star material at Casa Banlusa<\/h2>[\/vc_column][vc_column width=\u00a0\u00bb6\/12&Prime; el_class=\u00a0\u00bbitem_listado_report\u00a0\u00bb]<a href=\"https:\/\/zenonsurfaces.com\/fr\/cifre-ceramica-all-the-trends-you-will-see-at-coverings-2022\/\"><img decoding=\"async\" src=\"https:\/\/zenonsurfaces.com\/wp-content\/uploads\/2022\/04\/coverings-2022-cifre-ceramica.jpg\"><p>12\/04\/2022<\/p><h2>Cifre Cer\u00e1mica: all the trends you will see at Coverings 2022<\/h2>[\/vc_column][\/vc_row][vc_row el_class=\u00a0\u00bb\u00a0\u00bb ][vc_column width=\u00a0\u00bb12\/12&Prime; el_class=\u00a0\u00bbitem_listado_report\u00a0\u00bb]<a href=\"https:\/\/zenonsurfaces.com\/fr\/zenon-is-committed-to-the-design-revolution-in-the-new-additions-to-its-catalogue\/\"><img decoding=\"async\" class=\"img_report_destacado\" src=\"https:\/\/zenonsurfaces.com\/wp-content\/uploads\/2022\/03\/novedades-zenon-principal.jpg\"><p>12\/04\/2022<\/p><h2>Zenon is committed to the design revolution in the new additions to its catalogue.<\/h2>[\/vc_column][\/vc_row]<\/div>[vc_row el_class=\u00a0\u00bbpaginador_listado\u00a0\u00bb ][vc_column width=\u00a0\u00bb12\/12&Prime; el_class=\u00a0\u00bblista_paginador\u00a0\u00bb]<ul><li class=\"activo\"><a href=\"https:\/\/zenonsurfaces.com\/fr\/cifrereport\/page\/1\/cat\/0\">1<\/a><\/li><li class=\"\"><a href=\"https:\/\/zenonsurfaces.com\/fr\/cifrereport\/page\/2\/cat\/0\">2<\/a><\/li><li class=\"\"><a href=\"https:\/\/zenonsurfaces.com\/fr\/cifrereport\/page\/3\/cat\/0\">3<\/a><\/li><li class=\"\"><a href=\"https:\/\/zenonsurfaces.com\/fr\/cifrereport\/page\/4\/cat\/0\">4<\/a><\/li><li class=\"\"><a href=\"https:\/\/zenonsurfaces.com\/fr\/cifrereport\/page\/5\/cat\/0\">5<\/a><\/li><li class=\"\"><a href=\"https:\/\/zenonsurfaces.com\/fr\/cifrereport\/page\/6\/cat\/0\">6<\/a><\/li><li class=\"\"><a href=\"https:\/\/zenonsurfaces.com\/fr\/cifrereport\/page\/7\/cat\/0\">7<\/a><\/li><\/ul>[\/vc_column][\/vc_row][\/vc_column][\/vc_row][vc_row full_width=\u00a0\u00bbstretch_row_content_no_spaces\u00a0\u00bb disable_element=\u00a0\u00bbyes\u00a0\u00bb el_class=\u00a0\u00bbfila_report\u00a0\u00bb][vc_column][vc_basic_grid post_type=\u00a0\u00bbpost\u00a0\u00bb max_items=\u00a0\u00bb1000&Prime; style=\u00a0\u00bbpagination\u00a0\u00bb items_per_page=\u00a0\u00bb6&Prime; show_filter=\u00a0\u00bbyes\u00a0\u00bb filter_color=\u00a0\u00bbwhite\u00a0\u00bb paging_design=\u00a0\u00bbpagination_default\u00a0\u00bb paging_color=\u00a0\u00bbblack\u00a0\u00bb loop=\u00a0\u00bbyes\u00a0\u00bb item=\u00a0\u00bb925&Prime; grid_id=\u00a0\u00bbvc_gid:1649767270455-655db963-b41b-7&Prime; filter_source=\u00a0\u00bbcategory\u00a0\u00bb][\/vc_column][\/vc_row]<\/p>\n","protected":false},"excerpt":{"rendered":"<p>[vc_row full_width=\u00a0\u00bbstretch_row_content\u00a0\u00bb el_class=\u00a0\u00bbbreadcrumb\u00a0\u00bb][vc_column][\/vc_column][\/vc_row][vc_row el_class=\u00a0\u00bbtitulares_top_new filosofia\u00a0\u00bb][vc_column width=\u00a0\u00bb1\/6&Prime;][\/vc_column][vc_column width=\u00a0\u00bb2\/3&Prime;][vc_column_text] Rapport Cifre D\u00e9couvrez les derni\u00e8res tendances en mati\u00e8re de d\u00e9coration et d&rsquo;architecture et laissez-vous inspirer. Dans Cifre Report, nous vous pr\u00e9sentons tous les d\u00e9tails des projets dans lesquels nos mat\u00e9riaux sont impliqu\u00e9s et les derni\u00e8res nouvelles du groupe Cifre. [\/vc_column_text][\/vc_column][vc_column width=\u00a0\u00bb1\/6&Prime;][\/vc_column][\/vc_row][vc_row full_width=\u00a0\u00bbstretch_row\u00a0\u00bb el_class=\u00a0\u00bbcategorias_report\u00a0\u00bb][vc_column][\/vc_column][\/vc_row][vc_row][vc_column][\/vc_column][\/vc_row][vc_row full_width=\u00a0\u00bbstretch_row_content_no_spaces\u00a0\u00bb disable_element=\u00a0\u00bbyes\u00a0\u00bb el_class=\u00a0\u00bbfila_report\u00a0\u00bb][vc_column][vc_basic_grid post_type=\u00a0\u00bbpost\u00a0\u00bb max_items=\u00a0\u00bb1000&Prime; [&hellip;]<\/p>\n","protected":false},"author":1,"featured_media":0,"parent":0,"menu_order":0,"comment_status":"closed","ping_status":"closed","template":"plantilla_cifrereport.php","meta":{"om_disable_all_campaigns":false,"footnotes":""},"class_list":["post-2772","page","type-page","status-publish","hentry"],"aioseo_notices":[],"_links":{"self":[{"href":"https:\/\/zenonsurfaces.com\/fr\/wp-json\/wp\/v2\/pages\/2772","targetHints":{"allow":["GET"]}}],"collection":[{"href":"https:\/\/zenonsurfaces.com\/fr\/wp-json\/wp\/v2\/pages"}],"about":[{"href":"https:\/\/zenonsurfaces.com\/fr\/wp-json\/wp\/v2\/types\/page"}],"author":[{"embeddable":true,"href":"https:\/\/zenonsurfaces.com\/fr\/wp-json\/wp\/v2\/users\/1"}],"replies":[{"embeddable":true,"href":"https:\/\/zenonsurfaces.com\/fr\/wp-json\/wp\/v2\/comments?post=2772"}],"version-history":[{"count":15,"href":"https:\/\/zenonsurfaces.com\/fr\/wp-json\/wp\/v2\/pages\/2772\/revisions"}],"predecessor-version":[{"id":9004,"href":"https:\/\/zenonsurfaces.com\/fr\/wp-json\/wp\/v2\/pages\/2772\/revisions\/9004"}],"wp:attachment":[{"href":"https:\/\/zenonsurfaces.com\/fr\/wp-json\/wp\/v2\/media?parent=2772"}],"curies":[{"name":"wp","href":"https:\/\/api.w.org\/{rel}","templated":true}]}}