{"id":4248,"date":"2020-04-15T13:15:39","date_gmt":"2020-04-15T11:15:39","guid":{"rendered":"https:\/\/cifreceramica.com\/cifre-store-carrito\/"},"modified":"2020-12-11T14:59:18","modified_gmt":"2020-12-11T13:59:18","slug":"cifre-store-carrito","status":"publish","type":"page","link":"https:\/\/zenonsurfaces.com\/fr\/cifre-store-carrito\/","title":{"rendered":"Cifre store carrito"},"content":{"rendered":"<p>[vc_row full_width=\u00a0\u00bbstretch_row_content\u00a0\u00bb el_class=\u00a0\u00bbbreadcrumb\u00a0\u00bb][vc_column][\/vc_column][\/vc_row][vc_row full_width=\u00a0\u00bbstretch_row\u00a0\u00bb el_class=\u00a0\u00bbcabecera_store\u00a0\u00bb][vc_column width=\u00a0\u00bb1\/3&Prime;][\/vc_column][vc_column width=\u00a0\u00bb1\/3&Prime;][vc_column_text]<\/p>\n<h1>Cifre Store<\/h1>\n<p>[\/vc_column_text][\/vc_column][vc_column width=\u00a0\u00bb1\/3&Prime;][vc_column_text el_class=\"carrito_store\"](<span id=\"num_el_cart\">0<\/span>)<a href=\"https:\/\/zenonsurfaces.com\/fr\/\/cifre-store-carrito\"><img loading=\"lazy\" decoding=\"async\" class=\"alignnone size-full wp-image-4134\" src=\"https:\/\/cifreceramica.com\/wp-content\/uploads\/2020\/04\/carrito.png\" alt=\"\" width=\"30\" height=\"30\" \/><\/a>[\/vc_column_text][\/vc_column][\/vc_row][vc_row el_class=\u00a0\u00bbcarrito_store_tabla\u00a0\u00bb][vc_column width=\u00a0\u00bb1\/6&Prime;][\/vc_column][vc_column width=\u00a0\u00bb2\/3&Prime;][vc_row_inner ][vc_column][vc_custom_heading text=\"Lo sentimos, este apartado es de uso restringido.\n<br>Lamentamos las molestias. Un saludo.\" font_container=\"tag:div|font_size:20|text_align:center|color:%233f3f3f|line_height:30px\" use_theme_fonts=\"yes\"][\/vc_column][\/vc_row_inner][vc_row_inner el_class=\u00a0\u00bbfinalizar_pedido_store\u00a0\u00bb][vc_column_inner width=\u00a0\u00bb1\/2&Prime;][\/vc_column_inner][vc_column_inner width=\u00a0\u00bb1\/2&Prime;][vc_column_text el_class=\u00a0\u00bbtotal_pedido_store\u00a0\u00bb]<\/p>\n<p style=\"text-align: left;\"><strong>commande totale (TVA non incluse)<\/strong><\/p>\n<p style=\"text-align: right; float: right;\"><strong><span class=\"total_price\"><\/span> \u20ac<\/strong><\/p>\n<p>[\/vc_column_text][vc_btn title=\u00a0\u00bbTerminer la commande\u00a0\u00bb style=\u00a0\u00bbcustom\u00a0\u00bb custom_background=\u00a0\u00bb#0a0a0a\u00a0\u00bb custom_text=\u00a0\u00bb#ffffff\u00a0\u00bb shape=\u00a0\u00bbsquare\u00a0\u00bb align=\u00a0\u00bbleft\u00a0\u00bb link=\u00a0\u00bburl:%23|||\u00a0\u00bb el_class=\u00a0\u00bbbtn_left\u00a0\u00bb el_id=\u00a0\u00bbboton_finalizar_pedido\u00a0\u00bb][vc_btn title=\u00a0\u00bbContinuer \u00e0 acheter\u00a0\u00bb style=\u00a0\u00bboutline-custom\u00a0\u00bb outline_custom_color=\u00a0\u00bb#0a0a0a\u00a0\u00bb outline_custom_hover_background=\u00a0\u00bb#0a0a0a\u00a0\u00bb outline_custom_hover_text=\u00a0\u00bb#ffffff\u00a0\u00bb shape=\u00a0\u00bbsquare\u00a0\u00bb align=\u00a0\u00bbleft\u00a0\u00bb link=\u00a0\u00bburl:https%3A%2F%2Fcifreceramica.com%2Fcifre-store%2F|title:Cifre%20Store||\u00a0\u00bb][vc_column_text el_class=\u00a0\u00bbinfo_carrito_store\u00a0\u00bb]Cet e-mail est un bon de commande et ne constitue pas une confirmation d\u2019achat. Vous recevrez sous peu un formulaire officiel ou une commande avec num\u00e9ro et confirmation officielle du prix, du stock et des conditions de chargement.<br \/>\nLe stock affich\u00e9 dans cette boutique est indicatif et n\u2019est pas affich\u00e9 en temps r\u00e9el. Des variations peuvent survenir entre le moment o\u00f9 vous formalisez la demande d\u2019achat jusqu\u2019\u00e0 ce qu\u2019elle soit trait\u00e9e par l\u2019entreprise ou pr\u00e9par\u00e9e pour le chargement&#8230;<\/p>\n<p>En raison des ajustements d\u2019inventaire, le formulaire pro forma ou la commande qui vous est envoy\u00e9 peut inclure une variation de +\/- 10% sur votre demande de commande.<\/p>\n<p>Commande uniquement par palette complete.<\/p>\n<p>Commande minimum de 4 palettes pour tous les formats sauf les s\u00e9ries Brick and more<\/p>\n<p>Stock inf\u00e9rieures \u00e0 300 m2\u00a0: \u00a0obligatoire charger tout le stock disponible<\/p>\n<p>Les prix des produits sont en euros, hors TVA ou autres taxes et sont en conditions FRANCO F\u00c1BRICA CIFRE CERAMICA SL.<\/p>\n<p>Prix valables jusqu\u2019\u00e0 la fin du stock.<\/p>\n<p>Les pi\u00e8ces sp\u00e9ciales se vendent \u00e0 la boite, les commandes de pi\u00e8ces individuelles ne sont pas accept\u00e9es.[\/vc_column_text][\/vc_column_inner][\/vc_row_inner][\/vc_column][vc_column width=\u00a0\u00bb1\/6&Prime;][\/vc_column][\/vc_row]<\/p>\n","protected":false},"excerpt":{"rendered":"<p>[vc_row full_width=\u00a0\u00bbstretch_row_content\u00a0\u00bb el_class=\u00a0\u00bbbreadcrumb\u00a0\u00bb][vc_column][\/vc_column][\/vc_row][vc_row full_width=\u00a0\u00bbstretch_row\u00a0\u00bb el_class=\u00a0\u00bbcabecera_store\u00a0\u00bb][vc_column width=\u00a0\u00bb1\/3&Prime;][\/vc_column][vc_column width=\u00a0\u00bb1\/3&Prime;][vc_column_text] Cifre Store [\/vc_column_text][\/vc_column][vc_column width=\u00a0\u00bb1\/3&Prime;][\/vc_column][\/vc_row][vc_row el_class=\u00a0\u00bbcarrito_store_tabla\u00a0\u00bb][vc_column width=\u00a0\u00bb1\/6&Prime;][\/vc_column][vc_column width=\u00a0\u00bb2\/3&Prime;][vc_row_inner el_class=\u00a0\u00bbfinalizar_pedido_store\u00a0\u00bb][vc_column_inner width=\u00a0\u00bb1\/2&Prime;][\/vc_column_inner][vc_column_inner width=\u00a0\u00bb1\/2&Prime;][vc_column_text el_class=\u00a0\u00bbtotal_pedido_store\u00a0\u00bb] commande totale (TVA non incluse) \u20ac [\/vc_column_text][vc_btn title=\u00a0\u00bbTerminer la commande\u00a0\u00bb style=\u00a0\u00bbcustom\u00a0\u00bb custom_background=\u00a0\u00bb#0a0a0a\u00a0\u00bb custom_text=\u00a0\u00bb#ffffff\u00a0\u00bb shape=\u00a0\u00bbsquare\u00a0\u00bb align=\u00a0\u00bbleft\u00a0\u00bb link=\u00a0\u00bburl:%23|||\u00a0\u00bb el_class=\u00a0\u00bbbtn_left\u00a0\u00bb el_id=\u00a0\u00bbboton_finalizar_pedido\u00a0\u00bb][vc_btn title=\u00a0\u00bbContinuer \u00e0 acheter\u00a0\u00bb style=\u00a0\u00bboutline-custom\u00a0\u00bb outline_custom_color=\u00a0\u00bb#0a0a0a\u00a0\u00bb outline_custom_hover_background=\u00a0\u00bb#0a0a0a\u00a0\u00bb outline_custom_hover_text=\u00a0\u00bb#ffffff\u00a0\u00bb shape=\u00a0\u00bbsquare\u00a0\u00bb align=\u00a0\u00bbleft\u00a0\u00bb link=\u00a0\u00bburl:https%3A%2F%2Fcifreceramica.com%2Fcifre-store%2F|title:Cifre%20Store||\u00a0\u00bb][vc_column_text el_class=\u00a0\u00bbinfo_carrito_store\u00a0\u00bb]Cet e-mail est un bon de commande et ne [&hellip;]<\/p>\n","protected":false},"author":1,"featured_media":0,"parent":0,"menu_order":0,"comment_status":"closed","ping_status":"closed","template":"","meta":{"om_disable_all_campaigns":false,"footnotes":""},"class_list":["post-4248","page","type-page","status-publish","hentry"],"aioseo_notices":[],"_links":{"self":[{"href":"https:\/\/zenonsurfaces.com\/fr\/wp-json\/wp\/v2\/pages\/4248","targetHints":{"allow":["GET"]}}],"collection":[{"href":"https:\/\/zenonsurfaces.com\/fr\/wp-json\/wp\/v2\/pages"}],"about":[{"href":"https:\/\/zenonsurfaces.com\/fr\/wp-json\/wp\/v2\/types\/page"}],"author":[{"embeddable":true,"href":"https:\/\/zenonsurfaces.com\/fr\/wp-json\/wp\/v2\/users\/1"}],"replies":[{"embeddable":true,"href":"https:\/\/zenonsurfaces.com\/fr\/wp-json\/wp\/v2\/comments?post=4248"}],"version-history":[{"count":6,"href":"https:\/\/zenonsurfaces.com\/fr\/wp-json\/wp\/v2\/pages\/4248\/revisions"}],"predecessor-version":[{"id":4960,"href":"https:\/\/zenonsurfaces.com\/fr\/wp-json\/wp\/v2\/pages\/4248\/revisions\/4960"}],"wp:attachment":[{"href":"https:\/\/zenonsurfaces.com\/fr\/wp-json\/wp\/v2\/media?parent=4248"}],"curies":[{"name":"wp","href":"https:\/\/api.w.org\/{rel}","templated":true}]}}