{"id":9379,"date":"2022-07-21T12:52:51","date_gmt":"2022-07-21T10:52:51","guid":{"rendered":"https:\/\/zenonsolidsurface.atic.green\/productos-area-tecnica\/"},"modified":"2026-03-05T09:32:49","modified_gmt":"2026-03-05T08:32:49","slug":"productos-area-tecnica","status":"publish","type":"page","link":"https:\/\/zenonsurfaces.com\/fr\/productos-area-tecnica\/","title":{"rendered":"Productos \u00c1rea t\u00e9cnica"},"content":{"rendered":"<p>[vc_row full_width=\u00a0\u00bbstretch_row_content\u00a0\u00bb el_class=\u00a0\u00bbbreadcrumb\u00a0\u00bb][vc_column][\/vc_column][\/vc_row][vc_row el_class=\u00a0\u00bbtitulares_top_new\u00a0\u00bb][vc_column width=\u00a0\u00bb1\/6&Prime;][\/vc_column][vc_column width=\u00a0\u00bb2\/3&Prime;][vc_column_text]<\/p>\n<h1 style=\"text-align: center;\">Domaine technique<\/h1>\n<p>[\/vc_column_text][vc_column_text]<\/p>\n<p style=\"text-align: center;\">A space where you can get to know the recommendations of our professionals and where you can find out about the characteristics of our products and their maintenance.<\/p>\n<p>[\/vc_column_text][\/vc_column][vc_column width=\u00a0\u00bb1\/6&Prime;][\/vc_column][\/vc_row][vc_row el_class=\u00a0\u00bbtitulares_top_new\u00a0\u00bb][vc_column width=\u00a0\u00bb1\/6&Prime;][\/vc_column][vc_column width=\u00a0\u00bb2\/3&Prime;][vc_column_text css=\u00a0\u00bb.vc_custom_1742898667884{margin-bottom: 20px !important;}\u00a0\u00bb]<\/p>\n<h1 style=\"text-align: center;\">SPC Information<\/h1>\n<p>[\/vc_column_text][\/vc_column][vc_column width=\u00a0\u00bb1\/6&Prime;][\/vc_column][\/vc_row][vc_row el_class=\u00a0\u00bbdescarga_certificados_page\u00a0\u00bb][vc_column width=\u00a0\u00bb1\/3&Prime; css=\u00a0\u00bb.vc_custom_1565779469805{padding-top: 0px !important;}\u00a0\u00bb][vc_btn title=\u00a0\u00bbAccessoires et pi\u00e8ces sp\u00e9ciales (Anglais)\u00a0\u00bb style=\u00a0\u00bboutline-custom\u00a0\u00bb outline_custom_color=\u00a0\u00bb#0a0a0a\u00a0\u00bb outline_custom_hover_background=\u00a0\u00bb#0a0a0a\u00a0\u00bb outline_custom_hover_text=\u00a0\u00bb#ffffff\u00a0\u00bb shape=\u00a0\u00bbsquare\u00a0\u00bb size=\u00a0\u00bbsm\u00a0\u00bb align=\u00a0\u00bbcenter\u00a0\u00bb el_class=\u00a0\u00bbboton_descarga_certificado\u00a0\u00bb link=\u00a0\u00bburl:https%3A%2F%2Fzenonsurfaces.com%2Fwp-content%2Fuploads%2F2026%2F01%2FACCESORIOS-Y-PIEZAS-SPECIALES_SPC_FLOOR.pdf|title:Instalaci%C3%B3n%20de%20platos%20de%20ducha|target:_blank\u00a0\u00bb][\/vc_column][vc_column width=\u00a0\u00bb1\/3&Prime;][\/vc_column][vc_column width=\u00a0\u00bb1\/3&Prime;][\/vc_column][\/vc_row][vc_row el_class=\u00a0\u00bbtitulares_top_new\u00a0\u00bb][vc_column width=\u00a0\u00bb1\/6&Prime;][\/vc_column][vc_column width=\u00a0\u00bb2\/3&Prime;][vc_column_text css=\u00a0\u00bb.vc_custom_1698221322479{margin-bottom: 20px !important;}\u00a0\u00bb]<\/p>\n<h1 style=\"text-align: center;\">Vid\u00e9os<\/h1>\n<p>[\/vc_column_text][\/vc_column][vc_column width=\u00a0\u00bb1\/6&Prime;][\/vc_column][\/vc_row][vc_row el_class=\u00a0\u00bbdescarga_certificados_page\u00a0\u00bb][vc_column width=\u00a0\u00bb1\/3&Prime; css=\u00a0\u00bb.vc_custom_1565779469805{padding-top: 0px !important;}\u00a0\u00bb][vc_btn title=\u00a0\u00bbVoir les vid\u00e9os d&rsquo;installation de receveurs de douche\u00a0\u00bb style=\u00a0\u00bboutline-custom\u00a0\u00bb outline_custom_color=\u00a0\u00bb#0a0a0a\u00a0\u00bb outline_custom_hover_background=\u00a0\u00bb#0a0a0a\u00a0\u00bb outline_custom_hover_text=\u00a0\u00bb#ffffff\u00a0\u00bb shape=\u00a0\u00bbsquare\u00a0\u00bb size=\u00a0\u00bbsm\u00a0\u00bb align=\u00a0\u00bbcenter\u00a0\u00bb el_class=\u00a0\u00bbboton_descarga_certificado\u00a0\u00bb link=\u00a0\u00bburl:https%3A%2F%2Fvimeo.com%2F681826632|title:Instalaci%C3%B3n%20de%20platos%20de%20ducha|target:_blank\u00a0\u00bb][\/vc_column][vc_column width=\u00a0\u00bb1\/3&Prime;][vc_btn title=\u00a0\u00bbVoir la vid\u00e9o de l&rsquo;installation des panneaux de Muraux SPC\u00a0\u00bb style=\u00a0\u00bboutline-custom\u00a0\u00bb outline_custom_color=\u00a0\u00bb#0a0a0a\u00a0\u00bb outline_custom_hover_background=\u00a0\u00bb#0a0a0a\u00a0\u00bb outline_custom_hover_text=\u00a0\u00bb#ffffff\u00a0\u00bb shape=\u00a0\u00bbsquare\u00a0\u00bb size=\u00a0\u00bbsm\u00a0\u00bb align=\u00a0\u00bbcenter\u00a0\u00bb el_class=\u00a0\u00bbboton_descarga_certificado\u00a0\u00bb link=\u00a0\u00bburl:https%3A%2F%2Fvimeo.com%2F949132379%3Fshare%3Dcopy|title:Installation%20des%20panneaux%20Create|target:_blank\u00a0\u00bb][\/vc_column][vc_column width=\u00a0\u00bb1\/3&Prime;][vc_btn title=\u00a0\u00bbVoir la vid\u00e9o de r\u00e9paration du bac \u00e0 douche Gel Coat.\u00a0\u00bb style=\u00a0\u00bboutline-custom\u00a0\u00bb outline_custom_color=\u00a0\u00bb#0a0a0a\u00a0\u00bb outline_custom_hover_background=\u00a0\u00bb#0a0a0a\u00a0\u00bb outline_custom_hover_text=\u00a0\u00bb#ffffff\u00a0\u00bb shape=\u00a0\u00bbsquare\u00a0\u00bb size=\u00a0\u00bbsm\u00a0\u00bb align=\u00a0\u00bbcenter\u00a0\u00bb el_class=\u00a0\u00bbboton_descarga_certificado\u00a0\u00bb link=\u00a0\u00bburl:https%3A%2F%2Fvimeo.com%2F1019398647%3Fshare%3Dcopy%23t%3D0|title:Regardez%20la%20vid%C3%A9o%20de%20r%C3%A9paration%20du%20bac%20%C3%A0%20douche%20Gel%20Coat.|target:_blank\u00a0\u00bb][\/vc_column][\/vc_row][vc_row el_class=\u00a0\u00bbdescarga_certificados_page\u00a0\u00bb][vc_column width=\u00a0\u00bb1\/3&Prime; css=\u00a0\u00bb.vc_custom_1565779469805{padding-top: 0px !important;}\u00a0\u00bb][vc_btn title=\u00a0\u00bbVoir la vid\u00e9o Installation Rev\u00eatements SPC 60&#215;120&Prime; style=\u00a0\u00bboutline-custom\u00a0\u00bb outline_custom_color=\u00a0\u00bb#0a0a0a\u00a0\u00bb outline_custom_hover_background=\u00a0\u00bb#0a0a0a\u00a0\u00bb outline_custom_hover_text=\u00a0\u00bb#ffffff\u00a0\u00bb shape=\u00a0\u00bbsquare\u00a0\u00bb size=\u00a0\u00bbsm\u00a0\u00bb align=\u00a0\u00bbcenter\u00a0\u00bb el_class=\u00a0\u00bbboton_descarga_certificado\u00a0\u00bb link=\u00a0\u00bburl:https%3A%2F%2Fvimeo.com%2F1163583385|title:Voir%20la%20vid%C3%A9o%20Installation%20de%20rev%C3%AAtements%20SPC%2060&#215;120|target:_blank\u00a0\u00bb][\/vc_column][vc_column width=\u00a0\u00bb1\/3&Prime;][vc_btn title=\u00a0\u00bbVoir la vid\u00e9o Installation Rev\u00eatements SPC 120&#215;260&Prime; style=\u00a0\u00bboutline-custom\u00a0\u00bb outline_custom_color=\u00a0\u00bb#0a0a0a\u00a0\u00bb outline_custom_hover_background=\u00a0\u00bb#0a0a0a\u00a0\u00bb outline_custom_hover_text=\u00a0\u00bb#ffffff\u00a0\u00bb shape=\u00a0\u00bbsquare\u00a0\u00bb size=\u00a0\u00bbsm\u00a0\u00bb align=\u00a0\u00bbcenter\u00a0\u00bb el_class=\u00a0\u00bbboton_descarga_certificado\u00a0\u00bb link=\u00a0\u00bburl:https%3A%2F%2Fvimeo.com%2F1163583863|title:Voir%20la%20vid%C3%A9o%20Installation%20de%20rev%C3%AAtements%20SPC%20120&#215;260|target:_blank\u00a0\u00bb][\/vc_column][vc_column width=\u00a0\u00bb1\/3&Prime;][vc_btn title=\u00a0\u00bbVoir la vid\u00e9o Installation Marches SPC\u00a0\u00bb style=\u00a0\u00bboutline-custom\u00a0\u00bb outline_custom_color=\u00a0\u00bb#0a0a0a\u00a0\u00bb outline_custom_hover_background=\u00a0\u00bb#0a0a0a\u00a0\u00bb outline_custom_hover_text=\u00a0\u00bb#ffffff\u00a0\u00bb shape=\u00a0\u00bbsquare\u00a0\u00bb size=\u00a0\u00bbsm\u00a0\u00bb align=\u00a0\u00bbcenter\u00a0\u00bb el_class=\u00a0\u00bbboton_descarga_certificado\u00a0\u00bb link=\u00a0\u00bburl:https%3A%2F%2Fvimeo.com%2F1164623496|title:Voir%20la%20vid%C3%A9o%20Installation%20de%20marches%20SPC|target:_blank\u00a0\u00bb][\/vc_column][\/vc_row][vc_row el_class=\u00a0\u00bbdescarga_certificados_page\u00a0\u00bb][vc_column width=\u00a0\u00bb1\/3&Prime; css=\u00a0\u00bb.vc_custom_1565779469805{padding-top: 0px !important;}\u00a0\u00bb][vc_btn title=\u00a0\u00bbVoir la vid\u00e9o Installation de sols \u00e0 chevrons (Herringbone)\u00a0\u00bb style=\u00a0\u00bboutline-custom\u00a0\u00bb outline_custom_color=\u00a0\u00bb#0a0a0a\u00a0\u00bb outline_custom_hover_background=\u00a0\u00bb#0a0a0a\u00a0\u00bb outline_custom_hover_text=\u00a0\u00bb#ffffff\u00a0\u00bb shape=\u00a0\u00bbsquare\u00a0\u00bb size=\u00a0\u00bbsm\u00a0\u00bb align=\u00a0\u00bbcenter\u00a0\u00bb el_class=\u00a0\u00bbboton_descarga_certificado\u00a0\u00bb link=\u00a0\u00bburl:https%3A%2F%2Fvimeo.com%2F1163582090|title:Voir%20la%20vid%C3%A9o%20Installation%20de%20sols%20%C3%A0%20chevrons|target:_blank\u00a0\u00bb][\/vc_column][vc_column width=\u00a0\u00bb1\/3&Prime;][vc_btn title=\u00a0\u00bbVoir la vid\u00e9o de l&rsquo;installation des panneaux de Muraux SPC\u00a0\u00bb style=\u00a0\u00bboutline-custom\u00a0\u00bb outline_custom_color=\u00a0\u00bb#0a0a0a\u00a0\u00bb outline_custom_hover_background=\u00a0\u00bb#0a0a0a\u00a0\u00bb outline_custom_hover_text=\u00a0\u00bb#ffffff\u00a0\u00bb shape=\u00a0\u00bbsquare\u00a0\u00bb size=\u00a0\u00bbsm\u00a0\u00bb align=\u00a0\u00bbcenter\u00a0\u00bb el_class=\u00a0\u00bbboton_descarga_certificado\u00a0\u00bb link=\u00a0\u00bburl:https%3A%2F%2Fvimeo.com%2F949132379%3Fshare%3Dcopy|title:Installation%20des%20panneaux%20Create|target:_blank\u00a0\u00bb][\/vc_column][vc_column width=\u00a0\u00bb1\/3&Prime;][\/vc_column][\/vc_row][vc_row el_class=\u00a0\u00bbtitulares_top_new\u00a0\u00bb][vc_column width=\u00a0\u00bb1\/6&Prime;][\/vc_column][vc_column width=\u00a0\u00bb2\/3&Prime;][vc_column_text css=\u00a0\u00bb.vc_custom_1698221340504{margin-bottom: 20px !important;}\u00a0\u00bb]<\/p>\n<h1 style=\"text-align: center;\">Manuels<\/h1>\n<p>[\/vc_column_text][\/vc_column][vc_column width=\u00a0\u00bb1\/6&Prime;][\/vc_column][\/vc_row][vc_row el_class=\u00a0\u00bbdescarga_certificados_page\u00a0\u00bb][vc_column width=\u00a0\u00bb1\/3&Prime; css=\u00a0\u00bb.vc_custom_1565779469805{padding-top: 0px !important;}\u00a0\u00bb][vc_btn title=\u00a0\u00bbManuel d\u00b4installation du plan vasque\u00a0\u00bb style=\u00a0\u00bboutline-custom\u00a0\u00bb outline_custom_color=\u00a0\u00bb#0a0a0a\u00a0\u00bb outline_custom_hover_background=\u00a0\u00bb#0a0a0a\u00a0\u00bb outline_custom_hover_text=\u00a0\u00bb#ffffff\u00a0\u00bb shape=\u00a0\u00bbsquare\u00a0\u00bb size=\u00a0\u00bbsm\u00a0\u00bb align=\u00a0\u00bbcenter\u00a0\u00bb el_class=\u00a0\u00bbboton_descarga_certificado\u00a0\u00bb link=\u00a0\u00bburl:https%3A%2F%2Fzenonsolidsurface.com%2Fwp-content%2Fuploads%2F2023%2F10%2FMANUAL-DE-INSTALACIONES-ENCIMERAS-ZENON-V1-2023-P.pdf|title:Installation%20des%20panneaux%20Create|target:_blank\u00a0\u00bb][\/vc_column][vc_column width=\u00a0\u00bb1\/3&Prime;][vc_btn title=\u00a0\u00bbManuel d\u00b4installation du receveur de douche\u00a0\u00bb style=\u00a0\u00bboutline-custom\u00a0\u00bb outline_custom_color=\u00a0\u00bb#0a0a0a\u00a0\u00bb outline_custom_hover_background=\u00a0\u00bb#0a0a0a\u00a0\u00bb outline_custom_hover_text=\u00a0\u00bb#ffffff\u00a0\u00bb shape=\u00a0\u00bbsquare\u00a0\u00bb size=\u00a0\u00bbsm\u00a0\u00bb align=\u00a0\u00bbcenter\u00a0\u00bb el_class=\u00a0\u00bbboton_descarga_certificado\u00a0\u00bb link=\u00a0\u00bburl:https%3A%2F%2Fzenonsolidsurface.com%2Fwp-content%2Fuploads%2F2023%2F10%2FMANUAL-DE-INSTALACIONES-PLATOS-DUCHA-ZENON-V1-2023.pdf|title:Instalaci%C3%B3n%20de%20platos%20de%20ducha|target:_blank\u00a0\u00bb][\/vc_column][vc_column width=\u00a0\u00bb1\/3&Prime;][vc_btn title=\u00a0\u00bbManuel d\u00b4installation du receveur de douche Fiji et Nassau\u00a0\u00bb style=\u00a0\u00bboutline-custom\u00a0\u00bb outline_custom_color=\u00a0\u00bb#0a0a0a\u00a0\u00bb outline_custom_hover_background=\u00a0\u00bb#0a0a0a\u00a0\u00bb outline_custom_hover_text=\u00a0\u00bb#ffffff\u00a0\u00bb shape=\u00a0\u00bbsquare\u00a0\u00bb size=\u00a0\u00bbsm\u00a0\u00bb align=\u00a0\u00bbcenter\u00a0\u00bb el_class=\u00a0\u00bbboton_descarga_certificado\u00a0\u00bb link=\u00a0\u00bburl:https%3A%2F%2Fzenonsolidsurface.com%2Fwp-content%2Fuploads%2F2024%2F06%2FINSTALACION-PLATOS-DUCHA-FIJI-NASSAU-ZENON.pdf|title:Instalaci%C3%B3n%20de%20platos%20de%20ducha|target:_blank\u00a0\u00bb][\/vc_column][\/vc_row][vc_row el_class=\u00a0\u00bbdescarga_certificados_page\u00a0\u00bb][vc_column width=\u00a0\u00bb1\/3&Prime; css=\u00a0\u00bb.vc_custom_1565779469805{padding-top: 0px !important;}\u00a0\u00bb][vc_btn title=\u00a0\u00bbManuel d&rsquo;installation de la baignoire\u00a0\u00bb style=\u00a0\u00bboutline-custom\u00a0\u00bb outline_custom_color=\u00a0\u00bb#0a0a0a\u00a0\u00bb outline_custom_hover_background=\u00a0\u00bb#0a0a0a\u00a0\u00bb outline_custom_hover_text=\u00a0\u00bb#ffffff\u00a0\u00bb shape=\u00a0\u00bbsquare\u00a0\u00bb size=\u00a0\u00bbsm\u00a0\u00bb align=\u00a0\u00bbcenter\u00a0\u00bb el_class=\u00a0\u00bbboton_descarga_certificado\u00a0\u00bb link=\u00a0\u00bburl:https%3A%2F%2Fzenonsolidsurface.com%2Fwp-content%2Fuploads%2F2024%2F06%2FMANUAL-DE-INSTALACION-BANERAS-ZENON-V1-2023.pdf|target:_blank\u00a0\u00bb][\/vc_column][vc_column width=\u00a0\u00bb1\/3&Prime;][vc_btn title=\u00a0\u00bbManuel d\u00b4installation des Panneaux Muraux SPC\u00a0\u00bb style=\u00a0\u00bboutline-custom\u00a0\u00bb outline_custom_color=\u00a0\u00bb#0a0a0a\u00a0\u00bb outline_custom_hover_background=\u00a0\u00bb#0a0a0a\u00a0\u00bb outline_custom_hover_text=\u00a0\u00bb#ffffff\u00a0\u00bb shape=\u00a0\u00bbsquare\u00a0\u00bb size=\u00a0\u00bbsm\u00a0\u00bb align=\u00a0\u00bbcenter\u00a0\u00bb el_class=\u00a0\u00bbboton_descarga_certificado\u00a0\u00bb link=\u00a0\u00bburl:https%3A%2F%2Fzenonsolidsurface.com%2Fwp-content%2Fuploads%2F2024%2F10%2FMANUAL-DE-INSTALACIONES-PANELES-SPC-ZENON-V1-2024.pdf|target:_blank\u00a0\u00bb][\/vc_column][vc_column width=\u00a0\u00bb1\/3&Prime;][vc_btn title=\u00a0\u00bbGuide d&rsquo;installation des rev\u00eatements de sol SPC\u00a0\u00bb style=\u00a0\u00bboutline-custom\u00a0\u00bb outline_custom_color=\u00a0\u00bb#0a0a0a\u00a0\u00bb outline_custom_hover_background=\u00a0\u00bb#0a0a0a\u00a0\u00bb outline_custom_hover_text=\u00a0\u00bb#ffffff\u00a0\u00bb shape=\u00a0\u00bbsquare\u00a0\u00bb size=\u00a0\u00bbsm\u00a0\u00bb align=\u00a0\u00bbcenter\u00a0\u00bb el_class=\u00a0\u00bbboton_descarga_certificado\u00a0\u00bb link=\u00a0\u00bburl:https%3A%2F%2Fzenonsurfaces.com%2Fwp-content%2Fuploads%2F2025%2F06%2FGUIDE-INSTALLATION-SPC-FLOOR-COLLECTION-ZENON-V1-2024.pdf|target:_blank\u00a0\u00bb][\/vc_column][\/vc_row][vc_row el_class=\u00a0\u00bbdescarga_certificados_page\u00a0\u00bb][vc_column width=\u00a0\u00bb1\/3&Prime; css=\u00a0\u00bb.vc_custom_1565779469805{padding-top: 0px !important;}\u00a0\u00bb][vc_btn title=\u00a0\u00bbVoir la vid\u00e9o Installation Sols en Cheville (Herringbone)\u00a0\u00bb style=\u00a0\u00bboutline-custom\u00a0\u00bb outline_custom_color=\u00a0\u00bb#0a0a0a\u00a0\u00bb outline_custom_hover_background=\u00a0\u00bb#0a0a0a\u00a0\u00bb outline_custom_hover_text=\u00a0\u00bb#ffffff\u00a0\u00bb shape=\u00a0\u00bbsquare\u00a0\u00bb size=\u00a0\u00bbsm\u00a0\u00bb align=\u00a0\u00bbcenter\u00a0\u00bb el_class=\u00a0\u00bbboton_descarga_certificado\u00a0\u00bb link=\u00a0\u00bburl:https%3A%2F%2Fvimeo.com%2F1163582090|target:_blank\u00a0\u00bb][\/vc_column][vc_column width=\u00a0\u00bb1\/3&Prime;][vc_btn title=\u00a0\u00bbVoir la vid\u00e9o Installation Sols SPC\u00a0\u00bb style=\u00a0\u00bboutline-custom\u00a0\u00bb outline_custom_color=\u00a0\u00bb#0a0a0a\u00a0\u00bb outline_custom_hover_background=\u00a0\u00bb#0a0a0a\u00a0\u00bb outline_custom_hover_text=\u00a0\u00bb#ffffff\u00a0\u00bb shape=\u00a0\u00bbsquare\u00a0\u00bb size=\u00a0\u00bbsm\u00a0\u00bb align=\u00a0\u00bbcenter\u00a0\u00bb el_class=\u00a0\u00bbboton_descarga_certificado\u00a0\u00bb link=\u00a0\u00bburl:https%3A%2F%2Fvimeo.com%2F1163582678|title:Voir%20la%20vid%C3%A9o%20Installation%20de%20sols%20SPC|target:_blank\u00a0\u00bb][\/vc_column][vc_column width=\u00a0\u00bb1\/3&Prime;][\/vc_column][\/vc_row][vc_row el_class=\u00a0\u00bbtitulares_top_new\u00a0\u00bb][vc_column width=\u00a0\u00bb1\/6&Prime;][\/vc_column][vc_column width=\u00a0\u00bb2\/3&Prime;][vc_column_text css=\u00a0\u00bb.vc_custom_1698221350848{margin-bottom: 20px !important;}\u00a0\u00bb]<\/p>\n<h1 style=\"text-align: center;\">Certifications et informations techniques<\/h1>\n<p>[\/vc_column_text][\/vc_column][vc_column width=\u00a0\u00bb1\/6&Prime;][\/vc_column][\/vc_row][vc_row el_class=\u00a0\u00bbdescarga_certificados_page\u00a0\u00bb][vc_column width=\u00a0\u00bb1\/3&Prime; css=\u00a0\u00bb.vc_custom_1565779469805{padding-top: 0px !important;}\u00a0\u00bb][vc_btn title=\u00a0\u00bbCertifications\u00a0\u00bb style=\u00a0\u00bboutline-custom\u00a0\u00bb outline_custom_color=\u00a0\u00bb#0a0a0a\u00a0\u00bb outline_custom_hover_background=\u00a0\u00bb#0a0a0a\u00a0\u00bb outline_custom_hover_text=\u00a0\u00bb#ffffff\u00a0\u00bb shape=\u00a0\u00bbsquare\u00a0\u00bb size=\u00a0\u00bbsm\u00a0\u00bb align=\u00a0\u00bbcenter\u00a0\u00bb el_class=\u00a0\u00bbboton_descarga_certificado\u00a0\u00bb link=\u00a0\u00bburl:https%3A%2F%2Fzenonsolidsurface.com%2Fwp-content%2Fuploads%2F2022%2F09%2FCERTIFICACIONES_2022-ZENON.pdf|target:_blank\u00a0\u00bb][\/vc_column][vc_column width=\u00a0\u00bb1\/3&Prime;][vc_btn title=\u00a0\u00bbInformations techniques sur le Zenon\u00a0\u00bb style=\u00a0\u00bboutline-custom\u00a0\u00bb outline_custom_color=\u00a0\u00bb#0a0a0a\u00a0\u00bb outline_custom_hover_background=\u00a0\u00bb#0a0a0a\u00a0\u00bb outline_custom_hover_text=\u00a0\u00bb#ffffff\u00a0\u00bb shape=\u00a0\u00bbsquare\u00a0\u00bb size=\u00a0\u00bbsm\u00a0\u00bb align=\u00a0\u00bbcenter\u00a0\u00bb el_class=\u00a0\u00bbboton_descarga_certificado\u00a0\u00bb link=\u00a0\u00bburl:https%3A%2F%2Fzenonsolidsurface.com%2Fwp-content%2Fuploads%2F2022%2F09%2FINFORMACION-TECNICA_2022-ZENON.pdf|target:_blank\u00a0\u00bb][\/vc_column][vc_column width=\u00a0\u00bb1\/3&Prime;][vc_btn title=\u00a0\u00bbEntretien et nettoyage\u00a0\u00bb style=\u00a0\u00bboutline-custom\u00a0\u00bb outline_custom_color=\u00a0\u00bb#0a0a0a\u00a0\u00bb outline_custom_hover_background=\u00a0\u00bb#0a0a0a\u00a0\u00bb outline_custom_hover_text=\u00a0\u00bb#ffffff\u00a0\u00bb shape=\u00a0\u00bbsquare\u00a0\u00bb size=\u00a0\u00bbsm\u00a0\u00bb align=\u00a0\u00bbcenter\u00a0\u00bb el_class=\u00a0\u00bbboton_descarga_certificado\u00a0\u00bb link=\u00a0\u00bburl:https%3A%2F%2Fzenonsurfaces.com%2Fwp-content%2Fuploads%2F2025%2F05%2FLIMPIEZA_ZENON.pdf|target:_blank\u00a0\u00bb][\/vc_column][\/vc_row][vc_row el_class=\u00a0\u00bbdescarga_certificados_page\u00a0\u00bb][vc_column width=\u00a0\u00bb1\/3&Prime; css=\u00a0\u00bb.vc_custom_1565779469805{padding-top: 0px !important;}\u00a0\u00bb][\/vc_column][vc_column width=\u00a0\u00bb1\/3&Prime;][vc_btn title=\u00a0\u00bb2025 D\u00e9claration de Prestations (anglais)\u00a0\u00bb style=\u00a0\u00bboutline-custom\u00a0\u00bb outline_custom_color=\u00a0\u00bb#0a0a0a\u00a0\u00bb outline_custom_hover_background=\u00a0\u00bb#0a0a0a\u00a0\u00bb outline_custom_hover_text=\u00a0\u00bb#ffffff\u00a0\u00bb shape=\u00a0\u00bbsquare\u00a0\u00bb size=\u00a0\u00bbsm\u00a0\u00bb align=\u00a0\u00bbcenter\u00a0\u00bb el_class=\u00a0\u00bbboton_descarga_certificado\u00a0\u00bb link=\u00a0\u00bburl:https%3A%2F%2Fzenonsolidsurface.com%2Fwp-content%2Fuploads%2F2025%2F02%2FZENON-DECLARACION-DE-PRESTACIONES-INGLES.pdf|target:_blank\u00a0\u00bb][\/vc_column][vc_column width=\u00a0\u00bb1\/3&Prime;][\/vc_column][\/vc_row]<\/p>\n","protected":false},"excerpt":{"rendered":"<p>[vc_row full_width=\u00a0\u00bbstretch_row_content\u00a0\u00bb el_class=\u00a0\u00bbbreadcrumb\u00a0\u00bb][vc_column][\/vc_column][\/vc_row][vc_row el_class=\u00a0\u00bbtitulares_top_new\u00a0\u00bb][vc_column width=\u00a0\u00bb1\/6&Prime;][\/vc_column][vc_column width=\u00a0\u00bb2\/3&Prime;][vc_column_text] Domaine technique [\/vc_column_text][vc_column_text] A space where you can get to know the recommendations of our professionals and where you can find out about the characteristics of our products and their maintenance. [\/vc_column_text][\/vc_column][vc_column width=\u00a0\u00bb1\/6&Prime;][\/vc_column][\/vc_row][vc_row el_class=\u00a0\u00bbtitulares_top_new\u00a0\u00bb][vc_column width=\u00a0\u00bb1\/6&Prime;][\/vc_column][vc_column width=\u00a0\u00bb2\/3&Prime;][vc_column_text css=\u00a0\u00bb.vc_custom_1742898667884{margin-bottom: 20px !important;}\u00a0\u00bb] SPC Information [\/vc_column_text][\/vc_column][vc_column width=\u00a0\u00bb1\/6&Prime;][\/vc_column][\/vc_row][vc_row el_class=\u00a0\u00bbdescarga_certificados_page\u00a0\u00bb][vc_column width=\u00a0\u00bb1\/3&Prime; css=\u00a0\u00bb.vc_custom_1565779469805{padding-top: 0px !important;}\u00a0\u00bb][vc_btn title=\u00a0\u00bbAccessoires [&hellip;]<\/p>\n","protected":false},"author":1,"featured_media":0,"parent":0,"menu_order":0,"comment_status":"closed","ping_status":"closed","template":"","meta":{"om_disable_all_campaigns":false,"footnotes":""},"class_list":["post-9379","page","type-page","status-publish","hentry"],"aioseo_notices":[],"_links":{"self":[{"href":"https:\/\/zenonsurfaces.com\/fr\/wp-json\/wp\/v2\/pages\/9379","targetHints":{"allow":["GET"]}}],"collection":[{"href":"https:\/\/zenonsurfaces.com\/fr\/wp-json\/wp\/v2\/pages"}],"about":[{"href":"https:\/\/zenonsurfaces.com\/fr\/wp-json\/wp\/v2\/types\/page"}],"author":[{"embeddable":true,"href":"https:\/\/zenonsurfaces.com\/fr\/wp-json\/wp\/v2\/users\/1"}],"replies":[{"embeddable":true,"href":"https:\/\/zenonsurfaces.com\/fr\/wp-json\/wp\/v2\/comments?post=9379"}],"version-history":[{"count":34,"href":"https:\/\/zenonsurfaces.com\/fr\/wp-json\/wp\/v2\/pages\/9379\/revisions"}],"predecessor-version":[{"id":11793,"href":"https:\/\/zenonsurfaces.com\/fr\/wp-json\/wp\/v2\/pages\/9379\/revisions\/11793"}],"wp:attachment":[{"href":"https:\/\/zenonsurfaces.com\/fr\/wp-json\/wp\/v2\/media?parent=9379"}],"curies":[{"name":"wp","href":"https:\/\/api.w.org\/{rel}","templated":true}]}}